{"id":748,"date":"2016-03-10T18:52:12","date_gmt":"2016-03-10T18:52:12","guid":{"rendered":"https:\/\/default.houzez.co\/?page_id=748"},"modified":"2024-01-22T17:55:11","modified_gmt":"2024-01-22T14:55:11","slug":"privacy","status":"publish","type":"page","link":"https:\/\/gocekrentals.com\/tr\/gizlilik-politikasi\/","title":{"rendered":"Gizlilik Politikas\u0131"},"content":{"rendered":"<p><strong>Gizlilik Politikas\u0131<\/strong><\/p>\n<p>Bu gizlilik politikas\u0131, G\u00f6cek Rentals taraf\u0131ndan i\u015fletilen villa kiralama web sitesinin kullan\u0131c\u0131lar\u0131n\u0131n ki\u015fisel bilgilerinin toplanmas\u0131, kullan\u0131m\u0131 ve payla\u015f\u0131m\u0131 hakk\u0131nda bilgi vermektedir. Bu gizlilik politikas\u0131 sadece bu web sitesi i\u00e7in ge\u00e7erlidir ve di\u011fer web sitelerine veya hizmetlere ili\u015fkin politikalar\u0131m\u0131z\u0131 kapsamaz.<\/p>\n<p><strong>Ki\u015fisel Bilgi Toplama<\/strong><\/p>\n<p>Bu web sitesini ziyaret etti\u011finizde, baz\u0131 ki\u015fisel bilgileri toplayabiliriz. Bu bilgiler, ad\u0131n\u0131z, e-posta adresiniz, posta adresiniz, telefon numaran\u0131z, seyahat planlar\u0131n\u0131z gibi sizinle do\u011frudan ili\u015fkili olabilecek bilgileri i\u00e7erebilir. Bu bilgileri, sizinle ileti\u015fim kurmak, rezervasyonlar\u0131n\u0131z\u0131 i\u015flemek veya web sitemizi geli\u015ftirmek i\u00e7in kullanabiliriz.<\/p>\n<p>Ayr\u0131ca, web sitemizi ziyaret etti\u011finizde, taray\u0131c\u0131n\u0131z\u0131n otomatik olarak sa\u011flad\u0131\u011f\u0131 baz\u0131 bilgileri de toplayabiliriz. Bu bilgiler, IP adresiniz, taray\u0131c\u0131 t\u00fcr\u00fcn\u00fcz, ziyaret etti\u011finiz sayfalar\u0131n URL'si, rezervasyon tarihleri ve di\u011fer benzer bilgileri i\u00e7erebilir.<\/p>\n<p><strong>\u00c7erezler<\/strong><\/p>\n<p>Bu web sitesi, deneyiminizi geli\u015ftirmek i\u00e7in \u00e7erezler kullanabilir. \u00c7erezler, ziyaret etti\u011finiz web sitelerindeki bilgileri hat\u0131rlayan k\u00fc\u00e7\u00fck dosyalard\u0131r. Bu web sitesinde kullan\u0131lan \u00e7erezler, tercihlerinizi hat\u0131rlamak, reklamlar\u0131 ki\u015fiselle\u015ftirmek veya web sitemizi geli\u015ftirmek gibi ama\u00e7lar i\u00e7in kullan\u0131labilir.<\/p>\n<p><strong>Ki\u015fisel Bilgi Payla\u015f\u0131m\u0131<\/strong><\/p>\n<p>Ki\u015fisel bilgilerinizi yaln\u0131zca i\u015fimiz gerektirdi\u011fi durumlarda payla\u015faca\u011f\u0131z. Bu, \u00f6rne\u011fin, rezervasyonunuzu i\u015flemek i\u00e7in villa sahipleriyle veya kiralama \u015firketleriyle payla\u015fabilece\u011fimiz anlam\u0131na gelebilir. Ayr\u0131ca, yasal zorunluluklar alt\u0131nda, ki\u015fisel bilgilerinizi yetkili makamlarla payla\u015fabiliriz.<\/p>\n<p><strong>G\u00fcvenlik<\/strong><\/p>\n<p>Ki\u015fisel bilgilerinizin g\u00fcvenli\u011fi bizim i\u00e7in \u00f6nemlidir. Bu nedenle, uygun teknik ve organizasyonel g\u00fcvenlik \u00f6nlemlerini al\u0131r\u0131z.<\/p>","protected":false},"excerpt":{"rendered":"<p>Privacy Policy This privacy policy is intended to inform users of the villa rental website operated by Gocek Rentals about the collection, use, and sharing of their personal information. This privacy policy applies only to this website and does not cover our policies for other websites or services. Personal Information Collection When you visit this [&hellip;]<\/p>","protected":false},"author":2,"featured_media":0,"parent":0,"menu_order":0,"comment_status":"closed","ping_status":"closed","template":"template\/template-page.php","meta":{"footnotes":""},"class_list":["post-748","page","type-page","status-publish","hentry"],"aioseo_notices":[],"_links":{"self":[{"href":"https:\/\/gocekrentals.com\/tr\/wp-json\/wp\/v2\/pages\/748","targetHints":{"allow":["GET"]}}],"collection":[{"href":"https:\/\/gocekrentals.com\/tr\/wp-json\/wp\/v2\/pages"}],"about":[{"href":"https:\/\/gocekrentals.com\/tr\/wp-json\/wp\/v2\/types\/page"}],"author":[{"embeddable":true,"href":"https:\/\/gocekrentals.com\/tr\/wp-json\/wp\/v2\/users\/2"}],"replies":[{"embeddable":true,"href":"https:\/\/gocekrentals.com\/tr\/wp-json\/wp\/v2\/comments?post=748"}],"version-history":[{"count":0,"href":"https:\/\/gocekrentals.com\/tr\/wp-json\/wp\/v2\/pages\/748\/revisions"}],"wp:attachment":[{"href":"https:\/\/gocekrentals.com\/tr\/wp-json\/wp\/v2\/media?parent=748"}],"curies":[{"name":"wp","href":"https:\/\/api.w.org\/{rel}","templated":true}]}}