{"id":23700,"date":"2024-05-16T00:14:41","date_gmt":"2024-05-15T21:14:41","guid":{"rendered":"https:\/\/gocekrentals.com\/?page_id=23700"},"modified":"2024-09-04T13:31:03","modified_gmt":"2024-09-04T10:31:03","slug":"commercial-area","status":"publish","type":"page","link":"https:\/\/gocekrentals.com\/tr\/ticari-alan\/","title":{"rendered":"Ticari Alan"},"content":{"rendered":"<div data-elementor-type=\"wp-page\" data-elementor-id=\"23700\" class=\"elementor elementor-23700\">\n\t\t\t\t\t\t<section class=\"elementor-section elementor-top-section elementor-element elementor-element-459a00b elementor-section-content-middle elementor-section-boxed elementor-section-height-default elementor-section-height-default\" data-id=\"459a00b\" data-element_type=\"section\">\n\t\t\t\t\t\t<div class=\"elementor-container elementor-column-gap-no\">\n\t\t\t\t\t<div class=\"elementor-column elementor-col-100 elementor-top-column elementor-element elementor-element-3949648\" data-id=\"3949648\" data-element_type=\"column\">\n\t\t\t<div class=\"elementor-widget-wrap elementor-element-populated\">\n\t\t\t\t\t\t<section class=\"elementor-section elementor-inner-section elementor-element elementor-element-370cfc0 elementor-section-boxed elementor-section-height-default elementor-section-height-default\" data-id=\"370cfc0\" data-element_type=\"section\">\n\t\t\t\t\t\t<div class=\"elementor-container elementor-column-gap-default\">\n\t\t\t\t\t<div class=\"elementor-column elementor-col-50 elementor-inner-column elementor-element elementor-element-95208b4\" data-id=\"95208b4\" data-element_type=\"column\">\n\t\t\t<div class=\"elementor-widget-wrap\">\n\t\t\t\t\t\t\t<\/div>\n\t\t<\/div>\n\t\t\t\t<div class=\"elementor-column elementor-col-50 elementor-inner-column elementor-element elementor-element-5d96959\" data-id=\"5d96959\" data-element_type=\"column\">\n\t\t\t<div class=\"elementor-widget-wrap elementor-element-populated\">\n\t\t\t\t\t\t<div class=\"elementor-element elementor-element-539a0d5 elementor-widget elementor-widget-houzez_elementor_sort_by\" data-id=\"539a0d5\" data-element_type=\"widget\" data-widget_type=\"houzez_elementor_sort_by.default\">\n\t\t\t\t<div class=\"elementor-widget-container\">\n\t\t\t\t\t        <div class=\"sort-by\">\n            <div class=\"d-flex align-items-center\">\n                <div class=\"sort-by-title\">\n                    S\u0131ralama:                <\/div><!-- sort-by-title -->  \n                <select id=\"sort_properties\" class=\"selectpicker form-control bs-select-hidden\" title=\"Varsay\u0131lan\" data-live-search=\"false\" data-dropdown-align-right=\"auto\">\n                    <option value=\"\">Varsay\u0131lan<\/option>\n                    <option  value=\"a_price\">Fiyat - D\u00fc\u015f\u00fckten Y\u00fckse\u011fe<\/option>\n                    <option  value=\"d_price\">Fiyat - Y\u00fcksekten D\u00fc\u015f\u00fc\u011fe<\/option>\n                    \n                    <option  value=\"featured_first\">F\u0131rsatlar \u00d6nce<\/option>\n                    \n                    <option  value=\"a_date\">Tarih - Eskiden Yeniye<\/option>\n                    <option  value=\"d_date\">Tarih - Yeniden Eskiye<\/option>\n                <\/select><!-- selectpicker -->\n            <\/div><!-- d-flex -->\n        <\/div><!-- sort-by -->\n        \t\t\t\t<\/div>\n\t\t\t\t<\/div>\n\t\t\t\t\t<\/div>\n\t\t<\/div>\n\t\t\t\t\t<\/div>\n\t\t<\/section>\n\t\t\t\t<div class=\"elementor-element elementor-element-9b6342a elementor-widget elementor-widget-heading\" data-id=\"9b6342a\" data-element_type=\"widget\" data-widget_type=\"heading.default\">\n\t\t\t\t<div class=\"elementor-widget-container\">\n\t\t\t\t\t<h1 class=\"elementor-heading-title elementor-size-default\">Ticari Alan<\/h1>\t\t\t\t<\/div>\n\t\t\t\t<\/div>\n\t\t\t\t<div class=\"elementor-element elementor-element-780de36 elementor-widget elementor-widget-houzez_elementor_property-card-v6\" data-id=\"780de36\" data-element_type=\"widget\" data-widget_type=\"houzez_elementor_property-card-v6.default\">\n\t\t\t\t<div class=\"elementor-widget-container\">\n\t\t\t\t\t\t\t\r\n\t\t<div id=\"properties_module_section\" class=\"property-cards-module property-cards-module-v1 property-cards-module-3-cols\">\r\n\t\t\t<div id=\"module_properties\" class=\"listing-view grid-view card-deck grid-view-3-cols\">\r\n\t\t\t\t<div class=\"col-lg-12\">\n\t<p class=\"mt-30 text-center\">\n\t\tNo listing found.\t<\/p>\n<\/div>\r\n\t\t\t<\/div><!-- listing-view -->\r\n\r\n\t\t\t\t\t<\/div><!-- property-grid-module -->\r\n\r\n\t\t\t\t\t\t<\/div>\n\t\t\t\t<\/div>\n\t\t\t\t\t<\/div>\n\t\t<\/div>\n\t\t\t\t\t<\/div>\n\t\t<\/section>\n\t\t<div class=\"elementor-element elementor-element-0e12613 e-flex e-con-boxed e-con e-parent\" data-id=\"0e12613\" data-element_type=\"container\">\n\t\t\t\t\t<div class=\"e-con-inner\">\n\t\t\t\t\t<\/div>\n\t\t\t\t<\/div>\n\t\t\t\t<\/div>","protected":false},"excerpt":{"rendered":"<p>Sort By: Default OrderPrice &#8211; Low to HighPrice &#8211; High to LowFeatured Listings FirstDate &#8211; Old to NewDate &#8211; New to Old Commercial Area For Sale Prime Retail Space in G\u00f6cek Town Center \u20ac315,000 Baths: 3 100 sqm<\/p>","protected":false},"author":1,"featured_media":0,"parent":0,"menu_order":0,"comment_status":"closed","ping_status":"closed","template":"template\/template-homepage.php","meta":{"footnotes":""},"class_list":["post-23700","page","type-page","status-publish","hentry"],"aioseo_notices":[],"_links":{"self":[{"href":"https:\/\/gocekrentals.com\/tr\/wp-json\/wp\/v2\/pages\/23700","targetHints":{"allow":["GET"]}}],"collection":[{"href":"https:\/\/gocekrentals.com\/tr\/wp-json\/wp\/v2\/pages"}],"about":[{"href":"https:\/\/gocekrentals.com\/tr\/wp-json\/wp\/v2\/types\/page"}],"author":[{"embeddable":true,"href":"https:\/\/gocekrentals.com\/tr\/wp-json\/wp\/v2\/users\/1"}],"replies":[{"embeddable":true,"href":"https:\/\/gocekrentals.com\/tr\/wp-json\/wp\/v2\/comments?post=23700"}],"version-history":[{"count":0,"href":"https:\/\/gocekrentals.com\/tr\/wp-json\/wp\/v2\/pages\/23700\/revisions"}],"wp:attachment":[{"href":"https:\/\/gocekrentals.com\/tr\/wp-json\/wp\/v2\/media?parent=23700"}],"curies":[{"name":"wp","href":"https:\/\/api.w.org\/{rel}","templated":true}]}}