{"id":20725,"date":"2023-01-15T20:17:51","date_gmt":"2023-01-15T20:17:51","guid":{"rendered":"https:\/\/demo.gocekrentals.com\/?page_id=20725"},"modified":"2024-01-10T10:00:13","modified_gmt":"2024-01-10T07:00:13","slug":"holiday-apartment-for-rent","status":"publish","type":"page","link":"https:\/\/gocekrentals.com\/tr\/kiralik-yazlik-daireler\/","title":{"rendered":"Kiral\u0131k Yazl\u0131k Daireler"},"content":{"rendered":"<div data-elementor-type=\"wp-page\" data-elementor-id=\"20725\" class=\"elementor elementor-20725\">\n\t\t\t\t\t\t<section class=\"elementor-section elementor-top-section elementor-element elementor-element-459a00b elementor-section-content-middle elementor-section-boxed elementor-section-height-default elementor-section-height-default\" data-id=\"459a00b\" data-element_type=\"section\">\n\t\t\t\t\t\t<div class=\"elementor-container elementor-column-gap-no\">\n\t\t\t\t\t<div class=\"elementor-column elementor-col-100 elementor-top-column elementor-element elementor-element-3949648\" data-id=\"3949648\" data-element_type=\"column\">\n\t\t\t<div class=\"elementor-widget-wrap elementor-element-populated\">\n\t\t\t\t\t\t<section class=\"elementor-section elementor-inner-section elementor-element elementor-element-370cfc0 elementor-section-boxed elementor-section-height-default elementor-section-height-default\" data-id=\"370cfc0\" data-element_type=\"section\">\n\t\t\t\t\t\t<div class=\"elementor-container elementor-column-gap-default\">\n\t\t\t\t\t<div class=\"elementor-column elementor-col-50 elementor-inner-column elementor-element elementor-element-95208b4\" data-id=\"95208b4\" data-element_type=\"column\">\n\t\t\t<div class=\"elementor-widget-wrap\">\n\t\t\t\t\t\t\t<\/div>\n\t\t<\/div>\n\t\t\t\t<div class=\"elementor-column elementor-col-50 elementor-inner-column elementor-element elementor-element-5d96959\" data-id=\"5d96959\" data-element_type=\"column\">\n\t\t\t<div class=\"elementor-widget-wrap elementor-element-populated\">\n\t\t\t\t\t\t<div class=\"elementor-element elementor-element-539a0d5 elementor-widget elementor-widget-houzez_elementor_sort_by\" data-id=\"539a0d5\" data-element_type=\"widget\" data-widget_type=\"houzez_elementor_sort_by.default\">\n\t\t\t\t<div class=\"elementor-widget-container\">\n\t\t\t\t\t        <div class=\"sort-by\">\n            <div class=\"d-flex align-items-center\">\n                <div class=\"sort-by-title\">\n                    S\u0131ralama:                <\/div><!-- sort-by-title -->  \n                <select id=\"sort_properties\" class=\"selectpicker form-control bs-select-hidden\" title=\"Varsay\u0131lan\" data-live-search=\"false\" data-dropdown-align-right=\"auto\">\n                    <option value=\"\">Varsay\u0131lan<\/option>\n                    <option  value=\"a_price\">Fiyat - D\u00fc\u015f\u00fckten Y\u00fckse\u011fe<\/option>\n                    <option  value=\"d_price\">Fiyat - Y\u00fcksekten D\u00fc\u015f\u00fc\u011fe<\/option>\n                    \n                    <option  value=\"featured_first\">F\u0131rsatlar \u00d6nce<\/option>\n                    \n                    <option  value=\"a_date\">Tarih - Eskiden Yeniye<\/option>\n                    <option  value=\"d_date\">Tarih - Yeniden Eskiye<\/option>\n                <\/select><!-- selectpicker -->\n            <\/div><!-- d-flex -->\n        <\/div><!-- sort-by -->\n        \t\t\t\t<\/div>\n\t\t\t\t<\/div>\n\t\t\t\t\t<\/div>\n\t\t<\/div>\n\t\t\t\t\t<\/div>\n\t\t<\/section>\n\t\t\t\t<div class=\"elementor-element elementor-element-bf8139e elementor-widget elementor-widget-heading\" data-id=\"bf8139e\" data-element_type=\"widget\" data-widget_type=\"heading.default\">\n\t\t\t\t<div class=\"elementor-widget-container\">\n\t\t\t\t\t<h1 class=\"elementor-heading-title elementor-size-default\">G\u00f6cek Kiral\u0131k Yazl\u0131k Daire<\/h1>\t\t\t\t<\/div>\n\t\t\t\t<\/div>\n\t\t\t\t<div class=\"elementor-element elementor-element-780de36 elementor-widget elementor-widget-houzez_elementor_property-card-v6\" data-id=\"780de36\" data-element_type=\"widget\" data-widget_type=\"houzez_elementor_property-card-v6.default\">\n\t\t\t\t<div class=\"elementor-widget-container\">\n\t\t\t\t\t\t\t\r\n\t\t<div id=\"properties_module_section\" class=\"property-cards-module property-cards-module-v1 property-cards-module-3-cols\">\r\n\t\t\t<div id=\"module_properties\" class=\"listing-view grid-view card-deck grid-view-3-cols\">\r\n\t\t\t\t<div class=\"item-listing-wrap hz-item-gallery-js item-listing-wrap-v6 card\" data-hz-id=\"hz-23736\" >\n\t<div class=\"item-wrap item-wrap-v6 h-100\">\n\t\t<div class=\"d-flex align-items-center h-100\">\n\t\t\t<div class=\"item-header\">\n\t\t\t\t\n\t\t\t\t<div class=\"labels-wrap labels-right\"> \n\n\t<a href=\"https:\/\/gocekrentals.com\/tr\/status\/annually-rental\/\" class=\"label-status label status-color-164\">\n\t\t\t\t\tY\u0131ll\u0131k Kiral\u0131klar\n\t\t\t\t<\/a><a href=\"https:\/\/gocekrentals.com\/tr\/status\/for-rent\/\" class=\"label-status label status-color-28\">\n\t\t\t\t\tSezonluk Kiral\u0131k\n\t\t\t\t<\/a>       \n\n<\/div>\n\n\t\t\t\t<div class=\"listing-image-wrap\">\n\t\t\t\t\t<div class=\"listing-thumb\">\n\t\t\t\t\t\t<a class=\"listing-featured-thumb\" target=\"_self\" href=\"https:\/\/gocekrentals.com\/tr\/property\/gocek-aquamarine-sitesinde-kiralik-ozel-daire\/\">\n\t\t\t\t\t\t<img fetchpriority=\"high\" decoding=\"async\" width=\"584\" height=\"438\" src=\"https:\/\/gocekrentals.com\/wp-content\/uploads\/2024\/06\/Balcony-2-584x438.webp\" class=\"img-fluid wp-post-image\" alt=\"Exclusive Apartment Rental in G\u00f6cek\u2019s Prestigious Aquamarine Site\" srcset=\"https:\/\/gocekrentals.com\/wp-content\/uploads\/2024\/06\/Balcony-2-584x438.webp 584w, https:\/\/gocekrentals.com\/wp-content\/uploads\/2024\/06\/Balcony-2-300x225.webp 300w, https:\/\/gocekrentals.com\/wp-content\/uploads\/2024\/06\/Balcony-2-768x576.webp 768w, https:\/\/gocekrentals.com\/wp-content\/uploads\/2024\/06\/Balcony-2-16x12.webp 16w, https:\/\/gocekrentals.com\/wp-content\/uploads\/2024\/06\/Balcony-2-592x444.webp 592w, https:\/\/gocekrentals.com\/wp-content\/uploads\/2024\/06\/Balcony-2-800x600.webp 800w, https:\/\/gocekrentals.com\/wp-content\/uploads\/2024\/06\/Balcony-2-120x90.webp 120w, https:\/\/gocekrentals.com\/wp-content\/uploads\/2024\/06\/Balcony-2-496x372.webp 496w, https:\/\/gocekrentals.com\/wp-content\/uploads\/2024\/06\/Balcony-2.jpg 1024w\" sizes=\"(max-width: 584px) 100vw, 584px\" \/>\t\t\t\t\t\t<\/a>\n\t\t\t\t\t<\/div>\n\t\t\t\t<\/div>\n\n\t\t\t\t<ul class=\"item-tools\">\n\n        <li class=\"item-tool item-preview\">\n        <span class=\"hz-show-lightbox-js\" data-listid=\"23736\" data-toggle=\"tooltip\" data-placement=\"top\" title=\"Preview\">\n                <i class=\"houzez-icon icon-expand-3\"><\/i>   \n        <\/span><!-- item-tool-favorite -->\n    <\/li><!-- item-tool -->\n        \n        <li class=\"item-tool item-favorite\">\n        <span class=\"add-favorite-js item-tool-favorite\" data-toggle=\"tooltip\" data-placement=\"top\" title=\"Favourite\" data-listid=\"23736\">\n            <i class=\"houzez-icon icon-love-it\"><\/i> \n        <\/span><!-- item-tool-favorite -->\n    <\/li><!-- item-tool -->\n    \n        <li class=\"item-tool item-compare\">\n        <span class=\"houzez_compare compare-23736 item-tool-compare show-compare-panel\" data-toggle=\"tooltip\" data-placement=\"top\" title=\"Add to Compare\" data-listing_id=\"23736\" data-listing_image=\"https:\/\/gocekrentals.com\/wp-content\/uploads\/2024\/06\/Balcony-2-592x444.webp\">\n            <i class=\"houzez-icon icon-add-circle\"><\/i>\n        <\/span><!-- item-tool-compare -->\n    <\/li><!-- item-tool -->\n    <\/ul><!-- item-tools -->\n\t\t\t\t<div class=\"preview_loader\"><\/div>\n\t\t\t<\/div><!-- item-header -->\t\n\t\t\t<div class=\"item-body flex-grow-1\">\n\t\t\t\t<h2 class=\"item-title\">\n\t<a target=\"_self\" href=\"https:\/\/gocekrentals.com\/tr\/property\/gocek-aquamarine-sitesinde-kiralik-ozel-daire\/\">Prestijli Aquamarine Sitesinde Kiral\u0131k Daire<\/a>\n<\/h2><!-- item-title -->\n\t\t\t\t<div class=\"d-flex justify-content-between align-items-center amenities-price-wrap\">\n\t\t\t\t\t<ul class=\"item-price-wrap\">\n\t\t\t\t\t\t<li class=\"item-price\"> \u20ac23,000<\/li>\n\t\t\t\t\t<\/ul>\n\t\t\t\t\t<ul class=\"item-amenities item-amenities-with-icons\">\n\t<li class=\"h-beds\"><i class=\"houzez-icon icon-hotel-double-bed-1 mr-1\"><\/i><span class=\"item-amenities-text\">Beds:<\/span> <span class=\"hz-figure\">3<\/span><\/li><li class=\"h-baths\"><i class=\"houzez-icon icon-bathroom-shower-1 mr-1\"><\/i><span class=\"item-amenities-text\">Baths:<\/span> <span class=\"hz-figure\">3<\/span><\/li><li class=\"h-area\"><i class=\"houzez-icon icon-ruler-triangle mr-1\"><\/i><span class=\"hz-figure\">123<\/span> <span class=\"hz-figure area_postfix\">m\u00b2<\/span><\/li><\/ul>\t\t\t\t<\/div><!-- d-flex -->\n\t\t\t<\/div><!-- item-body -->\n\t\t<\/div><!-- d-flex -->\n\t<\/div><!-- item-wrap -->\n<\/div><!-- item-listing-wrap -->\r\n\t\t\t<\/div><!-- listing-view -->\r\n\r\n\t\t\t\t\t<\/div><!-- property-grid-module -->\r\n\r\n\t\t\t\t\t\t<\/div>\n\t\t\t\t<\/div>\n\t\t\t\t\t<\/div>\n\t\t<\/div>\n\t\t\t\t\t<\/div>\n\t\t<\/section>\n\t\t<div class=\"elementor-element elementor-element-db95ecc e-flex e-con-boxed e-con e-parent\" data-id=\"db95ecc\" data-element_type=\"container\">\n\t\t\t\t\t<div class=\"e-con-inner\">\n\t\t\t\t<div class=\"elementor-element elementor-element-cec704d elementor-widget elementor-widget-text-editor\" data-id=\"cec704d\" data-element_type=\"widget\" data-widget_type=\"text-editor.default\">\n\t\t\t\t<div class=\"elementor-widget-container\">\n\t\t\t\t\t\t\t\t\t<h2>G\u00f6cek Daire Kiralama<\/h2><p>Tatil planlar\u0131 yap\u0131l\u0131rken lokasyonu kadar konaklanacak yerde \u00f6nem ta\u015f\u0131r. \u0130nsanlar\u0131n tercihleri zaman i\u00e7inde de\u011fi\u015fmeye devam ediyor. De\u011fi\u015fen tercihler aras\u0131nda \u00f6ne \u00e7\u0131kan nokta, konaklaman\u0131n daha sakin ve huzur verici ortamda olmas\u0131d\u0131r. G\u00f6steri\u015fli i\u00e7 mekanlardan hayranl\u0131k uyand\u0131ran manzaralara, G\u00f6cek Rentals <b>kiral\u0131k yazl\u0131k daireler<\/b> ile zarafet ve huzurun senfonisini sunuyor. Unutulmaz bir tatil deneyimi vaat ediyor. <em>Yazl\u0131k daireler<\/em>Ege tatilinizde size benzersiz bir l\u00fcks ve konfor sa\u011flamak i\u00e7in m\u00fckemmel bir se\u00e7enek olmaktad\u0131r. Yemye\u015fil manzaralarla \u00e7evrili bu do\u011fa harikas\u0131 yazl\u0131k daireler, sizi mest etmeyi ba\u015far\u0131yor. <b>Yazl\u0131k daireler<\/b> hayallerin ger\u00e7e\u011fe d\u00f6n\u00fc\u015ft\u00fc\u011f\u00fc ve an\u0131lar\u0131n saf bir b\u00fcy\u00fc ile kaz\u0131nd\u0131\u011f\u0131 bir yer olarak sizi kar\u015f\u0131l\u0131yor. \u0130htiya\u00e7lar\u0131n\u0131z\u0131 kar\u015f\u0131lamak i\u00e7in \u00f6zel olarak tasarlanm\u0131\u015f bu yazl\u0131k daireler, siz evinizden uzaktayken gerekli olan olanaklarla doludur. Konfor, g\u00fcvenlik duygusu ve huzur bu <b>kiral\u0131k tatil daireleri<\/b> i\u00e7erisinde sizi bekliyor. \n\n<br>\n<br>Yazl\u0131k daire kiralanmas\u0131 ile birlikte evin i\u00e7inde kendinizi g\u00fcvende ve rahat hissetmeniz m\u00fcmk\u00fcnd\u00fcr. Evinizin konforunu sunacak b\u00fct\u00fcn detaylar kiralanan daire i\u00e7inde yer al\u0131r. Daireler siz gelmeden \u00f6nce detayl\u0131 temizlenerek haz\u0131rlan\u0131r. Bu \u015fekilde hijyen a\u00e7\u0131s\u0131ndan ak\u0131llarda soru i\u015fareti olu\u015fmas\u0131n\u0131n \u00f6n\u00fcne ge\u00e7iliyor. Siz dairede konaklad\u0131\u011f\u0131n\u0131z s\u00fcre i\u00e7inde bilginiz d\u0131\u015f\u0131nda asla ba\u015fka birinin girmesi m\u00fcmk\u00fcn de\u011fil. \u00c7ocuklu aileler bu \u015fekilde evde olduklar\u0131 s\u00fcre i\u00e7inde \u00e7ocuklar\u0131n\u0131n emniyette oldu\u011fundan emin olabiliyor.<\/p><p>Dairede g\u00fcnl\u00fck ya\u015fam\u0131n\u0131z\u0131 s\u00fcrd\u00fcrmenizi sa\u011flayacak b\u00fct\u00fcn detaylar bulunur. Sadece valizinizi alarak gidebilir ve otellerin konforunda ama evinizin rahat\u0131nda olma hissini ayn\u0131 anda ya\u015fayabilirsiniz. Kiral\u0131k yazl\u0131k daire se\u00e7ene\u011fini de\u011ferlendirdi\u011finizde tatilin s\u00fcresini istedi\u011finiz gibi uzatabilirsiniz. Daireyi birka\u00e7 g\u00fcn i\u00e7in, haftal\u0131k, ayl\u0131k ya da sezonluk olarak kiralayabilirsiniz. G\u00f6cek Rentals\u2019\u0131n sundu\u011fu yazl\u0131k kiral\u0131k evler  aras\u0131ndan size uygun olan\u0131 sitesinden se\u00e7erek istedi\u011finiz tarihler i\u00e7in rezervasyonu yapt\u0131rabilirsiniz. Rezervasyon yap\u0131lmas\u0131 ile \u00f6zellikle sezon geldi\u011finde konaklama sorunu ya\u015fanmas\u0131n\u0131n \u00f6n\u00fcne ge\u00e7ilebilir. <em>kiral\u0131k yazl\u0131k daireler<\/em> evinizden uzaktayken size ev konforu ya\u015fatmay\u0131 ba\u015faran bir hizmet anlay\u0131\u015f\u0131n\u0131 beraberinde getirir. <b>Mu\u011fla Fethiye yazl\u0131k kiral\u0131k daireler<\/b> b\u00fct\u00e7e dostu se\u00e7eneklerden olu\u015fmaktad\u0131r. <b>kiral\u0131k yazl\u0131k daireler<\/b> tatilin tad\u0131n\u0131 \u00e7\u0131kar\u0131n!<\/p><h2>Mu\u011fla Fethiye Kiral\u0131k Yazl\u0131k Evler<\/h2><p>\u0130\u015f hayat\u0131n\u0131n stresinden ka\u00e7abilece\u011finiz bir tatil. veya l\u00fcks bir deneyim ar\u0131yorsan\u0131z, muhte\u015fem manzalar\u0131n bulundu\u011fu <b>kiral\u0131k yazl\u0131k evler<\/b>sizin i\u00e7in ideal bir se\u00e7enek olabilir. G\u00f6cek Rentals ile sizin i\u00e7in en iyi ve en konforlu kiral\u0131k daireleri se\u00e7ebilirsiniz. Yazl\u0131k kiral\u0131k evler sundu\u011fu g\u00fcvenlik, ev ortam\u0131 ve ayn\u0131 zamanda konfor ile g\u00fcn ge\u00e7tik\u00e7e daha fazla tercih edilir. Bu se\u00e7ene\u011fi de\u011ferlendirmek i\u00e7in G\u00f6cek Rentals\u2019\u0131n sitesine girebilirsiniz. Sitede bulunan evleri detayl\u0131 olarak inceleyebilirsiniz. M\u00fc\u015fteri memnuniyeti odakl\u0131 olarak hizmet veren firman\u0131n sitesinde bulunanlar evlerin ger\u00e7ek g\u00f6r\u00fcnt\u00fcleridir. Evin i\u00e7i ve \u00e7evresi kadar \u00f6nemli olan nokta, konumu. Bundan dolay\u0131 evin lokasyonu hakk\u0131nda da bilgi alabilir ve beklentilerinize cevap veren evi kolayca se\u00e7ebilirsiniz. <b>Mu\u011fla Fethiye kiral\u0131k yazl\u0131k evler<\/b> tatiliniz i\u00e7in m\u00fckemmel bir se\u00e7enek olabilir.<\/p><p>Bu <b>Mu\u011fla Fethiye kiral\u0131k yazl\u0131k evler<\/b>i l\u00fcks otellerin sunamad\u0131\u011f\u0131 rahatl\u0131\u011f\u0131 ve \u00f6zg\u00fcrl\u00fc\u011f\u00fc sunabilir. Kurallara ba\u011fl\u0131 kalmadan, kendi evinizdeymi\u015f gibi hissedebilece\u011finiz bir taitl i\u00e7in bizimle ileti\u015fime ge\u00e7in. <b>Kiral\u0131k yazl\u0131k evler<\/b>i\u00e7in Mu\u011fla'y\u0131 tercih ederek m\u00fckemmel manzaralara tan\u0131kl\u0131k edebilirsiniz. Fethiye'de l\u00fcks bir tatili b\u00fct\u00e7enize uygun hale getirebilirsiniz.<\/p><p><b>Kiral\u0131k yazl\u0131k evler<\/b> konusunda hizmet al\u0131rken g\u00fcven konusu \u00f6ne \u00e7\u0131kar. G\u00f6cek Rentals g\u00fcvenilir hizmetler sunmaya \u00f6nem verir ve yap\u0131lan rezervasyonlar konusunda m\u00fc\u015fterilerine uygun opsiyonlar sunar. Rezervasyonun yap\u0131ld\u0131\u011f\u0131 tarihte ev detayl\u0131 olarak temizlenmekte ve sizin i\u00e7in haz\u0131rlan\u0131r. T\u00fcm ihtiya\u00e7lar\u0131n\u0131z d\u00fc\u015f\u00fcn\u00fclerek evde t\u00fcm e\u015fyalar bulunur. Evde konaklayaca\u011f\u0131n\u0131z s\u00fcre i\u00e7inde sadece ki\u015fisel ihtiya\u00e7lar\u0131n\u0131z\u0131 ve g\u0131da ihtiya\u00e7lar\u0131n\u0131z alman\u0131z gerekiyor. Bunun d\u0131\u015f\u0131nda b\u00fct\u00fcn ihtiya\u00e7lar\u0131n\u0131z\u0131n evde oldu\u011funu g\u00f6rebilirsiniz. Yazl\u0131k evde konaklayarak tatil beldesinde yer alan do\u011fal ve tarihi g\u00fczellikleri de gezebilirsiniz. M\u00fckemmel tatil plan\u0131n\u0131z\u0131 ileti\u015fime ge\u00e7erek ger\u00e7ekle\u015ftirebilirsiniz. Konaklama ve ara\u00e7 kiralama ihtiya\u00e7lar\u0131n\u0131z\u0131 tek adresten kar\u015f\u0131layabilirsiniz. Rezervasyon yapt\u0131rd\u0131ktan sonra tatil planlar\u0131n\u0131zda de\u011fi\u015fiklik oldu\u011funda ise \u00fccret \u00f6demeden iptal ettirebilirsiniz. <b>Mu\u011fla Fethiye kiral\u0131k yazl\u0131k evler<\/b>&nbsp; i\u00e7erisinde ihtiya\u00e7lar\u0131n\u0131z\u0131 kar\u015f\u0131lamak i\u00e7in iki yatak odas\u0131 veya d\u00f6rt yatak odas\u0131 bulunmaktad\u0131r.  Temel olanaklarla iyi d\u00f6\u015fenmi\u015f, g\u00fcvenlik ara\u00e7lar\u0131yla iyi donan\u0131ml\u0131 ve bak\u0131ml\u0131, b\u00f6ylece k\u00fc\u00e7\u00fck ayr\u0131nt\u0131lar hakk\u0131nda endi\u015felenmeden seyahatinizin keyfini sonuna kadar \u00e7\u0131karabilirsiniz.<\/p><h2>G\u00f6cek'te L\u00fcks Kiral\u0131k Daireler<\/h2><p>Size s\u0131radan bir otel konaklamas\u0131n\u0131n \u00f6tesinde bir deneyim ya\u015fatacak <b>l\u00fcks yazl\u0131k evler<\/b> konforun ve ihti\u015fam\u0131n m\u00fckemmel kar\u0131\u015f\u0131m\u0131 olan bir tatil sunar. Sizi kar\u015f\u0131layan profesyonel konaklama personeli ile s\u0131n\u0131rs\u0131z bir tatilin ba\u015flang\u0131c\u0131n\u0131 yapabilirsiniz. Gezi rotalar\u0131n\u0131za uygun bir ev bularak, seyahatinizin yorgunlu\u011funu bir konforunda atabilirsiniz. M\u00fckemmel tatil i\u00e7in: <em>kiral\u0131k yazl\u0131k daireler<\/em>.<\/p><p>T\u00fcrkiye\u2019de t\u00fcm d\u00fcnyan\u0131n hayran oldu\u011fu tatil destinasyonlar\u0131 bulunuyor. Bu tatil beldelerinde m\u00fckemmel tatil i\u00e7in ise yazl\u0131k ev kiralama, en iyi se\u00e7eneklerden biri. Yazl\u0131k sat\u0131n almak yerine tatil ev kiralama i\u015flemini yaparak tatilin ekonomik olmas\u0131 sa\u011flanabilir. Kiralamaya ekonomik b\u00fct\u00e7eler ayr\u0131ld\u0131\u011f\u0131ndan tatilin istendi\u011fi gibi uzun s\u00fcre yap\u0131lmas\u0131 m\u00fcmk\u00fcn olabilir. Yazl\u0131k ev kiralama ile \u00f6zellikle kalabal\u0131k aileler i\u00e7in konaklama maliyeti d\u00fc\u015f\u00fcr\u00fclebilir. T\u00fcm bunlara ek olarak bu g\u00fczel kiral\u0131k daireler, gezginlerin beklentilerini a\u015fmak ve onlara benzersiz bir l\u00fcks ve konfor deneyimi sunmak i\u00e7in titizlikle tasarlanm\u0131\u015ft\u0131r. \u0130\u00e7ine ad\u0131m att\u0131\u011f\u0131n\u0131zda <b>kiral\u0131k yazl\u0131k daireler<\/b>in bekledi\u011finiz ihti\u015fam\u0131 ve ayr\u0131cal\u0131\u011f\u0131 size sa\u011flamas\u0131 i\u00e7in her \u015feyin profesyonel bir \u015fekilde organize edildi\u011fini ve yap\u0131ld\u0131\u011f\u0131n\u0131 anlayabilirsiniz.<\/p><p>Sonu\u00e7 olarak, <b>G\u00f6cek'teki kiral\u0131k yazl\u0131k daireler<\/b> Ege ve k\u0131y\u0131 sakinlerinin en iyi konfor ve l\u00fckslerle kendilerini \u015f\u0131martabilecekleri, zarif tasar\u0131m, nefes kesen manzaralar ve bir dizi \u00f6zel olanakla \u00e7evrili zarif bir ya\u015fam vahas\u0131d\u0131r.\n<br>\n<br>\n<br>\n<h3>G\u00f6cek Yazl\u0131k Daire ve Ev Kiralama Fiyatlar\u0131<\/h3>\n<br>\n<br>\nKalabal\u0131k ailelerin yazl\u0131k daire kiralayarak konaklama masraf\u0131n\u0131 minimuma indirmeleri m\u00fcmk\u00fcn olmaktad\u0131r. Evin emniyetli olmas\u0131 ile ayn\u0131 zamanda \u00e7ocuklu aileler i\u00e7in \u00e7ocuklar\u0131 s\u00fcrekli takip etme ihtiyac\u0131 ortadan kalkabilir. Havuzlu yazl\u0131k ev kiraland\u0131\u011f\u0131nda ise g\u00fcn\u00fcn her saatinde evin \u00f6n\u00fcnde bulunan havuza girerek serinleme imk\u00e2n\u0131 bulunur. Sadece ailenin kulland\u0131\u011f\u0131 \u00f6zel havuzda hijyen konusunda da endi\u015felerin ya\u015fanmas\u0131 minimuma iniyor. \nKiral\u0131k yazl\u0131k ev fiyatlar\u0131 konusunda en uygun \u00e7\u00f6z\u00fcmleri G\u00f6cek Rentals m\u00fc\u015fterilerine sunar. \u00d6zellikle yaz sezonu boyunca ev kiralama fiyatlar\u0131n\u0131n olduk\u00e7a y\u00fcksek seyretti\u011fi g\u00f6r\u00fclebilir. Firma ise sezonun en yo\u011fun zamanlar\u0131nda dahi y\u00fcksek fiyatlardan \u00e7ok m\u00fc\u015fteri memnuniyetini \u00f6n planda tutar. Bu sayede b\u00fct\u00e7enizi zorlamadan yazl\u0131\u011f\u0131 kiralayabilirsiniz. Uygun fiyatlar\u0131 bulman\u0131z ile tatil s\u00fcrenizi de uzatabilirsiniz. Kiralad\u0131\u011f\u0131n\u0131z evde konaklaman\u0131n keyfini uzatmak istedi\u011finizde firma ile g\u00f6r\u00fc\u015ferek kiralama s\u00fcresini de\u011fi\u015ftirmeniz sizin elinizde. \nM\u00fckemmel tatili yapmak i\u00e7in valizinizi haz\u0131rlaman\u0131z yeterli. Elbette \u00f6ncesinde firman\u0131n sitesinden konaklamak istedi\u011finiz lokasyonda bulunan evlerden birini se\u00e7erek rezervasyonu yapt\u0131rmal\u0131s\u0131n\u0131z. Yazl\u0131k evlerin fiyatlar\u0131 sahip olduklar\u0131 \u00f6zelliklere ve konumlar\u0131na ba\u011fl\u0131 olarak de\u011fi\u015febilir. Siz de ailenizin \u00fcye say\u0131s\u0131na ve tatil i\u00e7in yapt\u0131\u011f\u0131n\u0131z planlara uygun olan evi G\u00f6cek Rentals ile ileti\u015fime ge\u00e7erek kiralayabilirsiniz. Bu \u015fekilde evinizin konforunda gibi hissederek unutulmaz tatil plan\u0131n\u0131z\u0131 ger\u00e7ekle\u015ftirebilirsiniz.<\/p>\t\t\t\t\t\t\t\t<\/div>\n\t\t\t\t<\/div>\n\t\t\t\t\t<\/div>\n\t\t\t\t<\/div>\n\t\t\t\t<\/div>","protected":false},"excerpt":{"rendered":"<p>Sort By: Default OrderPrice &#8211; Low to HighPrice &#8211; High to LowFeatured Listings FirstDate &#8211; Old to NewDate &#8211; New to Old Gocek Holiday Apartment For Rent Annually Rental Seasonal Rental Rental Apartment in Gocek Call us for pricing Beds: 2 Baths: 2 72 Sq m Holiday Apartment Rental in Turkey Gocek From lavish interiors [&hellip;]<\/p>","protected":false},"author":2,"featured_media":0,"parent":0,"menu_order":0,"comment_status":"closed","ping_status":"closed","template":"template\/template-homepage.php","meta":{"footnotes":""},"class_list":["post-20725","page","type-page","status-publish","hentry"],"aioseo_notices":[],"_links":{"self":[{"href":"https:\/\/gocekrentals.com\/tr\/wp-json\/wp\/v2\/pages\/20725","targetHints":{"allow":["GET"]}}],"collection":[{"href":"https:\/\/gocekrentals.com\/tr\/wp-json\/wp\/v2\/pages"}],"about":[{"href":"https:\/\/gocekrentals.com\/tr\/wp-json\/wp\/v2\/types\/page"}],"author":[{"embeddable":true,"href":"https:\/\/gocekrentals.com\/tr\/wp-json\/wp\/v2\/users\/2"}],"replies":[{"embeddable":true,"href":"https:\/\/gocekrentals.com\/tr\/wp-json\/wp\/v2\/comments?post=20725"}],"version-history":[{"count":0,"href":"https:\/\/gocekrentals.com\/tr\/wp-json\/wp\/v2\/pages\/20725\/revisions"}],"wp:attachment":[{"href":"https:\/\/gocekrentals.com\/tr\/wp-json\/wp\/v2\/media?parent=20725"}],"curies":[{"name":"wp","href":"https:\/\/api.w.org\/{rel}","templated":true}]}}