{"id":20702,"date":"2022-12-20T09:39:54","date_gmt":"2022-12-20T09:39:54","guid":{"rendered":"https:\/\/demo.gocekrentals.com\/?page_id=20702"},"modified":"2022-12-20T09:39:57","modified_gmt":"2022-12-20T09:39:57","slug":"cookie-policy","status":"publish","type":"page","link":"https:\/\/gocekrentals.com\/tr\/cerez-politikasi\/","title":{"rendered":"\u00c7erez Politikas\u0131"},"content":{"rendered":"<p>Bu site, size daha iyi bir kullan\u0131c\u0131 deneyimi sunabilmemiz i\u00e7in makinenize yerle\u015ftirilen \u00e7erezleri kullan\u0131r.<\/p>\n\n\n\n<p>Genel olarak, \u00e7erezler kullan\u0131c\u0131 tercihlerini korumak, al\u0131\u015fveri\u015f sepetleri gibi i\u015flemler i\u00e7in bilgi depolamak ve Google Analytics gibi \u00fc\u00e7\u00fcnc\u00fc taraf uygulamalara anonimle\u015ftirilmi\u015f izleme verileri sa\u011flamak i\u00e7in kullan\u0131l\u0131r.<\/p>\n\n\n\n<p>Kural olarak, \u00e7erezler tarama deneyiminizi daha iyi hale getirecektir. Ancak, bu sitede ve di\u011ferlerinde \u00e7erezleri devre d\u0131\u015f\u0131 b\u0131rakmay\u0131 tercih edebilirsiniz. Bunu yapman\u0131n en etkili yolu, taray\u0131c\u0131n\u0131zdaki \u00e7erezleri devre d\u0131\u015f\u0131 b\u0131rakmakt\u0131r.<\/p>\n\n\n\n<p class=\" translation-block\">Bu konuda taray\u0131c\u0131n\u0131z\u0131n Yard\u0131m b\u00f6l\u00fcm\u00fcne dan\u0131\u015fman\u0131z\u0131 veya t\u00fcm modern taray\u0131c\u0131lar i\u00e7in rehberlik sunan<a href=\"http:\/\/www.aboutcookies.org\" target=\"_self\">.aboutcookies.org<\/a> adresine  g\u00f6z atman\u0131z\u0131 \u00f6neririz.<\/p>","protected":false},"excerpt":{"rendered":"<p>This site uses cookies \u2013 small text files that are placed on your machine to help the site provide a better user experience. In general, cookies are used to retain user preferences, store information for things like shopping carts, and provide anonymised tracking data to third party applications like Google Analytics. As a rule, cookies [&hellip;]<\/p>","protected":false},"author":2,"featured_media":0,"parent":0,"menu_order":0,"comment_status":"closed","ping_status":"closed","template":"","meta":{"footnotes":""},"class_list":["post-20702","page","type-page","status-publish","hentry"],"aioseo_notices":[],"_links":{"self":[{"href":"https:\/\/gocekrentals.com\/tr\/wp-json\/wp\/v2\/pages\/20702","targetHints":{"allow":["GET"]}}],"collection":[{"href":"https:\/\/gocekrentals.com\/tr\/wp-json\/wp\/v2\/pages"}],"about":[{"href":"https:\/\/gocekrentals.com\/tr\/wp-json\/wp\/v2\/types\/page"}],"author":[{"embeddable":true,"href":"https:\/\/gocekrentals.com\/tr\/wp-json\/wp\/v2\/users\/2"}],"replies":[{"embeddable":true,"href":"https:\/\/gocekrentals.com\/tr\/wp-json\/wp\/v2\/comments?post=20702"}],"version-history":[{"count":0,"href":"https:\/\/gocekrentals.com\/tr\/wp-json\/wp\/v2\/pages\/20702\/revisions"}],"wp:attachment":[{"href":"https:\/\/gocekrentals.com\/tr\/wp-json\/wp\/v2\/media?parent=20702"}],"curies":[{"name":"wp","href":"https:\/\/api.w.org\/{rel}","templated":true}]}}