{"id":20648,"date":"2022-12-06T12:10:46","date_gmt":"2022-12-06T12:10:46","guid":{"rendered":"https:\/\/demo.gocekrentals.com\/?page_id=20648"},"modified":"2023-02-07T02:47:20","modified_gmt":"2023-02-06T23:47:20","slug":"rental-properties-in-gocek-turkey-holiday-villas-apartments-cottages","status":"publish","type":"page","link":"https:\/\/gocekrentals.com\/tr\/hakkimizda\/gocek-emlak-hizmetlerimiz\/","title":{"rendered":"G\u00f6cek Emlak Hizmetlerimiz"},"content":{"rendered":"<div data-elementor-type=\"wp-page\" data-elementor-id=\"20648\" class=\"elementor elementor-20648\">\n\t\t\t\t\t\t<section class=\"elementor-section elementor-top-section elementor-element elementor-element-5b81e21 elementor-section-height-min-height animated-slow elementor-section-boxed elementor-section-height-default elementor-section-items-middle elementor-invisible\" data-id=\"5b81e21\" data-element_type=\"section\" data-settings=\"{&quot;background_background&quot;:&quot;classic&quot;,&quot;animation&quot;:&quot;fadeIn&quot;}\">\n\t\t\t\t\t\t\t<div class=\"elementor-background-overlay\"><\/div>\n\t\t\t\t\t\t\t<div class=\"elementor-container elementor-column-gap-default\">\n\t\t\t\t\t<div class=\"elementor-column elementor-col-100 elementor-top-column elementor-element elementor-element-ad367f8\" data-id=\"ad367f8\" data-element_type=\"column\">\n\t\t\t<div class=\"elementor-widget-wrap elementor-element-populated\">\n\t\t\t\t\t\t<div class=\"elementor-element elementor-element-0e7939f elementor-widget elementor-widget-heading\" data-id=\"0e7939f\" data-element_type=\"widget\" data-widget_type=\"heading.default\">\n\t\t\t\t<div class=\"elementor-widget-container\">\n\t\t\t\t\t<h1 class=\"elementor-heading-title elementor-size-default\">G\u00f6cek Emlak Hizmetlerimiz<\/h1>\t\t\t\t<\/div>\n\t\t\t\t<\/div>\n\t\t\t\t\t<\/div>\n\t\t<\/div>\n\t\t\t\t\t<\/div>\n\t\t<\/section>\n\t\t\t\t<section class=\"elementor-section elementor-top-section elementor-element elementor-element-09038dc elementor-section-boxed elementor-section-height-default elementor-section-height-default\" data-id=\"09038dc\" data-element_type=\"section\" data-settings=\"{&quot;background_background&quot;:&quot;classic&quot;}\">\n\t\t\t\t\t\t<div class=\"elementor-container elementor-column-gap-default\">\n\t\t\t\t\t<div class=\"elementor-column elementor-col-100 elementor-top-column elementor-element elementor-element-c8278ac\" data-id=\"c8278ac\" data-element_type=\"column\">\n\t\t\t<div class=\"elementor-widget-wrap elementor-element-populated\">\n\t\t\t\t\t\t<div class=\"elementor-element elementor-element-3271868 elementor-widget elementor-widget-spacer\" data-id=\"3271868\" data-element_type=\"widget\" data-widget_type=\"spacer.default\">\n\t\t\t\t<div class=\"elementor-widget-container\">\n\t\t\t\t\t\t\t<div class=\"elementor-spacer\">\n\t\t\t<div class=\"elementor-spacer-inner\"><\/div>\n\t\t<\/div>\n\t\t\t\t\t\t<\/div>\n\t\t\t\t<\/div>\n\t\t\t\t<div class=\"elementor-element elementor-element-69fe9b8 elementor-widget elementor-widget-text-editor\" data-id=\"69fe9b8\" data-element_type=\"widget\" data-widget_type=\"text-editor.default\">\n\t\t\t\t<div class=\"elementor-widget-container\">\n\t\t\t\t\t\t\t\t\t<p>G\u00f6cek'te Tatil Sitesi: G\u00fcnl\u00fck haftal\u0131k, ayl\u0131k ve y\u0131ll\u0131k kiralama. Konut, ticari gayrimenkul, gulet, motoryat ve ara\u00e7 kiralama konusunda uzmanla\u015fm\u0131\u015f lider, kiral\u0131k gayrimenkul ve yat hizmetleri \u015firketiyiz.<\/p><p>G\u00f6cek Rentals olarak, yerel mahalleler ve emlak piyasas\u0131 ko\u015fullar\u0131 hakk\u0131ndaki engin bilgimizle hem \u00f6zel hem de kurumsal m\u00fc\u015fterilere profesyonelce uyarlanm\u0131\u015f bir dizi emlak hizmeti sunmaktan gurur duyuyoruz.<\/p>\t\t\t\t\t\t\t\t<\/div>\n\t\t\t\t<\/div>\n\t\t\t\t\t<\/div>\n\t\t<\/div>\n\t\t\t\t\t<\/div>\n\t\t<\/section>\n\t\t\t\t<section class=\"elementor-section elementor-top-section elementor-element elementor-element-7de1bca elementor-section-boxed elementor-section-height-default elementor-section-height-default\" data-id=\"7de1bca\" data-element_type=\"section\">\n\t\t\t\t\t\t<div class=\"elementor-container elementor-column-gap-default\">\n\t\t\t\t\t<div class=\"elementor-column elementor-col-100 elementor-top-column elementor-element elementor-element-b896568\" data-id=\"b896568\" data-element_type=\"column\">\n\t\t\t<div class=\"elementor-widget-wrap elementor-element-populated\">\n\t\t\t\t\t\t<div class=\"elementor-element elementor-element-d1842fc elementor-widget elementor-widget-spacer\" data-id=\"d1842fc\" data-element_type=\"widget\" data-widget_type=\"spacer.default\">\n\t\t\t\t<div class=\"elementor-widget-container\">\n\t\t\t\t\t\t\t<div class=\"elementor-spacer\">\n\t\t\t<div class=\"elementor-spacer-inner\"><\/div>\n\t\t<\/div>\n\t\t\t\t\t\t<\/div>\n\t\t\t\t<\/div>\n\t\t\t\t<div class=\"elementor-element elementor-element-d8431e2 animated-slow elementor-invisible elementor-widget elementor-widget-houzez_elementor_section_title\" data-id=\"d8431e2\" data-element_type=\"widget\" data-settings=\"{&quot;_animation&quot;:&quot;fadeIn&quot;}\" data-widget_type=\"houzez_elementor_section_title.default\">\n\t\t\t\t<div class=\"elementor-widget-container\">\n\t\t\t\t\t            <div class=\"houzez_section_title_wrap section-title-module\">\n                                    <h2 class=\"houzez_section_title\">G\u00f6cek'te Geni\u015f Kiral\u0131k Gayrimenkul Yelpazesi<\/h2>\n                \n                                    <p class=\"houzez_section_subtitle\">Yama\u00e7ta kiral\u0131k l\u00fcks bir villa, plaja eri\u015fimi olan bir sahil evi, rustik bir orman evi, \u00f6zel bir marina dairesi veya karl\u0131 bir otel yat\u0131r\u0131m\u0131 ar\u0131yor olun; ihtiya\u00e7lar\u0131n\u0131z\u0131 anl\u0131yoruz ve g\u00fcvenilir i\u015f ortaklar\u0131m\u0131zdan en iyi fiyatlarla \u00e7ok \u00e7e\u015fitli terzi usul\u00fc \u00e7\u00f6z\u00fcmler sunuyoruz. Kaliteden \u00f6d\u00fcn vermeden, her zevke ve b\u00fct\u00e7eye uygun \u00e7e\u015fitli m\u00fclk portf\u00f6y\u00fcn\u00fc temsil ediyoruz.<\/p>\n                            <\/div>\n            \t\t\t\t<\/div>\n\t\t\t\t<\/div>\n\t\t\t\t<div class=\"elementor-element elementor-element-cb1c47a animated-slow elementor-invisible elementor-widget elementor-widget-houzez_elementor_section_title\" data-id=\"cb1c47a\" data-element_type=\"widget\" data-settings=\"{&quot;_animation&quot;:&quot;fadeIn&quot;}\" data-widget_type=\"houzez_elementor_section_title.default\">\n\t\t\t\t<div class=\"elementor-widget-container\">\n\t\t\t\t\t            <div class=\"houzez_section_title_wrap section-title-module\">\n                                    <h2 class=\"houzez_section_title\">A'dan Z'ye Emlak Hizmetleri<\/h2>\n                \n                                    <p class=\"houzez_section_subtitle\">Gayrimenkul, yat ve u\u00e7ak hizmetleri i\u00e7in tek adresiniz olarak, kiralama ve sat\u0131n alma s\u00fcre\u00e7lerinin t\u00fcm a\u015famalar\u0131nda m\u00fc\u015fterilerimize zevkle yard\u0131mc\u0131 olmaya kendimizi adad\u0131k.\n\nHukuki dan\u0131\u015fmanl\u0131ktan finansal dan\u0131\u015fmanl\u0131\u011fa veya m\u00fclk de\u011ferlendirmesinden m\u00fclk y\u00f6netimine; rahat\u0131n\u0131z ve refah\u0131n\u0131z i\u00e7in g\u00fcvenilir uzman ekibimizle sat\u0131n alma ve kiralama ad\u0131mlar\u0131n\u0131 kolayla\u015ft\u0131r\u0131yoruz.\n\nNe sizi etkilemek i\u00e7in y\u00fcksek ne de h\u0131zl\u0131 bir sat\u0131\u015f elde etmek i\u00e7in \u00e7ok d\u00fc\u015f\u00fck hi\u00e7bir y\u00fck\u00fcml\u00fcl\u00fck olmaks\u0131z\u0131n \u00fccretsiz de\u011ferlemeler sunuyoruz. Bunun yerine, size beklenen bir sat\u0131\u015f fiyat\u0131n\u0131n tamamen pazarla ilgili g\u00f6stergesini veriyoruz.\n\nSon teknoloji konsiyerj hizmetlerimiz, misafirlerimizin her y\u00f6n\u00fcn\u00fc kolayla\u015ft\u0131rmak ve iyile\u015ftirmek ve kal\u0131\u015flar\u0131n\u0131n kalitesini ve konforunu art\u0131rmak i\u00e7in \u00f6zenle tasarlanm\u0131\u015ft\u0131r. G\u00fczergah planlaman\u0131zdan havaliman\u0131 transferlerine; Siz sadece yat\u0131r\u0131m\u0131n\u0131z\u0131 planlamaya odaklan\u0131rken, biz G\u00f6cek seyahatinizle ilgili her konuyu \u00f6zenle ele al\u0131yoruz.\n\nGemiye bindi\u011fimizde; iyilik taahh\u00fcd\u00fcm\u00fcz bir \u00f6m\u00fcr i\u00e7indir. M\u00fckemmel sat\u0131\u015f sonras\u0131 hizmetler sunmak i\u00e7in \u00e7al\u0131\u015f\u0131yoruz ve bu \u00e7abalar\u0131n \u015firketimizin k\u00fcresel itibar\u0131 lehine olumlu etkilerini gururla takip ediyoruz.<\/p>\n                            <\/div>\n            \t\t\t\t<\/div>\n\t\t\t\t<\/div>\n\t\t\t\t<div class=\"elementor-element elementor-element-165332d animated-slow elementor-invisible elementor-widget elementor-widget-houzez_elementor_section_title\" data-id=\"165332d\" data-element_type=\"widget\" data-settings=\"{&quot;_animation&quot;:&quot;fadeIn&quot;}\" data-widget_type=\"houzez_elementor_section_title.default\">\n\t\t\t\t<div class=\"elementor-widget-container\">\n\t\t\t\t\t            <div class=\"houzez_section_title_wrap section-title-module\">\n                                    <h2 class=\"houzez_section_title\">G\u00f6cek Rentals ile G\u00f6cek'e Yat\u0131r\u0131m Yap\u0131n<\/h2>\n                \n                                    <p class=\"houzez_section_subtitle\">G\u00f6zlerinizi say\u0131s\u0131z adaya ev sahipli\u011fi yapan muhte\u015fem Akdeniz sular\u0131na a\u00e7\u0131n, canland\u0131r\u0131c\u0131 deniz melteminin \u015fifal\u0131 dokunu\u015funu teninizde hissedin, havadaki \u00e7am kokusunu i\u00e7inize \u00e7ekin, G\u00f6cek'te sizi \u00e7evreleyen do\u011fal g\u00fczelliklerin ve bozulmam\u0131\u015f g\u00fczel mimarinin \u015f\u00fckranla tad\u0131n\u0131 \u00e7\u0131kar\u0131n!\n\nG\u00f6cek'te ister sat\u0131n al\u0131yor, ister sat\u0131yor veya kiral\u0131yor olun; listelerimizi g\u00f6r\u00fcnt\u00fcleyin ve uzman yard\u0131m\u0131 i\u00e7in +90 532 361 3805 numaral\u0131 telefondan bizimle ileti\u015fime ge\u00e7in.\n\nG\u00f6cek'te yat\u0131r\u0131m yapmak istiyorsan\u0131z, gayrimenkul uzmanlar\u0131m\u0131zla g\u00f6r\u00fc\u015f\u00fcn ve G\u00f6cek deneyiminizin her ad\u0131m\u0131nda benzersiz uzmanl\u0131\u011f\u0131m\u0131zdan yararland\u0131\u011f\u0131n\u0131zdan emin olun.<\/p>\n                            <\/div>\n            \t\t\t\t<\/div>\n\t\t\t\t<\/div>\n\t\t\t\t\t<\/div>\n\t\t<\/div>\n\t\t\t\t\t<\/div>\n\t\t<\/section>\n\t\t\t\t<section class=\"elementor-section elementor-top-section elementor-element elementor-element-37e5de8 elementor-section-boxed elementor-section-height-default elementor-section-height-default\" data-id=\"37e5de8\" data-element_type=\"section\">\n\t\t\t\t\t\t<div class=\"elementor-container elementor-column-gap-default\">\n\t\t\t\t\t<div class=\"elementor-column elementor-col-100 elementor-top-column elementor-element elementor-element-b3c212c\" data-id=\"b3c212c\" data-element_type=\"column\">\n\t\t\t<div class=\"elementor-widget-wrap elementor-element-populated\">\n\t\t\t\t\t\t<div class=\"elementor-element elementor-element-04da9bb animated-slow elementor-invisible elementor-widget elementor-widget-houzez_elementor_section_title\" data-id=\"04da9bb\" data-element_type=\"widget\" data-settings=\"{&quot;_animation&quot;:&quot;fadeIn&quot;}\" data-widget_type=\"houzez_elementor_section_title.default\">\n\t\t\t\t<div class=\"elementor-widget-container\">\n\t\t\t\t\t            <div class=\"houzez_section_title_wrap section-title-module\">\n                                    <h2 class=\"houzez_section_title\">Blog<\/h2>\n                \n                            <\/div>\n            \t\t\t\t<\/div>\n\t\t\t\t<\/div>\n\t\t\t\t<section class=\"elementor-section elementor-inner-section elementor-element elementor-element-1ee1e99 elementor-section-boxed elementor-section-height-default elementor-section-height-default\" data-id=\"1ee1e99\" data-element_type=\"section\">\n\t\t\t\t\t\t<div class=\"elementor-container elementor-column-gap-default\">\n\t\t\t\t\t<div class=\"elementor-column elementor-col-100 elementor-inner-column elementor-element elementor-element-2d41ad6\" data-id=\"2d41ad6\" data-element_type=\"column\">\n\t\t\t<div class=\"elementor-widget-wrap elementor-element-populated\">\n\t\t\t\t\t\t<div class=\"elementor-element elementor-element-b10f709 elementor-widget elementor-widget-houzez_elementor_blog_posts\" data-id=\"b10f709\" data-element_type=\"widget\" data-widget_type=\"houzez_elementor_blog_posts.default\">\n\t\t\t\t<div class=\"elementor-widget-container\">\n\t\t\t\t\t\n        <div class=\"blog-posts-module blog-posts-module-v1\">\n            <div class=\"row module-row\">\n                                    <div class=\"col-lg-3 col-md-6\">\n                        <div id=\"post-24347\" class=\"blog-post-item blog-post-item-v1 post-24347 post type-post status-publish format-standard has-post-thumbnail hentry category-pin-up category-things-to-do category-travel\">\n\t\n\t\t<div class=\"blog-post-thumb\">\n\t\t<a href=\"https:\/\/gocekrentals.com\/tr\/gocek-portville-rehberi\/\" class=\"hover-effect\">\n\t\t\t<img fetchpriority=\"high\" decoding=\"async\" width=\"592\" height=\"444\" src=\"https:\/\/gocekrentals.com\/wp-content\/uploads\/2026\/03\/DisGorunum-4-Custom-592x444.jpg\" class=\"img-fluid wp-post-image\" alt=\"Portville G\u00f6cek Kiral\u0131k Villa\" srcset=\"https:\/\/gocekrentals.com\/wp-content\/uploads\/2026\/03\/DisGorunum-4-Custom-592x444.jpg 592w, https:\/\/gocekrentals.com\/wp-content\/uploads\/2026\/03\/DisGorunum-4-Custom-584x438.jpg 584w, https:\/\/gocekrentals.com\/wp-content\/uploads\/2026\/03\/DisGorunum-4-Custom-120x90.jpg 120w\" sizes=\"(max-width: 592px) 100vw, 592px\" \/>\t\t<\/a>\n\t<\/div><!-- blog-post-thumb -->\n\t\n\t<div class=\"blog-post-content-wrap\">\n\t\t<div class=\"blog-post-meta\">\n\t\t\t<ul class=\"list-inline\">\n\t\t\t\t\t\t\t\t<li class=\"list-inline-item\">\n\t\t\t\t\t<time datetime=\"Mart 22, 2026\"><i class=\"houzez-icon icon-calendar-3 mr-1\"><\/i> Mart 22, 2026<\/time>\n\t\t\t\t<\/li>\n\t\t\t\t\n\t\t\t\t\t\t\t\t<li class=\"list-inline-item\">\n\t\t\t\t\t<i class=\"houzez-icon icon-tags mr-1\"><\/i> <a href=\"https:\/\/gocekrentals.com\/tr\/category\/pin-up\/\" rel=\"category tag\">Pin Up<\/a>, <a href=\"https:\/\/gocekrentals.com\/tr\/category\/things-to-do\/\" rel=\"category tag\">G\u00f6cek'te Yap\u0131lacaklar<\/a>, <a href=\"https:\/\/gocekrentals.com\/tr\/category\/travel\/\" rel=\"category tag\">Seyahat<\/a>\t\t\t\t<\/li>\n\t\t\t\t\n\t\t\t<\/ul>\n\t\t<\/div><!-- blog-post-meta -->\n\t\t<div class=\"blog-post-title\">\n\t\t\t<h3><a href=\"https:\/\/gocekrentals.com\/tr\/gocek-portville-rehberi\/\">G\u00f6cek Portville Rehberi<\/a><\/h3>\n\t\t<\/div><!-- blog-post-title -->\n\t\t<div class=\"blog-post-body\">\n\t\t\tG\u00f6cek Portville'i ke\u015ffedin: T\u00fcrkiye'nin Turkuaz K\u0131y\u0131s\u0131'nda l\u00fcks havuz kenar\u0131 ve kanal kenar\u0131 villalar\u0131. \u00d6zel iskeleler, dev havuzlar ve Akdeniz huzuru sizi bekliyor.\t\t<\/div><!-- blog-post-body -->\n\t\t<div class=\"blog-post-link\">\n\t\t\t<a href=\"https:\/\/gocekrentals.com\/tr\/gocek-portville-rehberi\/\">okumaya devam et<\/a>\n\t\t<\/div><!-- blog-post-link -->\n\t<\/div><!-- blog-post-content-wrap -->\n\t\t<div class=\"blog-post-author\">\n\t\t<i class=\"houzez-icon icon-single-neutral mr-1\"><\/i> taraf\u0131ndan Gocek Rentals\t<\/div>\n\t<\/div><!-- blog-post-item -->                    <\/div>\n                                    <div class=\"col-lg-3 col-md-6\">\n                        <div id=\"post-24306\" class=\"blog-post-item blog-post-item-v1 post-24306 post type-post status-publish format-standard has-post-thumbnail hentry category-travel\">\n\t\n\t\t<div class=\"blog-post-thumb\">\n\t\t<a href=\"https:\/\/gocekrentals.com\/tr\/3-gunluk-tatil-icin-nereye-gidilir\/\" class=\"hover-effect\">\n\t\t\t<img decoding=\"async\" width=\"592\" height=\"444\" src=\"https:\/\/gocekrentals.com\/wp-content\/uploads\/2025\/10\/shutterstock_2152219681-1-592x444.jpg\" class=\"img-fluid wp-post-image\" alt=\"3-Day Vacation\" srcset=\"https:\/\/gocekrentals.com\/wp-content\/uploads\/2025\/10\/shutterstock_2152219681-1-592x444.jpg 592w, https:\/\/gocekrentals.com\/wp-content\/uploads\/2025\/10\/shutterstock_2152219681-1-584x438.jpg 584w, https:\/\/gocekrentals.com\/wp-content\/uploads\/2025\/10\/shutterstock_2152219681-1-120x90.jpg 120w\" sizes=\"(max-width: 592px) 100vw, 592px\" \/>\t\t<\/a>\n\t<\/div><!-- blog-post-thumb -->\n\t\n\t<div class=\"blog-post-content-wrap\">\n\t\t<div class=\"blog-post-meta\">\n\t\t\t<ul class=\"list-inline\">\n\t\t\t\t\t\t\t\t<li class=\"list-inline-item\">\n\t\t\t\t\t<time datetime=\"Ekim 24, 2025\"><i class=\"houzez-icon icon-calendar-3 mr-1\"><\/i> Ekim 24, 2025<\/time>\n\t\t\t\t<\/li>\n\t\t\t\t\n\t\t\t\t\t\t\t\t<li class=\"list-inline-item\">\n\t\t\t\t\t<i class=\"houzez-icon icon-tags mr-1\"><\/i> <a href=\"https:\/\/gocekrentals.com\/tr\/category\/travel\/\" rel=\"category tag\">Seyahat<\/a>\t\t\t\t<\/li>\n\t\t\t\t\n\t\t\t<\/ul>\n\t\t<\/div><!-- blog-post-meta -->\n\t\t<div class=\"blog-post-title\">\n\t\t\t<h3><a href=\"https:\/\/gocekrentals.com\/tr\/3-gunluk-tatil-icin-nereye-gidilir\/\">3 G\u00fcnl\u00fck Tatil i\u00e7in Nereye Gidilir? H\u0131zl\u0131 Tatil \u00d6nerisi<\/a><\/h3>\n\t\t<\/div><!-- blog-post-title -->\n\t\t<div class=\"blog-post-body\">\n\t\t\tEver felt burnt out and in need of a mental reset? A 3-day vacation is just the thing to get you...\t\t<\/div><!-- blog-post-body -->\n\t\t<div class=\"blog-post-link\">\n\t\t\t<a href=\"https:\/\/gocekrentals.com\/tr\/3-gunluk-tatil-icin-nereye-gidilir\/\">okumaya devam et<\/a>\n\t\t<\/div><!-- blog-post-link -->\n\t<\/div><!-- blog-post-content-wrap -->\n\t\t<div class=\"blog-post-author\">\n\t\t<i class=\"houzez-icon icon-single-neutral mr-1\"><\/i> taraf\u0131ndan Gocek Rentals\t<\/div>\n\t<\/div><!-- blog-post-item -->                    <\/div>\n                                    <div class=\"col-lg-3 col-md-6\">\n                        <div id=\"post-24301\" class=\"blog-post-item blog-post-item-v1 post-24301 post type-post status-publish format-standard has-post-thumbnail hentry category-construction\">\n\t\n\t\t<div class=\"blog-post-thumb\">\n\t\t<a href=\"https:\/\/gocekrentals.com\/tr\/imarli-imarsiz-arsa-arasindaki-farklar\/\" class=\"hover-effect\">\n\t\t\t<img decoding=\"async\" width=\"592\" height=\"444\" src=\"https:\/\/gocekrentals.com\/wp-content\/uploads\/2025\/10\/shutterstock_724077532-1-592x444.jpg\" class=\"img-fluid wp-post-image\" alt=\"Zoned and Unzoned Land\" srcset=\"https:\/\/gocekrentals.com\/wp-content\/uploads\/2025\/10\/shutterstock_724077532-1-592x444.jpg 592w, https:\/\/gocekrentals.com\/wp-content\/uploads\/2025\/10\/shutterstock_724077532-1-584x438.jpg 584w, https:\/\/gocekrentals.com\/wp-content\/uploads\/2025\/10\/shutterstock_724077532-1-120x90.jpg 120w\" sizes=\"(max-width: 592px) 100vw, 592px\" \/>\t\t<\/a>\n\t<\/div><!-- blog-post-thumb -->\n\t\n\t<div class=\"blog-post-content-wrap\">\n\t\t<div class=\"blog-post-meta\">\n\t\t\t<ul class=\"list-inline\">\n\t\t\t\t\t\t\t\t<li class=\"list-inline-item\">\n\t\t\t\t\t<time datetime=\"Ekim 24, 2025\"><i class=\"houzez-icon icon-calendar-3 mr-1\"><\/i> Ekim 24, 2025<\/time>\n\t\t\t\t<\/li>\n\t\t\t\t\n\t\t\t\t\t\t\t\t<li class=\"list-inline-item\">\n\t\t\t\t\t<i class=\"houzez-icon icon-tags mr-1\"><\/i> <a href=\"https:\/\/gocekrentals.com\/tr\/category\/construction\/\" rel=\"category tag\">\u0130n\u015faat<\/a>\t\t\t\t<\/li>\n\t\t\t\t\n\t\t\t<\/ul>\n\t\t<\/div><!-- blog-post-meta -->\n\t\t<div class=\"blog-post-title\">\n\t\t\t<h3><a href=\"https:\/\/gocekrentals.com\/tr\/imarli-imarsiz-arsa-arasindaki-farklar\/\">\u0130marl\u0131 Arsa Nedir? \u0130marl\u0131 ve \u0130mars\u0131z Arsa Aras\u0131ndaki Farklar<\/a><\/h3>\n\t\t<\/div><!-- blog-post-title -->\n\t\t<div class=\"blog-post-body\">\n\t\t\tBuying property in T\u00fcrkiye is popular among expats and individuals seeking to apply for Turkish...\t\t<\/div><!-- blog-post-body -->\n\t\t<div class=\"blog-post-link\">\n\t\t\t<a href=\"https:\/\/gocekrentals.com\/tr\/imarli-imarsiz-arsa-arasindaki-farklar\/\">okumaya devam et<\/a>\n\t\t<\/div><!-- blog-post-link -->\n\t<\/div><!-- blog-post-content-wrap -->\n\t\t<div class=\"blog-post-author\">\n\t\t<i class=\"houzez-icon icon-single-neutral mr-1\"><\/i> taraf\u0131ndan Gocek Rentals\t<\/div>\n\t<\/div><!-- blog-post-item -->                    <\/div>\n                                    <div class=\"col-lg-3 col-md-6\">\n                        <div id=\"post-24239\" class=\"blog-post-item blog-post-item-v1 post-24239 post type-post status-publish format-standard has-post-thumbnail hentry category-travel\">\n\t\n\t\t<div class=\"blog-post-thumb\">\n\t\t<a href=\"https:\/\/gocekrentals.com\/tr\/en-guzel-karavan-kamp-alanlari\/\" class=\"hover-effect\">\n\t\t\t<img loading=\"lazy\" decoding=\"async\" width=\"592\" height=\"444\" src=\"https:\/\/gocekrentals.com\/wp-content\/uploads\/2025\/09\/Caravan-Camping-1_1280x720-592x444.webp\" class=\"img-fluid wp-post-image\" alt=\"Caravan Camping\" srcset=\"https:\/\/gocekrentals.com\/wp-content\/uploads\/2025\/09\/Caravan-Camping-1_1280x720-592x444.webp 592w, https:\/\/gocekrentals.com\/wp-content\/uploads\/2025\/09\/Caravan-Camping-1_1280x720-584x438.webp 584w, https:\/\/gocekrentals.com\/wp-content\/uploads\/2025\/09\/Caravan-Camping-1_1280x720-120x90.webp 120w\" sizes=\"(max-width: 592px) 100vw, 592px\" \/>\t\t<\/a>\n\t<\/div><!-- blog-post-thumb -->\n\t\n\t<div class=\"blog-post-content-wrap\">\n\t\t<div class=\"blog-post-meta\">\n\t\t\t<ul class=\"list-inline\">\n\t\t\t\t\t\t\t\t<li class=\"list-inline-item\">\n\t\t\t\t\t<time datetime=\"Eyl\u00fcl 18, 2025\"><i class=\"houzez-icon icon-calendar-3 mr-1\"><\/i> Eyl\u00fcl 18, 2025<\/time>\n\t\t\t\t<\/li>\n\t\t\t\t\n\t\t\t\t\t\t\t\t<li class=\"list-inline-item\">\n\t\t\t\t\t<i class=\"houzez-icon icon-tags mr-1\"><\/i> <a href=\"https:\/\/gocekrentals.com\/tr\/category\/travel\/\" rel=\"category tag\">Seyahat<\/a>\t\t\t\t<\/li>\n\t\t\t\t\n\t\t\t<\/ul>\n\t\t<\/div><!-- blog-post-meta -->\n\t\t<div class=\"blog-post-title\">\n\t\t\t<h3><a href=\"https:\/\/gocekrentals.com\/tr\/en-guzel-karavan-kamp-alanlari\/\">En G\u00fczel Karavan Kamp Alanlar\u0131<\/a><\/h3>\n\t\t<\/div><!-- blog-post-title -->\n\t\t<div class=\"blog-post-body\">\n\t\t\tCaravan camping is the sweet spot between rugged outdoor living and modern convenience without...\t\t<\/div><!-- blog-post-body -->\n\t\t<div class=\"blog-post-link\">\n\t\t\t<a href=\"https:\/\/gocekrentals.com\/tr\/en-guzel-karavan-kamp-alanlari\/\">okumaya devam et<\/a>\n\t\t<\/div><!-- blog-post-link -->\n\t<\/div><!-- blog-post-content-wrap -->\n\t\t<div class=\"blog-post-author\">\n\t\t<i class=\"houzez-icon icon-single-neutral mr-1\"><\/i> taraf\u0131ndan Gocek Rentals\t<\/div>\n\t<\/div><!-- blog-post-item -->                    <\/div>\n                            <\/div>\n        <\/div>\n\n        \t\t\t\t<\/div>\n\t\t\t\t<\/div>\n\t\t\t\t\t<\/div>\n\t\t<\/div>\n\t\t\t\t\t<\/div>\n\t\t<\/section>\n\t\t\t\t<div class=\"elementor-element elementor-element-6649fbc elementor-widget elementor-widget-spacer\" data-id=\"6649fbc\" data-element_type=\"widget\" data-widget_type=\"spacer.default\">\n\t\t\t\t<div class=\"elementor-widget-container\">\n\t\t\t\t\t\t\t<div class=\"elementor-spacer\">\n\t\t\t<div class=\"elementor-spacer-inner\"><\/div>\n\t\t<\/div>\n\t\t\t\t\t\t<\/div>\n\t\t\t\t<\/div>\n\t\t\t\t\t<\/div>\n\t\t<\/div>\n\t\t\t\t\t<\/div>\n\t\t<\/section>\n\t\t\t\t<\/div>","protected":false},"excerpt":{"rendered":"<p>Rental Properties in Gocek, Turkey: Holiday Villas, Apartments, Cottages We are Gocek\u2019s leading, locally owned and operated real estate and yacht services company specializing in the brokerage of premium Turkey holiday rentals, long-term and short-term lettings, residential properties, commercial real estates, yachts, and aircrafts. Here at Gocek Rentals, we proudly offer both private and institutional [&hellip;]<\/p>","protected":false},"author":2,"featured_media":20361,"parent":16650,"menu_order":0,"comment_status":"closed","ping_status":"closed","template":"template\/template-homepage.php","meta":{"footnotes":""},"class_list":["post-20648","page","type-page","status-publish","has-post-thumbnail","hentry"],"aioseo_notices":[],"_links":{"self":[{"href":"https:\/\/gocekrentals.com\/tr\/wp-json\/wp\/v2\/pages\/20648","targetHints":{"allow":["GET"]}}],"collection":[{"href":"https:\/\/gocekrentals.com\/tr\/wp-json\/wp\/v2\/pages"}],"about":[{"href":"https:\/\/gocekrentals.com\/tr\/wp-json\/wp\/v2\/types\/page"}],"author":[{"embeddable":true,"href":"https:\/\/gocekrentals.com\/tr\/wp-json\/wp\/v2\/users\/2"}],"replies":[{"embeddable":true,"href":"https:\/\/gocekrentals.com\/tr\/wp-json\/wp\/v2\/comments?post=20648"}],"version-history":[{"count":0,"href":"https:\/\/gocekrentals.com\/tr\/wp-json\/wp\/v2\/pages\/20648\/revisions"}],"up":[{"embeddable":true,"href":"https:\/\/gocekrentals.com\/tr\/wp-json\/wp\/v2\/pages\/16650"}],"wp:featuredmedia":[{"embeddable":true,"href":"https:\/\/gocekrentals.com\/tr\/wp-json\/wp\/v2\/media\/20361"}],"wp:attachment":[{"href":"https:\/\/gocekrentals.com\/tr\/wp-json\/wp\/v2\/media?parent=20648"}],"curies":[{"name":"wp","href":"https:\/\/api.w.org\/{rel}","templated":true}]}}