{"id":20614,"date":"2022-11-27T22:07:07","date_gmt":"2022-11-27T22:07:07","guid":{"rendered":"https:\/\/demo.gocekrentals.com\/?page_id=20614"},"modified":"2023-07-13T16:30:39","modified_gmt":"2023-07-13T13:30:39","slug":"rent-a-car","status":"publish","type":"page","link":"https:\/\/gocekrentals.com\/tr\/konsiyerj-hizmetleri\/arac-kiralama\/","title":{"rendered":"Araba kiralama"},"content":{"rendered":"<div data-elementor-type=\"wp-page\" data-elementor-id=\"20614\" class=\"elementor elementor-20614\">\n\t\t\t\t\t\t<section class=\"elementor-section elementor-top-section elementor-element elementor-element-9418b10 elementor-section-boxed elementor-section-height-default elementor-section-height-default\" data-id=\"9418b10\" data-element_type=\"section\">\n\t\t\t\t\t\t<div class=\"elementor-container elementor-column-gap-default\">\n\t\t\t\t\t<div class=\"elementor-column elementor-col-100 elementor-top-column elementor-element elementor-element-a1d4621\" data-id=\"a1d4621\" data-element_type=\"column\">\n\t\t\t<div class=\"elementor-widget-wrap elementor-element-populated\">\n\t\t\t\t\t\t<div class=\"elementor-element elementor-element-eb83db3 elementor-widget elementor-widget-image\" data-id=\"eb83db3\" data-element_type=\"widget\" data-widget_type=\"image.default\">\n\t\t\t\t<div class=\"elementor-widget-container\">\n\t\t\t\t\t\t\t\t\t\t\t\t\t\t\t<img fetchpriority=\"high\" decoding=\"async\" width=\"1920\" height=\"1080\" src=\"https:\/\/gocekrentals.com\/wp-content\/uploads\/2023\/02\/rent-a-car-gocek-rentals-1.jpg\" class=\"attachment-full size-full wp-image-20854\" alt=\"rent a car gocek rentals\" srcset=\"https:\/\/gocekrentals.com\/wp-content\/uploads\/2023\/02\/rent-a-car-gocek-rentals-1.jpg 1920w, https:\/\/gocekrentals.com\/wp-content\/uploads\/2023\/02\/rent-a-car-gocek-rentals-1-300x169.webp 300w, https:\/\/gocekrentals.com\/wp-content\/uploads\/2023\/02\/rent-a-car-gocek-rentals-1-1024x576.webp 1024w, https:\/\/gocekrentals.com\/wp-content\/uploads\/2023\/02\/rent-a-car-gocek-rentals-1-768x432.webp 768w, https:\/\/gocekrentals.com\/wp-content\/uploads\/2023\/02\/rent-a-car-gocek-rentals-1-1536x864.webp 1536w, https:\/\/gocekrentals.com\/wp-content\/uploads\/2023\/02\/rent-a-car-gocek-rentals-1-18x10.webp 18w, https:\/\/gocekrentals.com\/wp-content\/uploads\/2023\/02\/rent-a-car-gocek-rentals-1-1067x600.webp 1067w, https:\/\/gocekrentals.com\/wp-content\/uploads\/2023\/02\/rent-a-car-gocek-rentals-1-496x279.webp 496w\" sizes=\"(max-width: 1920px) 100vw, 1920px\" \/>\t\t\t\t\t\t\t\t\t\t\t\t\t\t\t<\/div>\n\t\t\t\t<\/div>\n\t\t\t\t<div class=\"elementor-element elementor-element-dda0cf5 elementor-widget elementor-widget-houzez-property-breadcrumb\" data-id=\"dda0cf5\" data-element_type=\"widget\" data-widget_type=\"houzez-property-breadcrumb.default\">\n\t\t\t\t<div class=\"elementor-widget-container\">\n\t\t\t\t\t<div class=\"breadcrumb-wrap\"><ol class=\"breadcrumb\"><li class=\"breadcrumb-item breadcrumb-item-home\"><i class=\"houzez-icon icon-house\"><\/i><a href=\"https:\/\/gocekrentals.com\/tr\/\">Ev<\/a><\/li><li class=\"breadcrumb-item active\">Sayfalar<\/li><\/ol><\/div>\t\t\t\t<\/div>\n\t\t\t\t<\/div>\n\t\t\t\t\t<\/div>\n\t\t<\/div>\n\t\t\t\t\t<\/div>\n\t\t<\/section>\n\t\t\t\t<section class=\"elementor-section elementor-top-section elementor-element elementor-element-324d0d4d elementor-section-boxed elementor-section-height-default elementor-section-height-default\" data-id=\"324d0d4d\" data-element_type=\"section\">\n\t\t\t\t\t\t<div class=\"elementor-container elementor-column-gap-default\">\n\t\t\t\t\t<div class=\"elementor-column elementor-col-100 elementor-top-column elementor-element elementor-element-66cac9b8\" data-id=\"66cac9b8\" data-element_type=\"column\">\n\t\t\t<div class=\"elementor-widget-wrap elementor-element-populated\">\n\t\t\t\t\t\t<div class=\"elementor-element elementor-element-42fb15e8 elementor-widget elementor-widget-text-editor\" data-id=\"42fb15e8\" data-element_type=\"widget\" data-widget_type=\"text-editor.default\">\n\t\t\t\t<div class=\"elementor-widget-container\">\n\t\t\t\t\t\t\t\t\t<p>Ekonomik, mini, kompakt, minibus, orta s\u0131n\u0131f, spor, premium ya da SUV. Gocek Rentals olarak seyahatiniz boyunca zevkinize ve b\u00fct\u00e7enize en uygun arac\u0131 g\u00fcnl\u00fck 250 TL\u2019den ba\u015flayan en makul fiyatlarla sunmaktay\u0131z.<\/p>\n<p>Ara\u00e7 kiralama hizmet ak\u0131\u015f\u0131m\u0131zda \u015f\u00f6f\u00f6r\u00fcn\u00fcz sizi havaalan\u0131ndan alarak diledi\u011finiz adrese b\u0131rak\u0131r ve arac\u0131 size teslim eder<\/p>\n<p>D\u00f6n\u00fc\u015fte de ayn\u0131 \u015fekilde adresinize gelerek arac\u0131 teslim al\u0131r ve sizi havaalan\u0131na kadar g\u00f6t\u00fcr\u00fcr.\nSeyahatiniz s\u00fcresinde ara\u00e7 kullanmamak, muhte\u015fem G\u00f6cek manzaras\u0131n\u0131n tad\u0131n\u0131 \u00e7\u0131karmak istiyorsan\u0131z size hak veriyoruz. Dilerseniz tecr\u00fcbeli s\u00f6f\u00f6rlerimiz t\u00fcm konaklaman\u0131z boyunca 7\/24 hizmetinizdedir.<\/p>\n<p>Fiyatlara KDV dahil de\u011fildir (ayr\u0131ca tahsil edilecektir).<\/p>\n<h2 class=\"mphb-price-title\">Ara\u00e7 Kiralama Fiyatlar\u0131<\/h2>\n<p class=\"mphb-price-wrapper\"><span class=\"mphb-price\"><span class=\"mphb-currency\">\u20ac100<\/span><\/span> \/ G\u00fcnl\u00fck \/ Konaklama Ba\u015f\u0131na<\/p>\t\t\t\t\t\t\t\t<\/div>\n\t\t\t\t<\/div>\n\t\t\t\t\t<\/div>\n\t\t<\/div>\n\t\t\t\t\t<\/div>\n\t\t<\/section>\n\t\t<div class=\"elementor-element elementor-element-ba1cf58 e-flex e-con-boxed e-con e-parent\" data-id=\"ba1cf58\" data-element_type=\"container\">\n\t\t\t\t\t<div class=\"e-con-inner\">\n\t\t\t\t<div class=\"elementor-element elementor-element-3917a61 elementor-widget elementor-widget-text-editor\" data-id=\"3917a61\" data-element_type=\"widget\" data-widget_type=\"text-editor.default\">\n\t\t\t\t<div class=\"elementor-widget-container\">\n\t\t\t\t\t\t\t\t\t<h1 dir=\"ltr\" style=\"line-height:1.295;margin-top:12pt;margin-bottom:0pt;\"><span style=\"font-size:16pt;font-family:Calibri,sans-serif;color:#2e75b5;background-color:transparent;font-weight:400;font-style:normal;font-variant:normal;text-decoration:none;vertical-align:baseline;white-space:pre;white-space:pre-wrap;\">G\u00f6cek Ara\u00e7 Kiralama<\/span><\/h1><p dir=\"ltr\" style=\"line-height:1.295;margin-top:0pt;margin-bottom:8pt;\"><span style=\"font-size:11pt;font-family:Calibri,sans-serif;color:#000000;background-color:transparent;font-weight:400;font-style:normal;font-variant:normal;text-decoration:none;vertical-align:baseline;white-space:pre;white-space:pre-wrap;\">\u00dc\u00e7 taraf\u0131 denizlerle \u00e7evrili ve binlerce y\u0131ll\u0131k tarihi ile T\u00fcrkiye t\u00fcm d\u00fcnyan\u0131n ilgisini \u00e7eker. Her y\u0131l milyonlarca turist T\u00fcrkiye\u2019ye gelir. \u0130\u00e7 turizmin de yo\u011fun olarak yap\u0131ld\u0131\u011f\u0131 \u00fclkemizde tatil s\u00fcresi boyunca ara\u00e7 kiralamak tercih edilen y\u00f6ntemler aras\u0131nda bulunur. T\u00fcrkiye\u2019yi ke\u015ffetmek i\u00e7in ara\u00e7 sahibi olmayan ya da ba\u015fka bir kente ge\u00e7ici bir s\u00fcreyle giden ki\u015filer i\u00e7in <\/span><span style=\"font-size:11pt;font-family:Calibri,sans-serif;color:#000000;background-color:transparent;font-weight:700;font-style:normal;font-variant:normal;text-decoration:none;vertical-align:baseline;white-space:pre;white-space:pre-wrap;\">G\u00f6cek Ara\u00e7 Kiralama<\/span><span style=\"font-size:11pt;font-family:Calibri,sans-serif;color:#000000;background-color:transparent;font-weight:400;font-style:normal;font-variant:normal;text-decoration:none;vertical-align:baseline;white-space:pre;white-space:pre-wrap;\"> iyi bir se\u00e7enek olu\u015fturur. <\/span><span style=\"font-size:11pt;font-family:Calibri,sans-serif;color:#000000;background-color:transparent;font-weight:700;font-style:normal;font-variant:normal;text-decoration:none;vertical-align:baseline;white-space:pre;white-space:pre-wrap;\">Mu\u011fla ara\u00e7 kiralama<\/span><span style=\"font-size:11pt;font-family:Calibri,sans-serif;color:#000000;background-color:transparent;font-weight:400;font-style:normal;font-variant:normal;text-decoration:none;vertical-align:baseline;white-space:pre;white-space:pre-wrap;\"> ile T\u00fcrkiye\u2019nin tatil i\u00e7in en \u00e7ok tercih edilen lokasyonlar\u0131 Mu\u011fla\u2019da ula\u015f\u0131m\u0131 rahat bir tatil ge\u00e7irin. Mu\u011fla\u2019ya havayolu ile ula\u015f\u0131m i\u00e7in Dalaman Havaliman\u0131 bulunur. Havaliman\u0131na indikten sonra ise il\u00e7elerine ula\u015f\u0131m i\u00e7in <\/span><span style=\"font-size:11pt;font-family:Calibri,sans-serif;color:#000000;background-color:transparent;font-weight:700;font-style:normal;font-variant:normal;text-decoration:none;vertical-align:baseline;white-space:pre;white-space:pre-wrap;\">G\u00f6cek Ara\u00e7 Kiralama<\/span><span style=\"font-size:11pt;font-family:Calibri,sans-serif;color:#000000;background-color:transparent;font-weight:400;font-style:normal;font-variant:normal;text-decoration:none;vertical-align:baseline;white-space:pre;white-space:pre-wrap;\">, yap\u0131labilir. <\/span><span style=\"font-size:11pt;font-family:Calibri,sans-serif;color:#000000;background-color:transparent;font-weight:700;font-style:normal;font-variant:normal;text-decoration:none;vertical-align:baseline;white-space:pre;white-space:pre-wrap;\">Araba kiralama<\/span><span style=\"font-size:11pt;font-family:Calibri,sans-serif;color:#000000;background-color:transparent;font-weight:400;font-style:normal;font-variant:normal;text-decoration:none;vertical-align:baseline;white-space:pre;white-space:pre-wrap;\">, hizmetindeki yeni model ara\u00e7lar\u0131n bak\u0131mlar\u0131 d\u00fczenli yap\u0131l\u0131r. Bu ara\u00e7lar kiralanarak kentte olunan s\u00fcre i\u00e7inde ula\u015f\u0131m sorunu ya\u015fanmas\u0131n\u0131n \u00f6n\u00fcne ge\u00e7ilir.&nbsp;<\/span><\/p><p dir=\"ltr\" style=\"line-height:1.295;margin-top:0pt;margin-bottom:8pt;\"><span style=\"font-size:11pt;font-family:Calibri,sans-serif;color:#000000;background-color:transparent;font-weight:400;font-style:normal;font-variant:normal;text-decoration:none;vertical-align:baseline;white-space:pre;white-space:pre-wrap;\">G\u00f6cek <\/span><span style=\"font-size:11pt;font-family:Calibri,sans-serif;color:#000000;background-color:transparent;font-weight:700;font-style:normal;font-variant:normal;text-decoration:none;vertical-align:baseline;white-space:pre;white-space:pre-wrap;\">Fethiye ara\u00e7 kiralama<\/span><span style=\"font-size:11pt;font-family:Calibri,sans-serif;color:#000000;background-color:transparent;font-weight:400;font-style:normal;font-variant:normal;text-decoration:none;vertical-align:baseline;white-space:pre;white-space:pre-wrap;\"> hizmeti al\u0131nd\u0131\u011f\u0131nda G\u00f6cek Rentals\u2019a gitme zorunlulu\u011fu bulunmaz. Arac\u0131 hangi noktadan teslim almak istedi\u011finiz belirtmeniz yeterlidir. \u0130stenen noktaya ara\u00e7 getirilir ve teslim edilir. <\/span><span style=\"font-size:11pt;font-family:Calibri,sans-serif;color:#000000;background-color:transparent;font-weight:700;font-style:normal;font-variant:normal;text-decoration:none;vertical-align:baseline;white-space:pre;white-space:pre-wrap;\">Ara\u00e7 kiralama<\/span><span style=\"font-size:11pt;font-family:Calibri,sans-serif;color:#000000;background-color:transparent;font-weight:400;font-style:normal;font-variant:normal;text-decoration:none;vertical-align:baseline;white-space:pre;white-space:pre-wrap;\"> s\u00fcresi sonunda da arac\u0131 istedi\u011finiz noktaya b\u0131rakabilirsiniz. Hijyen konusunun \u00f6neminin anla\u015f\u0131ld\u0131\u011f\u0131 g\u00fcn\u00fcm\u00fczde kiralayaca\u011f\u0131n\u0131z ara\u00e7lar\u0131n detayl\u0131 temizlenerek teslim edildi\u011fini g\u00f6rebilirsiniz.&nbsp;<\/span><\/p><p dir=\"ltr\" style=\"line-height:1.295;margin-top:0pt;margin-bottom:8pt;\"><span style=\"font-size:11pt;font-family:Calibri,sans-serif;color:#000000;background-color:transparent;font-weight:400;font-style:normal;font-variant:normal;text-decoration:none;vertical-align:baseline;white-space:pre;white-space:pre-wrap;\">Mu\u011fla\u2019dan ba\u015flayarak b\u00f6lgedeki tatil beldelerinde ke\u015ffe \u00e7\u0131karak kendi rotan\u0131z\u0131 olu\u015ftururken kiralad\u0131\u011f\u0131n\u0131z arac\u0131 kullanabilirsiniz. <\/span><span style=\"font-size:11pt;font-family:Calibri,sans-serif;color:#000000;background-color:transparent;font-weight:700;font-style:normal;font-variant:normal;text-decoration:none;vertical-align:baseline;white-space:pre;white-space:pre-wrap;\">Araba kiralama<\/span><span style=\"font-size:11pt;font-family:Calibri,sans-serif;color:#000000;background-color:transparent;font-weight:400;font-style:normal;font-variant:normal;text-decoration:none;vertical-align:baseline;white-space:pre;white-space:pre-wrap;\"> hizmeti ile \u00f6zg\u00fcrce plan yapabilir ve ula\u015f\u0131m i\u00e7in belli saatleri beklemek zorunda kalmazs\u0131n\u0131z. Yurt d\u0131\u015f\u0131ndan gelen turistler i\u00e7in oldu\u011fu kadar arac\u0131 ile uzun yola \u00e7\u0131kmak istemeyen ki\u015filer de G\u00f6cek Rentals\u2019\u0131n verdi\u011fi bu hizmetten yararlanabilir.&nbsp;<\/span><\/p><h2 dir=\"ltr\" style=\"line-height:1.295;margin-top:2pt;margin-bottom:0pt;\"><span style=\"font-size:13pt;font-family:Calibri,sans-serif;color:#2e75b5;background-color:transparent;font-weight:400;font-style:normal;font-variant:normal;text-decoration:none;vertical-align:baseline;white-space:pre;white-space:pre-wrap;\">Havaliman\u0131 Ara\u00e7 Kiralama<\/span><\/h2><p dir=\"ltr\" style=\"line-height:1.295;margin-top:0pt;margin-bottom:8pt;\"><span style=\"font-size:11pt;font-family:Calibri,sans-serif;color:#000000;background-color:transparent;font-weight:400;font-style:normal;font-variant:normal;text-decoration:none;vertical-align:baseline;white-space:pre;white-space:pre-wrap;\">Havaliman\u0131 ara\u00e7 kiralama hizmetiyle u\u00e7aktan indi\u011finiz andan itibaren ula\u015f\u0131m i\u00e7in arac\u0131n\u0131z haz\u0131r olur. Ziyaretiniz bitti\u011finde ise arac\u0131 yine havaliman\u0131na b\u0131rakabilir ve kenti terk edebilirsiniz. Y\u0131l\u0131n her g\u00fcn\u00fc \u00e7ok say\u0131da ki\u015finin ziyaret etti\u011fi Mu\u011fla ve il\u00e7elerinde ula\u015f\u0131m sorunu ya\u015fanmamas\u0131 ad\u0131na \u00f6nceden rezervasyon yap\u0131lmas\u0131 gerekiyor. <\/span><span style=\"font-size:11pt;font-family:Calibri,sans-serif;color:#000000;background-color:transparent;font-weight:700;font-style:normal;font-variant:normal;text-decoration:none;vertical-align:baseline;white-space:pre;white-space:pre-wrap;\">Havaliman\u0131 araba kiralamaya<\/span><span style=\"font-size:11pt;font-family:Calibri,sans-serif;color:#000000;background-color:transparent;font-weight:400;font-style:normal;font-variant:normal;text-decoration:none;vertical-align:baseline;white-space:pre;white-space:pre-wrap;\">, g\u00f6sterilen yo\u011fun ilgi nedeniyle son dakikaya b\u0131rak\u0131lan kiralama iste\u011finin kar\u015f\u0131l\u0131k bulmas\u0131 g\u00fc\u00e7 olabilir. <\/span><span style=\"font-size:11pt;font-family:Calibri,sans-serif;color:#000000;background-color:transparent;font-weight:700;font-style:normal;font-variant:normal;text-decoration:none;vertical-align:baseline;white-space:pre;white-space:pre-wrap;\">Kiralanan ara\u00e7<\/span><span style=\"font-size:11pt;font-family:Calibri,sans-serif;color:#000000;background-color:transparent;font-weight:400;font-style:normal;font-variant:normal;text-decoration:none;vertical-align:baseline;white-space:pre;white-space:pre-wrap;\">ile sorunsuz ula\u015f\u0131m m\u00fcmk\u00fcn. Kalabal\u0131k aileler ve gruplar i\u00e7in uygun b\u00fcy\u00fckl\u00fckte ara\u00e7 sunuluyor.&nbsp;<\/span><\/p><p dir=\"ltr\" style=\"line-height:1.295;margin-top:0pt;margin-bottom:8pt;\"><span style=\"font-size:11pt;font-family:Calibri,sans-serif;color:#000000;background-color:transparent;font-weight:400;font-style:normal;font-variant:normal;text-decoration:none;vertical-align:baseline;white-space:pre;white-space:pre-wrap;\">Ara\u00e7 kiralama s\u00fcresi konusunda G\u00f6cek Rentals m\u00fc\u015fterilerini s\u0131n\u0131rlamaz. <\/span><span style=\"font-size:11pt;font-family:Calibri,sans-serif;color:#000000;background-color:transparent;font-weight:700;font-style:normal;font-variant:normal;text-decoration:none;vertical-align:baseline;white-space:pre;white-space:pre-wrap;\">G\u00fcnl\u00fck ara\u00e7 kiralama<\/span><span style=\"font-size:11pt;font-family:Calibri,sans-serif;color:#000000;background-color:transparent;font-weight:400;font-style:normal;font-variant:normal;text-decoration:none;vertical-align:baseline;white-space:pre;white-space:pre-wrap;\"> se\u00e7ene\u011finin yan\u0131nda daha uzun s\u00fcreler i\u00e7in kiralanmas\u0131 da m\u00fcmk\u00fcn. Yetkililer ile yapaca\u011f\u0131n\u0131z g\u00f6r\u00fc\u015fmede araca ka\u00e7 g\u00fcn i\u00e7in ihtiyac\u0131n\u0131z\u0131n oldu\u011funu belirtmeniz yeterli. Uygun s\u00fcre i\u00e7in arac\u0131n rezervasyonu yap\u0131l\u0131r. Arac\u0131 teslim ald\u0131ktan sonra kullan\u0131m s\u00fcrenizin uzamas\u0131 h\u00e2linde bunu belirtti\u011finizde kiralaman\u0131n s\u00fcresi de uzat\u0131l\u0131r.&nbsp;<\/span><\/p><p dir=\"ltr\" style=\"line-height:1.295;margin-top:0pt;margin-bottom:8pt;\"><span style=\"font-size:11pt;font-family:Calibri,sans-serif;color:#000000;background-color:transparent;font-weight:400;font-style:normal;font-variant:normal;text-decoration:none;vertical-align:baseline;white-space:pre;white-space:pre-wrap;\">Fethiye g\u00fcnl\u00fck ara\u00e7 kiralama ile yapaca\u011f\u0131n\u0131z planlar\u0131 \u00f6zg\u00fcrce hayata ge\u00e7irme olana\u011f\u0131 bulabilirsiniz. <\/span><span style=\"font-size:11pt;font-family:Calibri,sans-serif;color:#000000;background-color:transparent;font-weight:700;font-style:normal;font-variant:normal;text-decoration:none;vertical-align:baseline;white-space:pre;white-space:pre-wrap;\">Tatilde ara\u00e7 kiralama<\/span><span style=\"font-size:11pt;font-family:Calibri,sans-serif;color:#000000;background-color:transparent;font-weight:400;font-style:normal;font-variant:normal;text-decoration:none;vertical-align:baseline;white-space:pre;white-space:pre-wrap;\">s\u0131ras\u0131nda teslim almak i\u00e7in firman\u0131n merkezine gitmenize gerek kalmaz. Teslim almak istedi\u011finiz adresi belirtmeniz yeterli. <\/span><span style=\"font-size:11pt;font-family:Calibri,sans-serif;color:#000000;background-color:transparent;font-weight:700;font-style:normal;font-variant:normal;text-decoration:none;vertical-align:baseline;white-space:pre;white-space:pre-wrap;\">Kiralanan ara\u00e7<\/span><span style=\"font-size:11pt;font-family:Calibri,sans-serif;color:#000000;background-color:transparent;font-weight:400;font-style:normal;font-variant:normal;text-decoration:none;vertical-align:baseline;white-space:pre;white-space:pre-wrap;\"> istedi\u011finiz adrese getirilir ve tam zaman\u0131nda teslim edilir. \u00c7ok say\u0131da ara\u00e7 modeli bulunur ve sizin de bunlar aras\u0131ndan \u00f6zg\u00fcrce se\u00e7imler yapman\u0131z sa\u011flan\u0131r.&nbsp;<\/span><\/p><p><span id=\"docs-internal-guid-a3b4a4a0-7fff-351c-ec7a-948cdad9d2d7\"><\/span><\/p><p dir=\"ltr\" style=\"line-height:1.295;margin-top:0pt;margin-bottom:8pt;\"><span style=\"font-size:11pt;font-family:Calibri,sans-serif;color:#000000;background-color:transparent;font-weight:400;font-style:normal;font-variant:normal;text-decoration:none;vertical-align:baseline;white-space:pre;white-space:pre-wrap;\">Ara\u00e7 kiralaman\u0131n pek \u00e7ok avantaj\u0131 bulunur. Bunlardan biri, ula\u015f\u0131m i\u00e7in belli saatleri bekleme zorunlulu\u011funun ortadan kalkmas\u0131. Ayr\u0131ca arac\u0131n bak\u0131m\u0131 yap\u0131lm\u0131\u015f yeni model olmas\u0131 ile ar\u0131za yaparak yolda b\u0131rakma sorunu olmas\u0131n\u0131n \u00f6n\u00fcne ge\u00e7ilir.<\/span><\/p>\t\t\t\t\t\t\t\t<\/div>\n\t\t\t\t<\/div>\n\t\t\t\t\t<\/div>\n\t\t\t\t<\/div>\n\t\t\t\t<\/div>","protected":false},"excerpt":{"rendered":"<p>Our wide selection of rental cars comprises of economy, mini, compact, people carrier, intermediate, sport, premium&nbsp;and SUV&nbsp;those would meet any taste and budget with unbeatable prices in the market. If you need; our drivers would meet you at the airport or at any meeting point you desire. Once you reach your destination, they leave the [&hellip;]<\/p>","protected":false},"author":2,"featured_media":19913,"parent":19903,"menu_order":0,"comment_status":"closed","ping_status":"closed","template":"template\/template-homepage.php","meta":{"footnotes":""},"class_list":["post-20614","page","type-page","status-publish","has-post-thumbnail","hentry"],"aioseo_notices":[],"_links":{"self":[{"href":"https:\/\/gocekrentals.com\/tr\/wp-json\/wp\/v2\/pages\/20614","targetHints":{"allow":["GET"]}}],"collection":[{"href":"https:\/\/gocekrentals.com\/tr\/wp-json\/wp\/v2\/pages"}],"about":[{"href":"https:\/\/gocekrentals.com\/tr\/wp-json\/wp\/v2\/types\/page"}],"author":[{"embeddable":true,"href":"https:\/\/gocekrentals.com\/tr\/wp-json\/wp\/v2\/users\/2"}],"replies":[{"embeddable":true,"href":"https:\/\/gocekrentals.com\/tr\/wp-json\/wp\/v2\/comments?post=20614"}],"version-history":[{"count":0,"href":"https:\/\/gocekrentals.com\/tr\/wp-json\/wp\/v2\/pages\/20614\/revisions"}],"up":[{"embeddable":true,"href":"https:\/\/gocekrentals.com\/tr\/wp-json\/wp\/v2\/pages\/19903"}],"wp:featuredmedia":[{"embeddable":true,"href":"https:\/\/gocekrentals.com\/tr\/wp-json\/wp\/v2\/media\/19913"}],"wp:attachment":[{"href":"https:\/\/gocekrentals.com\/tr\/wp-json\/wp\/v2\/media?parent=20614"}],"curies":[{"name":"wp","href":"https:\/\/api.w.org\/{rel}","templated":true}]}}