{"id":20602,"date":"2022-11-27T20:48:44","date_gmt":"2022-11-27T20:48:44","guid":{"rendered":"https:\/\/demo.gocekrentals.com\/?page_id=20602"},"modified":"2023-07-13T16:28:43","modified_gmt":"2023-07-13T13:28:43","slug":"antalya-airport-transfer","status":"publish","type":"page","link":"https:\/\/gocekrentals.com\/tr\/konsiyerj-hizmetleri\/antalya-havalimani-transferi\/","title":{"rendered":"ANTALYA HAVAL\u0130MANI TRANSFER\u0130"},"content":{"rendered":"<div data-elementor-type=\"wp-page\" data-elementor-id=\"20602\" class=\"elementor elementor-20602\">\n\t\t\t\t\t\t<section class=\"elementor-section elementor-top-section elementor-element elementor-element-9418b10 elementor-section-boxed elementor-section-height-default elementor-section-height-default\" data-id=\"9418b10\" data-element_type=\"section\">\n\t\t\t\t\t\t<div class=\"elementor-container elementor-column-gap-default\">\n\t\t\t\t\t<div class=\"elementor-column elementor-col-100 elementor-top-column elementor-element elementor-element-a1d4621\" data-id=\"a1d4621\" data-element_type=\"column\">\n\t\t\t<div class=\"elementor-widget-wrap elementor-element-populated\">\n\t\t\t\t\t\t<div class=\"elementor-element elementor-element-eb83db3 elementor-widget elementor-widget-image\" data-id=\"eb83db3\" data-element_type=\"widget\" data-widget_type=\"image.default\">\n\t\t\t\t<div class=\"elementor-widget-container\">\n\t\t\t\t\t\t\t\t\t\t\t\t\t\t\t<img fetchpriority=\"high\" decoding=\"async\" width=\"1500\" height=\"1125\" src=\"https:\/\/gocekrentals.com\/wp-content\/uploads\/2023\/02\/antalya-airport.jpg\" class=\"attachment-full size-full wp-image-21089\" alt=\"antalya airport\" srcset=\"https:\/\/gocekrentals.com\/wp-content\/uploads\/2023\/02\/antalya-airport.jpg 1500w, https:\/\/gocekrentals.com\/wp-content\/uploads\/2023\/02\/antalya-airport-300x225.webp 300w, https:\/\/gocekrentals.com\/wp-content\/uploads\/2023\/02\/antalya-airport-1024x768.webp 1024w, https:\/\/gocekrentals.com\/wp-content\/uploads\/2023\/02\/antalya-airport-768x576.webp 768w, https:\/\/gocekrentals.com\/wp-content\/uploads\/2023\/02\/antalya-airport-16x12.webp 16w, https:\/\/gocekrentals.com\/wp-content\/uploads\/2023\/02\/antalya-airport-592x444.webp 592w, https:\/\/gocekrentals.com\/wp-content\/uploads\/2023\/02\/antalya-airport-584x438.webp 584w, https:\/\/gocekrentals.com\/wp-content\/uploads\/2023\/02\/antalya-airport-800x600.webp 800w, https:\/\/gocekrentals.com\/wp-content\/uploads\/2023\/02\/antalya-airport-120x90.webp 120w, https:\/\/gocekrentals.com\/wp-content\/uploads\/2023\/02\/antalya-airport-496x372.webp 496w\" sizes=\"(max-width: 1500px) 100vw, 1500px\" \/>\t\t\t\t\t\t\t\t\t\t\t\t\t\t\t<\/div>\n\t\t\t\t<\/div>\n\t\t\t\t<div class=\"elementor-element elementor-element-dda0cf5 elementor-widget elementor-widget-houzez-property-breadcrumb\" data-id=\"dda0cf5\" data-element_type=\"widget\" data-widget_type=\"houzez-property-breadcrumb.default\">\n\t\t\t\t<div class=\"elementor-widget-container\">\n\t\t\t\t\t<div class=\"breadcrumb-wrap\"><ol class=\"breadcrumb\"><li class=\"breadcrumb-item breadcrumb-item-home\"><i class=\"houzez-icon icon-house\"><\/i><a href=\"https:\/\/gocekrentals.com\/tr\/\">Ev<\/a><\/li><li class=\"breadcrumb-item active\">Sayfalar<\/li><\/ol><\/div>\t\t\t\t<\/div>\n\t\t\t\t<\/div>\n\t\t\t\t\t<\/div>\n\t\t<\/div>\n\t\t\t\t\t<\/div>\n\t\t<\/section>\n\t\t\t\t<section class=\"elementor-section elementor-top-section elementor-element elementor-element-324d0d4d elementor-section-boxed elementor-section-height-default elementor-section-height-default\" data-id=\"324d0d4d\" data-element_type=\"section\">\n\t\t\t\t\t\t<div class=\"elementor-container elementor-column-gap-default\">\n\t\t\t\t\t<div class=\"elementor-column elementor-col-100 elementor-top-column elementor-element elementor-element-66cac9b8\" data-id=\"66cac9b8\" data-element_type=\"column\">\n\t\t\t<div class=\"elementor-widget-wrap elementor-element-populated\">\n\t\t\t\t\t\t<div class=\"elementor-element elementor-element-42fb15e8 elementor-widget elementor-widget-text-editor\" data-id=\"42fb15e8\" data-element_type=\"widget\" data-widget_type=\"text-editor.default\">\n\t\t\t\t<div class=\"elementor-widget-container\">\n\t\t\t\t\t\t\t\t\t<p class=\" translation-block\"><a href=\"https:\/\/www.antalya-airport.aero\/anasayfa\" target=\"_self\">Antalya Havaliman\u0131ndan<\/a> geni\u015f ara\u00e7 se\u00e7eneklerimiz ile diledi\u011finiz zamanda, diledi\u011finiz s\u0131n\u0131fta, diledi\u011finiz kapasitede konforlu ve g\u00fcvenli havaalan\u0131 transferi hizmetlerini \u20ac190\u2019dan ba\u015flayan avantajl\u0131 fiyatlarla sunuyoruz.\nYapman\u0131z gereken tek \u015fey u\u00e7u\u015f detaylar\u0131n\u0131z\u0131 ve varsa \u00f6zel taleplerinizi bizlere eposta kanal\u0131yla g\u00f6ndermeniz. \u015e\u00f6f\u00f6r\u00fcn\u00fcz geli\u015f saatinizde havaalan\u0131n\u0131n \u00e7\u0131k\u0131\u015f kap\u0131s\u0131nda sizi bekliyor olacak. Araban\u0131za binip, kemerlerinizi ba\u011flay\u0131n ve g\u00f6zlerinizi ay\u0131ramayaca\u011f\u0131n\u0131z muhte\u015fem manzaralar e\u015fli\u011finde g\u00fcvenli yolculu\u011funuzun tad\u0131n\u0131 \u00e7\u0131kar\u0131n.<\/p>\n<p>Fiyatlara KDV dahil de\u011fildir (ayr\u0131ca tahsil edilecektir).<\/p>\n<h2 class=\"mphb-price-title\">Fiyat:<\/h2>\n<p class=\"mphb-price-wrapper\"><span class=\"mphb-price\"><span class=\"mphb-currency\">\u20ac<\/span>190<\/span> \/ Bir Kez \/ Konaklama Ba\u015f\u0131na<\/p>\t\t\t\t\t\t\t\t<\/div>\n\t\t\t\t<\/div>\n\t\t\t\t\t<\/div>\n\t\t<\/div>\n\t\t\t\t\t<\/div>\n\t\t<\/section>\n\t\t\t\t<section class=\"elementor-section elementor-top-section elementor-element elementor-element-3ad4539 elementor-section-boxed elementor-section-height-default elementor-section-height-default\" data-id=\"3ad4539\" data-element_type=\"section\">\n\t\t\t\t\t\t<div class=\"elementor-container elementor-column-gap-default\">\n\t\t\t\t\t<div class=\"elementor-column elementor-col-100 elementor-top-column elementor-element elementor-element-36c8a19\" data-id=\"36c8a19\" data-element_type=\"column\">\n\t\t\t<div class=\"elementor-widget-wrap\">\n\t\t\t\t\t\t\t<\/div>\n\t\t<\/div>\n\t\t\t\t\t<\/div>\n\t\t<\/section>\n\t\t<div class=\"elementor-element elementor-element-82f8858 e-flex e-con-boxed e-con e-parent\" data-id=\"82f8858\" data-element_type=\"container\">\n\t\t\t\t\t<div class=\"e-con-inner\">\n\t\t\t\t<div class=\"elementor-element elementor-element-478f1de elementor-widget elementor-widget-text-editor\" data-id=\"478f1de\" data-element_type=\"widget\" data-widget_type=\"text-editor.default\">\n\t\t\t\t<div class=\"elementor-widget-container\">\n\t\t\t\t\t\t\t\t\t<h1 dir=\"ltr\" style=\"line-height: 1.295; margin-top: 12pt; margin-bottom: 0pt;\"><span style=\"font-size: 16pt; font-family: Calibri,sans-serif; color: #2e75b5; background-color: transparent; font-weight: 400; font-style: normal; font-variant: normal; text-decoration: none; vertical-align: baseline; white-space: pre-wrap;\">ANTALYA HAVAL\u0130MANI TRANSFER\u0130<\/span><\/h1><p dir=\"ltr\" style=\"line-height: 1.295; margin-top: 0pt; margin-bottom: 8pt;\"><span style=\"font-size: 11pt; font-family: Calibri,sans-serif; color: #000000; background-color: transparent; font-weight: 400; font-style: normal; font-variant: normal; text-decoration: none; vertical-align: baseline; white-space: pre-wrap;\">Antalya, Akdeniz B\u00f6lgesi\u2019nde tatil ve turizm merkezi olarak her y\u0131l milyonlarca ki\u015fi taraf\u0131ndan ziyaret edilir. \u015eehre ula\u015f\u0131m i\u00e7in Antalya Havaliman\u0131, kent merkezine yak\u0131n bir konumda yer al\u0131r. <\/span><span style=\"font-size: 11pt; font-family: Calibri,sans-serif; color: #000000; background-color: transparent; font-weight: bold; font-style: normal; font-variant: normal; text-decoration: none; vertical-align: baseline; white-space: pre-wrap;\">Antalya havaliman\u0131 transferi<\/span><span style=\"font-size: 11pt; font-family: Calibri,sans-serif; color: #000000; background-color: transparent; font-weight: 400; font-style: normal; font-variant: normal; text-decoration: none; vertical-align: baseline; white-space: pre-wrap;\"> hizmeti ile \u015fehre gelen ki\u015filer <\/span><span style=\"font-size: 11pt; font-family: Calibri,sans-serif; color: #000000; background-color: transparent; font-weight: bold; font-style: normal; font-variant: normal; text-decoration: none; vertical-align: baseline; white-space: pre-wrap;\">Antalya havaliman\u0131 transferi<\/span><span style=\"font-size: 11pt; font-family: Calibri,sans-serif; color: #000000; background-color: transparent; font-weight: 400; font-style: normal; font-variant: normal; text-decoration: none; vertical-align: baseline; white-space: pre-wrap;\"> ile havaliman\u0131ndan al\u0131narak gidecekleri noktaya ula\u015f\u0131m\u0131 ger\u00e7ekle\u015ftirilebilir. Bu hizmetin al\u0131nmas\u0131 ile u\u00e7aktan indikten sonra bekleme ve ara\u00e7 arama gibi sorunlar ya\u015fanmas\u0131n\u0131n \u00f6n\u00fcne ge\u00e7mek m\u00fcmk\u00fcn.<\/span><\/p><p dir=\"ltr\" style=\"line-height: 1.295; margin-top: 0pt; margin-bottom: 8pt;\"><span style=\"font-size: 11pt; font-family: Calibri,sans-serif; color: #000000; background-color: transparent; font-weight: 400; font-style: normal; font-variant: normal; text-decoration: none; vertical-align: baseline; white-space: pre-wrap;\">Uluslararas\u0131 olarak hizmet veren havaliman\u0131ndan kent merkezine ve yak\u0131n lokasyonlarda bulunan tatil beldelerine ula\u015f\u0131m i\u00e7in bu hizmet tercih ediliyor. Il\u0131man iklimi ile y\u0131l\u0131n her g\u00fcn\u00fc turistlerin ilgi oda\u011f\u0131nda olan Antalya\u2019da havaliman\u0131nda s\u00fcrekli bir yo\u011funluk ya\u015fanabilir. <\/span><span style=\"font-size: 11pt; font-family: Calibri,sans-serif; color: #000000; background-color: transparent; font-weight: bold; font-style: normal; font-variant: normal; text-decoration: none; vertical-align: baseline; white-space: pre-wrap;\">Antalya'dan havaliman\u0131 transferi<\/span><span style=\"font-size: 11pt; font-family: Calibri,sans-serif; color: #000000; background-color: transparent; font-weight: 400; font-style: normal; font-variant: normal; text-decoration: none; vertical-align: baseline; white-space: pre-wrap;\"> \u015fehire gelen ki\u015filerin zaman kaybetmemesi i\u00e7in \u00e7ok uygun bir hizmettir. Yo\u011funluk kar\u015f\u0131s\u0131nda taksi bulma ya da ara\u00e7 kiralamak g\u00fc\u00e7 olabilir. Bu g\u00fc\u00e7l\u00fc\u011f\u00fc ya\u015famamak ad\u0131na kente gelmeden \u00f6nce firma ile ileti\u015fime ge\u00e7erek rezervasyon yapt\u0131r\u0131lmas\u0131 yarar var. <\/span><span style=\"font-size: 11pt; font-family: Calibri,sans-serif; color: #000000; background-color: transparent; font-weight: bold; font-style: normal; font-variant: normal; text-decoration: none; vertical-align: baseline; white-space: pre-wrap;\">Antalya havaliman\u0131 transferi<\/span><span style=\"font-size: 11pt; font-family: Calibri,sans-serif; color: #000000; background-color: transparent; font-weight: 400; font-style: normal; font-variant: normal; text-decoration: none; vertical-align: baseline; white-space: pre-wrap;\"> hizmetinden yararlanarak havaliman\u0131ndan konaklayaca\u011f\u0131n\u0131z noktaya ya da tatiliniz bittikten sonra havaliman\u0131na ula\u015f\u0131m\u0131 sorunsuz yapman\u0131z m\u00fcmk\u00fcn. \u015eof\u00f6r\u00fcn\u00fcz sizi tam saatinde al\u0131r ve ge\u00e7 kalman\u0131za kesinlikle izin verilmez. Transfer hizmetinden yararlan\u0131lmas\u0131 ile birlikte \u015fehirde kaybolma ya da adres bulmak i\u00e7in zaman kaybetme sorunlar\u0131n\u0131n da \u00f6n\u00fcne ge\u00e7ilir. Antalya Havaliman\u0131 G\u00f6cek transfer hizmeti alarak bu tatil beldesine ula\u015f\u0131m k\u0131sa s\u00fcrede yapabilirsiniz. <\/span><span style=\"font-size: 11pt; font-family: Calibri,sans-serif; color: #000000; background-color: transparent; font-weight: bold; font-style: normal; font-variant: normal; text-decoration: none; vertical-align: baseline; white-space: pre-wrap;\">Antalya havaliman\u0131 transferlerinde<\/span><span style=\"font-size: 11pt; font-family: Calibri,sans-serif; color: #000000; background-color: transparent; font-weight: 400; font-style: normal; font-variant: normal; text-decoration: none; vertical-align: baseline; white-space: pre-wrap;\"> ge\u00e7ti\u011fimiz y\u0131llarda ya\u015fanan pandemiden sonra hijyen konusu pek \u00e7ok ki\u015finin g\u00fcndeminde yer almaya devam ediyor. Bu sebeple kalabal\u0131k aileler ve gruplar oldu\u011funda uygun b\u00fcy\u00fckl\u00fckte ara\u00e7lar ile transfer ger\u00e7ekle\u015ftirilir. <\/span><span style=\"font-size: 11pt; font-family: Calibri,sans-serif; color: #000000; background-color: transparent; font-weight: bold; font-style: normal; font-variant: normal; text-decoration: none; vertical-align: baseline; white-space: pre-wrap;\">Antalya havaliman\u0131 transferi<\/span><span style=\"font-size: 11pt; font-family: Calibri,sans-serif; color: #000000; background-color: transparent; font-weight: 400; font-style: normal; font-variant: normal; text-decoration: none; vertical-align: baseline; white-space: pre-wrap;\"> ile kalabal\u0131k aile ve gruplar\u0131n \u00f6nceden belirtilmesiyle uygun b\u00fcy\u00fckl\u00fckte ara\u00e7 g\u00f6nderimi yap\u0131l\u0131r.\u00a0<\/span><\/p><h2 dir=\"ltr\" style=\"line-height: 1.295; margin-top: 2pt; margin-bottom: 0pt;\"><span style=\"font-size: 13pt; font-family: Calibri,sans-serif; color: #2e75b5; background-color: transparent; font-weight: 400; font-style: normal; font-variant: normal; text-decoration: none; vertical-align: baseline; white-space: pre-wrap;\">Antalya Havaliman\u0131 Ara\u00e7 Kiralama<\/span><\/h2><p dir=\"ltr\" style=\"line-height: 1.295; margin-top: 0pt; margin-bottom: 8pt;\"><span style=\"font-size: 11pt; font-family: Calibri,sans-serif; color: #000000; background-color: transparent; font-weight: 400; font-style: normal; font-variant: normal; text-decoration: none; vertical-align: baseline; white-space: pre-wrap;\">Antalya havaliman\u0131ndan kent merkezine ve istedi\u011finiz lokasyona ula\u015f\u0131m amac\u0131yla ara\u00e7 kiralaman\u0131z m\u00fcmk\u00fcn. Araba kiralama hizmetinin al\u0131nmas\u0131 ile kentte olman\u0131n keyfini ikiye katlayabilirsiniz. Uygun fiyatla ara\u00e7 kiralay\u0131p yeni model ara\u00e7larla g\u00fcn\u00fcn her saatinde istenen her noktaya ula\u015f\u0131m sa\u011flayabilirsiniz. Antalya ve \u00e7evresinde yer alan tatil beldeleri her y\u0131l \u00e7ok say\u0131da ki\u015fiyi a\u011f\u0131rlar. Bundan dolay\u0131 taksi bulmak ve toplu ta\u015f\u0131ma ara\u00e7lar\u0131n\u0131 kullanmak g\u00fc\u00e7 olabilir.\u00a0<\/span><\/p><p dir=\"ltr\" style=\"line-height: 1.295; margin-top: 0pt; margin-bottom: 8pt;\"><span style=\"font-size: 11pt; font-family: Calibri,sans-serif; color: #000000; background-color: transparent; font-weight: 400; font-style: normal; font-variant: normal; text-decoration: none; vertical-align: baseline; white-space: pre-wrap;\">\u00d6zel ara\u00e7 kiralanmas\u0131 ile ayr\u0131ca hijyen konusunda da endi\u015felerin ya\u015fanmas\u0131n\u0131n \u00f6n\u00fcne ge\u00e7iliyor. \u00c7ocuklu aileler, bebek koltu\u011fu da ekleyebilir. Bu sayede \u00e7ocuklar\u0131nda ara\u00e7 i\u00e7inde g\u00fcvende olmas\u0131 m\u00fcmk\u00fcn. Ara\u00e7 kiralayarak tatil rotan\u0131z\u0131 \u00f6zg\u00fcrce olu\u015fturup Antalya ve \u00e7evresinde bulunan tatil beldelerinde ke\u015ffe \u00e7\u0131kabilirsiniz. <\/span><span style=\"font-size: 11pt; font-family: Calibri,sans-serif; color: #000000; background-color: transparent; font-weight: bold; font-style: normal; font-variant: normal; text-decoration: none; vertical-align: baseline; white-space: pre-wrap;\">Antalya havaliman\u0131 ara\u00e7 kiralama hizmetinde<\/span><span style=\"font-size: 11pt; font-family: Calibri,sans-serif; color: #000000; background-color: transparent; font-weight: 400; font-style: normal; font-variant: normal; text-decoration: none; vertical-align: baseline; white-space: pre-wrap;\"> ile \u015fehirde bulunan zaman i\u00e7inde ara\u00e7 sorunu ya\u015fanmas\u0131n\u0131n \u00f6n\u00fcne ge\u00e7ilir. <\/span><span style=\"font-size: 11pt; font-family: Calibri,sans-serif; color: #000000; background-color: transparent; font-weight: bold; font-style: normal; font-variant: normal; text-decoration: none; vertical-align: baseline; white-space: pre-wrap;\">Antalya havaliman\u0131 rent a car hizmetinden<\/span><span style=\"font-size: 11pt; font-family: Calibri,sans-serif; color: #000000; background-color: transparent; font-weight: 400; font-style: normal; font-variant: normal; text-decoration: none; vertical-align: baseline; white-space: pre-wrap;\"> Antalya ya da \u00e7evre il\u00e7elerinde tatil plan\u0131 yapt\u0131ktan sonra rezervasyonu G\u00f6cek Rentals sitesinden kolayca yapabilirsiniz.\u00a0<\/span><\/p><p dir=\"ltr\" style=\"line-height: 1.295; margin-top: 0pt; margin-bottom: 8pt;\"><span style=\"font-size: 11pt; font-family: Calibri,sans-serif; color: #000000; background-color: transparent; font-weight: 400; font-style: normal; font-variant: normal; text-decoration: none; vertical-align: baseline; white-space: pre-wrap;\">Geni\u015f ara\u00e7 filosu bulunan firma m\u00fc\u015fterilerine spor, aile ve arazi arac\u0131 gibi \u00e7ok say\u0131da avantaj sunar. Rezervasyon yapmadan \u00f6nce ka\u00e7 ki\u015fi oldu\u011funuzu belirtmeniz \u00f6nemli bir detay. Canl\u0131 deste\u011fi kesintisiz veren firma yetkilileri ile g\u00f6r\u00fc\u015ferek istedi\u011finiz tarihler aras\u0131nda en uygun arac\u0131 kiralayabilirsiniz. <\/span><span style=\"font-size: 11pt; font-family: Calibri,sans-serif; color: #000000; background-color: transparent; font-weight: bold; font-style: normal; font-variant: normal; text-decoration: none; vertical-align: baseline; white-space: pre-wrap;\">Antalya havaliman\u0131 ara\u00e7 kiralama hizmetinde<\/span><span style=\"font-size: 11pt; font-family: Calibri,sans-serif; color: #000000; background-color: transparent; font-weight: 400; font-style: normal; font-variant: normal; text-decoration: none; vertical-align: baseline; white-space: pre-wrap;\"> arac\u0131n kullan\u0131lmas\u0131 s\u0131ras\u0131nda da olas\u0131 ihtiya\u00e7lar\u0131n\u0131z i\u00e7in anl\u0131k destek verilir. Arac\u0131n ar\u0131za yapmas\u0131 ya da kaza h\u00e2linde yeni ara\u00e7 tahsis edilerek sorun ya\u015faman\u0131z\u0131n \u00f6n\u00fcne ge\u00e7ilir.\u00a0<\/span><\/p><p>\u00a0<\/p><p dir=\"ltr\" style=\"line-height: 1.295; margin-top: 0pt; margin-bottom: 8pt;\"><span style=\"font-size: 11pt; font-family: Calibri,sans-serif; color: #000000; background-color: transparent; font-weight: 400; font-style: normal; font-variant: normal; text-decoration: none; vertical-align: baseline; white-space: pre-wrap;\">Antalya havaliman\u0131 rent a car hizmetlerinden yararlanarak \u00f6demenizi kredi kart\u0131 ile yapabilirsiniz. Rezervasyon yapt\u0131ran ki\u015filerin 12 saat \u00f6nceden iptal ettirmeleri h\u00e2linde herhangi bir \u00f6deme yapmalar\u0131na gerek bulunmaz. Toplu ta\u015f\u0131ma ara\u00e7lar\u0131n\u0131 ya da taksi bekleme sorununa son vermek i\u00e7in Antalya\u2019ya indi\u011finiz anda sizi bekliyor olacak arac\u0131 kiralayabilirsiniz. Arac\u0131 kullanmak istemedi\u011finizde ise transfer hizmetlerinden yararlanabilirsiniz.<\/span><\/p>\t\t\t\t\t\t\t\t<\/div>\n\t\t\t\t<\/div>\n\t\t\t\t\t<\/div>\n\t\t\t\t<\/div>\n\t\t\t\t<\/div>","protected":false},"excerpt":{"rendered":"<p>We offer comfortable and secure Antalya airport transfer services by a wide selection of cars for any taste, any capacity in any time with the best rates in the market starting from \u20ac190. To make an inquiry; simply email us your flight details and special requirement requests if there is any. Your driver will be [&hellip;]<\/p>","protected":false},"author":1,"featured_media":19913,"parent":19903,"menu_order":0,"comment_status":"closed","ping_status":"closed","template":"template\/template-homepage.php","meta":{"footnotes":""},"class_list":["post-20602","page","type-page","status-publish","has-post-thumbnail","hentry"],"aioseo_notices":[],"_links":{"self":[{"href":"https:\/\/gocekrentals.com\/tr\/wp-json\/wp\/v2\/pages\/20602","targetHints":{"allow":["GET"]}}],"collection":[{"href":"https:\/\/gocekrentals.com\/tr\/wp-json\/wp\/v2\/pages"}],"about":[{"href":"https:\/\/gocekrentals.com\/tr\/wp-json\/wp\/v2\/types\/page"}],"author":[{"embeddable":true,"href":"https:\/\/gocekrentals.com\/tr\/wp-json\/wp\/v2\/users\/1"}],"replies":[{"embeddable":true,"href":"https:\/\/gocekrentals.com\/tr\/wp-json\/wp\/v2\/comments?post=20602"}],"version-history":[{"count":0,"href":"https:\/\/gocekrentals.com\/tr\/wp-json\/wp\/v2\/pages\/20602\/revisions"}],"up":[{"embeddable":true,"href":"https:\/\/gocekrentals.com\/tr\/wp-json\/wp\/v2\/pages\/19903"}],"wp:featuredmedia":[{"embeddable":true,"href":"https:\/\/gocekrentals.com\/tr\/wp-json\/wp\/v2\/media\/19913"}],"wp:attachment":[{"href":"https:\/\/gocekrentals.com\/tr\/wp-json\/wp\/v2\/media?parent=20602"}],"curies":[{"name":"wp","href":"https:\/\/api.w.org\/{rel}","templated":true}]}}