{"id":20582,"date":"2022-11-27T20:05:17","date_gmt":"2022-11-27T20:05:17","guid":{"rendered":"https:\/\/demo.gocekrentals.com\/?page_id=20582"},"modified":"2023-07-13T15:43:06","modified_gmt":"2023-07-13T12:43:06","slug":"bodrum-airport-transfer","status":"publish","type":"page","link":"https:\/\/gocekrentals.com\/tr\/konsiyerj-hizmetleri\/bodrum-havalimani-transferi\/","title":{"rendered":"Bodrum Havaliman\u0131 Transferi"},"content":{"rendered":"<div data-elementor-type=\"wp-page\" data-elementor-id=\"20582\" class=\"elementor elementor-20582\">\n\t\t\t\t\t\t<section class=\"elementor-section elementor-top-section elementor-element elementor-element-aed7d6a elementor-section-boxed elementor-section-height-default elementor-section-height-default\" data-id=\"aed7d6a\" data-element_type=\"section\">\n\t\t\t\t\t\t<div class=\"elementor-container elementor-column-gap-default\">\n\t\t\t\t\t<div class=\"elementor-column elementor-col-100 elementor-top-column elementor-element elementor-element-26acfb3\" data-id=\"26acfb3\" data-element_type=\"column\">\n\t\t\t<div class=\"elementor-widget-wrap elementor-element-populated\">\n\t\t\t\t\t\t<div class=\"elementor-element elementor-element-25fa01b elementor-widget elementor-widget-image\" data-id=\"25fa01b\" data-element_type=\"widget\" data-widget_type=\"image.default\">\n\t\t\t\t<div class=\"elementor-widget-container\">\n\t\t\t\t\t\t\t\t\t\t\t\t\t\t\t<img fetchpriority=\"high\" decoding=\"async\" width=\"2000\" height=\"1334\" src=\"https:\/\/gocekrentals.com\/wp-content\/uploads\/2022\/11\/Bodrum-Airport-Transfers-Gocek-Rentals.webp\" class=\"attachment-full size-full wp-image-20584\" alt=\"Bodrum Airport Transfers Gocek Rentals\" srcset=\"https:\/\/gocekrentals.com\/wp-content\/uploads\/2022\/11\/Bodrum-Airport-Transfers-Gocek-Rentals.webp 2000w, https:\/\/gocekrentals.com\/wp-content\/uploads\/2022\/11\/Bodrum-Airport-Transfers-Gocek-Rentals-300x200.webp 300w, https:\/\/gocekrentals.com\/wp-content\/uploads\/2022\/11\/Bodrum-Airport-Transfers-Gocek-Rentals-1024x683.webp 1024w, https:\/\/gocekrentals.com\/wp-content\/uploads\/2022\/11\/Bodrum-Airport-Transfers-Gocek-Rentals-768x512.webp 768w, https:\/\/gocekrentals.com\/wp-content\/uploads\/2022\/11\/Bodrum-Airport-Transfers-Gocek-Rentals-1536x1025.webp 1536w, https:\/\/gocekrentals.com\/wp-content\/uploads\/2022\/11\/Bodrum-Airport-Transfers-Gocek-Rentals-18x12.webp 18w, https:\/\/gocekrentals.com\/wp-content\/uploads\/2022\/11\/Bodrum-Airport-Transfers-Gocek-Rentals-900x600.webp 900w, https:\/\/gocekrentals.com\/wp-content\/uploads\/2022\/11\/Bodrum-Airport-Transfers-Gocek-Rentals-496x331.webp 496w\" sizes=\"(max-width: 2000px) 100vw, 2000px\" \/>\t\t\t\t\t\t\t\t\t\t\t\t\t\t\t<\/div>\n\t\t\t\t<\/div>\n\t\t\t\t<div class=\"elementor-element elementor-element-2f622be elementor-widget elementor-widget-houzez-property-breadcrumb\" data-id=\"2f622be\" data-element_type=\"widget\" data-widget_type=\"houzez-property-breadcrumb.default\">\n\t\t\t\t<div class=\"elementor-widget-container\">\n\t\t\t\t\t<div class=\"breadcrumb-wrap\"><ol class=\"breadcrumb\"><li class=\"breadcrumb-item breadcrumb-item-home\"><i class=\"houzez-icon icon-house\"><\/i><a href=\"https:\/\/gocekrentals.com\/tr\/\">Ev<\/a><\/li><li class=\"breadcrumb-item active\">Sayfalar<\/li><\/ol><\/div>\t\t\t\t<\/div>\n\t\t\t\t<\/div>\n\t\t\t\t\t<\/div>\n\t\t<\/div>\n\t\t\t\t\t<\/div>\n\t\t<\/section>\n\t\t\t\t<section class=\"elementor-section elementor-top-section elementor-element elementor-element-9a73e1e elementor-section-boxed elementor-section-height-default elementor-section-height-default\" data-id=\"9a73e1e\" data-element_type=\"section\">\n\t\t\t\t\t\t<div class=\"elementor-container elementor-column-gap-default\">\n\t\t\t\t\t<div class=\"elementor-column elementor-col-100 elementor-top-column elementor-element elementor-element-1c5544b\" data-id=\"1c5544b\" data-element_type=\"column\">\n\t\t\t<div class=\"elementor-widget-wrap elementor-element-populated\">\n\t\t\t\t\t\t<div class=\"elementor-element elementor-element-4a661dc elementor-widget elementor-widget-text-editor\" data-id=\"4a661dc\" data-element_type=\"widget\" data-widget_type=\"text-editor.default\">\n\t\t\t\t<div class=\"elementor-widget-container\">\n\t\t\t\t\t\t\t\t\t<p>Bodrum Havaliman\u0131ndan geni\u015f ara\u00e7 se\u00e7eneklerimiz ile diledi\u011finiz zamanda, diledi\u011finiz s\u0131n\u0131fta, diledi\u011finiz kapasitede konforlu ve g\u00fcvenli havaalan\u0131 transferi hizmetlerini \u20ac180\u2019dan ba\u015flayan avantajl\u0131 fiyatlarla sunuyoruz.\nYapman\u0131z gereken tek \u015fey u\u00e7u\u015f detaylar\u0131n\u0131z\u0131 ve varsa \u00f6zel taleplerinizi bizlere eposta kanal\u0131yla g\u00f6ndermeniz. \u015e\u00f6f\u00f6r\u00fcn\u00fcz geli\u015f saatinizde havaalan\u0131n\u0131n \u00e7\u0131k\u0131\u015f kap\u0131s\u0131nda sizi bekliyor olacak. Araban\u0131za binip, kemerlerinizi ba\u011flay\u0131n ve g\u00f6zlerinizi ay\u0131ramayaca\u011f\u0131n\u0131z muhte\u015fem manzaralar e\u015fli\u011finde g\u00fcvenli yolculu\u011funuzun tad\u0131n\u0131 \u00e7\u0131kar\u0131n.<\/p><p>Fiyatlara KDV dahil de\u011fildir (ayr\u0131ca tahsil edilecektir).<\/p><h2 class=\"mphb-price-title\">Fiyat:<\/h2><p class=\"mphb-price-wrapper\"><span class=\"mphb-price\"><span class=\"mphb-currency\">\u20ac<\/span>180<\/span> \/ Bir Kez \/ Konaklama Ba\u015f\u0131na<\/p>\t\t\t\t\t\t\t\t<\/div>\n\t\t\t\t<\/div>\n\t\t\t\t\t<\/div>\n\t\t<\/div>\n\t\t\t\t\t<\/div>\n\t\t<\/section>\n\t\t\t\t<section class=\"elementor-section elementor-top-section elementor-element elementor-element-99b53e3 elementor-section-boxed elementor-section-height-default elementor-section-height-default\" data-id=\"99b53e3\" data-element_type=\"section\">\n\t\t\t\t\t\t<div class=\"elementor-container elementor-column-gap-default\">\n\t\t\t\t\t<div class=\"elementor-column elementor-col-100 elementor-top-column elementor-element elementor-element-cfc3971\" data-id=\"cfc3971\" data-element_type=\"column\">\n\t\t\t<div class=\"elementor-widget-wrap elementor-element-populated\">\n\t\t\t\t\t\t<div class=\"elementor-element elementor-element-d7d0149 elementor-widget elementor-widget-image\" data-id=\"d7d0149\" data-element_type=\"widget\" data-widget_type=\"image.default\">\n\t\t\t\t<div class=\"elementor-widget-container\">\n\t\t\t\t\t\t\t\t\t\t\t\t\t\t\t<img decoding=\"async\" width=\"1920\" height=\"716\" src=\"https:\/\/gocekrentals.com\/wp-content\/uploads\/2022\/11\/bodrum_airport_Gocek_Rentals.jpg\" class=\"attachment-full size-full wp-image-20586\" alt=\"bodrum airport Gocek Rentals\" srcset=\"https:\/\/gocekrentals.com\/wp-content\/uploads\/2022\/11\/bodrum_airport_Gocek_Rentals.jpg 1920w, https:\/\/gocekrentals.com\/wp-content\/uploads\/2022\/11\/bodrum_airport_Gocek_Rentals-300x112.jpg 300w, https:\/\/gocekrentals.com\/wp-content\/uploads\/2022\/11\/bodrum_airport_Gocek_Rentals-1024x382.jpg 1024w, https:\/\/gocekrentals.com\/wp-content\/uploads\/2022\/11\/bodrum_airport_Gocek_Rentals-768x286.jpg 768w, https:\/\/gocekrentals.com\/wp-content\/uploads\/2022\/11\/bodrum_airport_Gocek_Rentals-1536x573.jpg 1536w, https:\/\/gocekrentals.com\/wp-content\/uploads\/2022\/11\/bodrum_airport_Gocek_Rentals-18x7.jpg 18w, https:\/\/gocekrentals.com\/wp-content\/uploads\/2022\/11\/bodrum_airport_Gocek_Rentals-1609x600.jpg 1609w, https:\/\/gocekrentals.com\/wp-content\/uploads\/2022\/11\/bodrum_airport_Gocek_Rentals-496x185.jpg 496w\" sizes=\"(max-width: 1920px) 100vw, 1920px\" \/>\t\t\t\t\t\t\t\t\t\t\t\t\t\t\t<\/div>\n\t\t\t\t<\/div>\n\t\t\t\t\t<\/div>\n\t\t<\/div>\n\t\t\t\t\t<\/div>\n\t\t<\/section>\n\t\t<div class=\"elementor-element elementor-element-85c8153 e-flex e-con-boxed e-con e-parent\" data-id=\"85c8153\" data-element_type=\"container\">\n\t\t\t\t\t<div class=\"e-con-inner\">\n\t\t\t\t<div class=\"elementor-element elementor-element-01f4f3a elementor-widget elementor-widget-text-editor\" data-id=\"01f4f3a\" data-element_type=\"widget\" data-widget_type=\"text-editor.default\">\n\t\t\t\t<div class=\"elementor-widget-container\">\n\t\t\t\t\t\t\t\t\t<h1 dir=\"ltr\" style=\"line-height:1.295;margin-top:12pt;margin-bottom:0pt;\"><span style=\"font-size:16pt;font-family:Calibri,sans-serif;color:#2e75b5;background-color:transparent;font-weight:400;font-style:normal;font-variant:normal;text-decoration:none;vertical-align:baseline;white-space:pre;white-space:pre-wrap;\">Bodrum Havaliman\u0131 Transferi<\/span><\/h1>\n<p dir=\"ltr\" style=\"line-height:1.295;margin-top:0pt;margin-bottom:8pt;\"><span style=\"font-size:11pt;font-family:Calibri,sans-serif;color:#000000;background-color:transparent;font-weight:400;font-style:normal;font-variant:normal;text-decoration:none;vertical-align:baseline;white-space:pre;white-space:pre-wrap;\">Bodrum, d\u00fcnyaca \u00fcnl\u00fc bir tatil merkezi olarak y\u0131l\u0131n her g\u00fcn\u00fc \u00e7ok say\u0131da ziyaret\u00e7i a\u011f\u0131rlar. Bodrum Havaliman\u0131, b\u00f6lgeye ula\u015f\u0131m i\u00e7in yo\u011fun olarak kullan\u0131l\u0131yor. Ziyaret\u00e7ilerin Bodrum\u2019a gelmek i\u00e7in havaliman\u0131n\u0131 tercih etmeleri halinde ula\u015f\u0131m sorunu al\u0131nacak transfer hizmeti ile ortadan kalkabilir. <\/span><span style=\"font-size:11pt;font-family:Calibri,sans-serif;color:#000000;background-color:transparent;font-weight:700;font-style:normal;font-variant:normal;text-decoration:none;vertical-align:baseline;white-space:pre;white-space:pre-wrap;\">Bodrum havaliman\u0131 transferi<\/span><span style=\"font-size:11pt;font-family:Calibri,sans-serif;color:#000000;background-color:transparent;font-weight:400;font-style:normal;font-variant:normal;text-decoration:none;vertical-align:baseline;white-space:pre;white-space:pre-wrap;\"> sayesinde \u00e7evreyi bilmeseniz bile kaybolmadan istedi\u011finiz yere gidebilirsiniz. <\/span><span style=\"font-size:11pt;font-family:Calibri,sans-serif;color:#000000;background-color:transparent;font-weight:700;font-style:normal;font-variant:normal;text-decoration:none;vertical-align:baseline;white-space:pre;white-space:pre-wrap;\">Bodrum havaliman\u0131 transferi<\/span><span style=\"font-size:11pt;font-family:Calibri,sans-serif;color:#000000;background-color:transparent;font-weight:400;font-style:normal;font-variant:normal;text-decoration:none;vertical-align:baseline;white-space:pre;white-space:pre-wrap;\"> hizmeti ile u\u00e7aktan inildi\u011fi anda ara\u00e7 sizi bekler ve istedi\u011finiz noktaya ula\u015ft\u0131r\u0131r. Ayn\u0131 \u015fekilde Bodrum ziyaretiniz bitti\u011finde istedi\u011finiz noktadan alarak havaliman\u0131na da ara\u00e7 ile transferiniz sa\u011flan\u0131r. <\/span><span style=\"font-size:11pt;font-family:Calibri,sans-serif;color:#000000;background-color:transparent;font-weight:700;font-style:normal;font-variant:normal;text-decoration:none;vertical-align:baseline;white-space:pre;white-space:pre-wrap;\">Bodrum havaliman\u0131 transferi<\/span><span style=\"font-size:11pt;font-family:Calibri,sans-serif;color:#000000;background-color:transparent;font-weight:400;font-style:normal;font-variant:normal;text-decoration:none;vertical-align:baseline;white-space:pre;white-space:pre-wrap;\"> ile rahat ve l\u00fcks bir \u015fekilde <\/span><span style=\"font-size:11pt;font-family:Calibri,sans-serif;color:#000000;background-color:transparent;font-weight:700;font-style:normal;font-variant:normal;text-decoration:none;vertical-align:baseline;white-space:pre;white-space:pre-wrap;\">Bodrum havaliman\u0131ndan transfer<\/span><span style=\"font-size:11pt;font-family:Calibri,sans-serif;color:#000000;background-color:transparent;font-weight:400;font-style:normal;font-variant:normal;text-decoration:none;vertical-align:baseline;white-space:pre;white-space:pre-wrap;\"> edilece\u011finiz yere gidebilirsiniz. <\/span><span style=\"font-size:11pt;font-family:Calibri,sans-serif;color:#000000;background-color:transparent;font-weight:700;font-style:normal;font-variant:normal;text-decoration:none;vertical-align:baseline;white-space:pre;white-space:pre-wrap;\">Bodrum havaliman\u0131 transferinden<\/span><span style=\"font-size:11pt;font-family:Calibri,sans-serif;color:#000000;background-color:transparent;font-weight:400;font-style:normal;font-variant:normal;text-decoration:none;vertical-align:baseline;white-space:pre;white-space:pre-wrap;\"> her durumda yararlanabilirsiniz. <\/span><span style=\"font-size:11pt;font-family:Calibri,sans-serif;color:#000000;background-color:transparent;font-weight:700;font-style:normal;font-variant:normal;text-decoration:none;vertical-align:baseline;white-space:pre;white-space:pre-wrap;\">Bodrum havaliman\u0131 rent a car<\/span><span style=\"font-size:11pt;font-family:Calibri,sans-serif;color:#000000;background-color:transparent;font-weight:400;font-style:normal;font-variant:normal;text-decoration:none;vertical-align:baseline;white-space:pre;white-space:pre-wrap;\"> hizmeti, gitmeniz gereken yerlere zaman\u0131nda varman\u0131z\u0131 sa\u011flar. <\/span><span style=\"font-size:11pt;font-family:Calibri,sans-serif;color:#000000;background-color:transparent;font-weight:700;font-style:normal;font-variant:normal;text-decoration:none;vertical-align:baseline;white-space:pre;white-space:pre-wrap;\">Bodrum havaliman\u0131ndan transfer<\/span><span style=\"font-size:11pt;font-family:Calibri,sans-serif;color:#000000;background-color:transparent;font-weight:400;font-style:normal;font-variant:normal;text-decoration:none;vertical-align:baseline;white-space:pre;white-space:pre-wrap;\"> hizmetleri sayesinde toplu ta\u015f\u0131ma ara\u00e7lar\u0131nda gezinme, ara\u00e7 kiralama veya tamamen bilmedi\u011finiz bir b\u00f6lgede ara\u00e7 kullanma zahmetinden kolayca kurtulabilirsiniz.&nbsp;<\/span><\/p>\n<p dir=\"ltr\" style=\"line-height:1.295;margin-top:0pt;margin-bottom:8pt;\"><span style=\"font-size:11pt;font-family:Calibri,sans-serif;color:#000000;background-color:transparent;font-weight:700;font-style:normal;font-variant:normal;text-decoration:none;vertical-align:baseline;white-space:pre;white-space:pre-wrap;\">Bodrum havaliman\u0131 transferi<\/span><span style=\"font-size:11pt;font-family:Calibri,sans-serif;color:#000000;background-color:transparent;font-weight:400;font-style:normal;font-variant:normal;text-decoration:none;vertical-align:baseline;white-space:pre;white-space:pre-wrap;\"> hizmetinden kalabal\u0131k aileler ve arkada\u015f gruplar\u0131n\u0131n yararlanmas\u0131 h\u00e2linde bu durumun belirtilmesi gerekir. Ka\u00e7 ki\u015finin transferinin yap\u0131laca\u011f\u0131 belirtildi\u011finde uygun b\u00fcy\u00fckl\u00fckte ara\u00e7 kullan\u0131l\u0131r. Ayn\u0131 zamanda \u00e7ocuklu aileler i\u00e7in bebek koltu\u011fu olan ara\u00e7 tahsis edilir. Hijyenin \u00e7ok \u00f6nemli oldu\u011fu g\u00fcn\u00fcm\u00fczde ara\u00e7lar hizmet \u00f6ncesi detayl\u0131 temizlenir. Sa\u011fl\u0131\u011f\u0131n\u0131z\u0131n korundu\u011fu emniyetli yolculuk ile konaklayaca\u011f\u0131n\u0131z noktaya transferiniz ger\u00e7ekle\u015ftirebilirsiniz.&nbsp;<\/span><\/p>\n<h2 dir=\"ltr\" style=\"line-height:1.295;margin-top:2pt;margin-bottom:0pt;\"><span style=\"font-size:13pt;font-family:Calibri,sans-serif;color:#2e75b5;background-color:transparent;font-weight:400;font-style:normal;font-variant:normal;text-decoration:none;vertical-align:baseline;white-space:pre;white-space:pre-wrap;\">Bodrum Havaliman\u0131 Ara\u00e7 Kiralama<\/span><\/h2>\n<p dir=\"ltr\" style=\"line-height:1.295;margin-top:0pt;margin-bottom:8pt;\"><span style=\"font-size:11pt;font-family:Calibri,sans-serif;color:#000000;background-color:transparent;font-weight:400;font-style:normal;font-variant:normal;text-decoration:none;vertical-align:baseline;white-space:pre;white-space:pre-wrap;\">Bodrum havaliman\u0131 ara\u00e7 kiralama hizmetiyle Bodrum\u2019da ya da \u00e7evre lokasyonlarda yapaca\u011f\u0131n\u0131z tatil s\u00fcresince ara\u00e7 ihtiyac\u0131n\u0131z\u0131 kar\u015f\u0131laman\u0131z m\u00fcmk\u00fcn. Ara\u00e7 kiralama i\u015flemini kente gelmeden \u00f6nce yapt\u0131\u011f\u0131n\u0131z takdirde ara\u00e7 siz u\u00e7aktan inmeden havaliman\u0131na getirilir. <\/span><span style=\"font-size:11pt;font-family:Calibri,sans-serif;color:#000000;background-color:transparent;font-weight:700;font-style:normal;font-variant:normal;text-decoration:none;vertical-align:baseline;white-space:pre;white-space:pre-wrap;\">Bodrumda ara\u00e7 kiralama<\/span><span style=\"font-size:11pt;font-family:Calibri,sans-serif;color:#000000;background-color:transparent;font-weight:400;font-style:normal;font-variant:normal;text-decoration:none;vertical-align:baseline;white-space:pre;white-space:pre-wrap;\"> hizmetinden arac\u0131n\u0131z\u0131 teslim almadan \u00f6nce bak\u0131mlar\u0131 ve detayl\u0131 temizli\u011fi yap\u0131l\u0131r. Bu \u015fekilde konforlu bir kullan\u0131m sunulur. G\u00f6cek Rentals\u2019\u0131n \u00e7ok say\u0131da arac\u0131 bulunuyor. Rezervasyon s\u0131ras\u0131nda bu ara\u00e7lardan size uygun olan\u0131 tercih edebilirsiniz.&nbsp;<\/span><\/p>\n<p dir=\"ltr\" style=\"line-height:1.295;margin-top:0pt;margin-bottom:8pt;\"><span style=\"font-size:11pt;font-family:Calibri,sans-serif;color:#000000;background-color:transparent;font-weight:400;font-style:normal;font-variant:normal;text-decoration:none;vertical-align:baseline;white-space:pre;white-space:pre-wrap;\">Daha \u00f6nceden <\/span><span style=\"font-size:11pt;font-family:Calibri,sans-serif;color:#000000;background-color:transparent;font-weight:700;font-style:normal;font-variant:normal;text-decoration:none;vertical-align:baseline;white-space:pre;white-space:pre-wrap;\">Bodrum havaliman\u0131 ara\u00e7 kiralama<\/span><span style=\"font-size:11pt;font-family:Calibri,sans-serif;color:#000000;background-color:transparent;font-weight:400;font-style:normal;font-variant:normal;text-decoration:none;vertical-align:baseline;white-space:pre;white-space:pre-wrap;\"> i\u015flemini yapt\u0131\u011f\u0131n\u0131z takdirde tatilinize u\u00e7aktan indi\u011finiz anda ba\u015flayabilirsiniz. Yurt d\u0131\u015f\u0131ndan gelen turistler gibi yerli turistler de tatil s\u00fcrelerini uzatabilmek ad\u0131na kente havayolu ile ula\u015f\u0131m sa\u011flar. Ara\u00e7 ihtiya\u00e7lar\u0131n\u0131 da G\u00f6cek Rentals\u2019\u0131n sundu\u011fu hizmetten yararlanarak kar\u015f\u0131lamak m\u00fcmk\u00fcn. <\/span><span style=\"font-size:11pt;font-family:Calibri,sans-serif;color:#000000;background-color:transparent;font-weight:700;font-style:normal;font-variant:normal;text-decoration:none;vertical-align:baseline;white-space:pre;white-space:pre-wrap;\">Bodrum havaliman\u0131 rent a car<\/span><span style=\"font-size:11pt;font-family:Calibri,sans-serif;color:#000000;background-color:transparent;font-weight:400;font-style:normal;font-variant:normal;text-decoration:none;vertical-align:baseline;white-space:pre;white-space:pre-wrap;\"> ile yap\u0131lan tatillerde rotalar\u0131n \u00f6zg\u00fcrce olu\u015fturulmas\u0131 da sa\u011flan\u0131r. Kalabal\u0131k aileler uygun b\u00fcy\u00fckl\u00fckte ara\u00e7 kiralayarak tek bir ara\u00e7 ile ula\u015f\u0131m ihtiya\u00e7lar\u0131n\u0131 kar\u015f\u0131layabilir.&nbsp;<\/span><\/p>\n<p dir=\"ltr\" style=\"line-height:1.295;margin-top:0pt;margin-bottom:8pt;\"><span style=\"font-size:11pt;font-family:Calibri,sans-serif;color:#000000;background-color:transparent;font-weight:400;font-style:normal;font-variant:normal;text-decoration:none;vertical-align:baseline;white-space:pre;white-space:pre-wrap;\">Kiralad\u0131\u011f\u0131n\u0131z ara\u00e7 ile yapaca\u011f\u0131n\u0131z yolculuklar s\u0131ras\u0131nda istedi\u011finiz noktada mola verebilir ve yeni yerler ke\u015ffedebilirsiniz. Bak\u0131mlar\u0131 yap\u0131lm\u0131\u015f ara\u00e7 ile arac\u0131n bozulmas\u0131 ve yolda kalma sorunlar\u0131 ya\u015fanmaz. Olas\u0131 ar\u0131za ya da kaza durumunda ise ikame ara\u00e7 tahsis edilerek tatilin kesintisiz devam etmesi sa\u011flan\u0131r. <\/span><span style=\"font-size:11pt;font-family:Calibri,sans-serif;color:#000000;background-color:transparent;font-weight:700;font-style:normal;font-variant:normal;text-decoration:none;vertical-align:baseline;white-space:pre;white-space:pre-wrap;\">Bodrum havaliman\u0131 ara\u00e7 kiralama<\/span><span style=\"font-size:11pt;font-family:Calibri,sans-serif;color:#000000;background-color:transparent;font-weight:400;font-style:normal;font-variant:normal;text-decoration:none;vertical-align:baseline;white-space:pre;white-space:pre-wrap;\"> ile G\u00f6cek Rentals\u2019\u0131n b\u00fct\u00fcn ara\u00e7lar\u0131 kaskolu. Bu sayede bir kaza olmas\u0131 halinde ekstra \u00f6deme yap\u0131lmas\u0131na gerek kalmaz.&nbsp;<\/span><\/p>\n<p><span id=\"docs-internal-guid-7003495e-7fff-504f-1bd4-840ef89b47f4\"><\/span><\/p>\n<p dir=\"ltr\" style=\"line-height:1.295;margin-top:0pt;margin-bottom:8pt;\"><span style=\"font-size:11pt;font-family:Calibri,sans-serif;color:#000000;background-color:transparent;font-weight:400;font-style:normal;font-variant:normal;text-decoration:none;vertical-align:baseline;white-space:pre;white-space:pre-wrap;\">Havaliman\u0131 ara\u00e7 kiralama hizmetinden yararlanman\u0131z halinde arac\u0131 u\u00e7aktan indi\u011finiz anda teslim alabiliyorsunuz. Arac\u0131 teslim almak i\u00e7in kent merkezine gelmeye gerek kalmaz. Arac\u0131 havaliman\u0131ndan teslim alsan\u0131z da dilerseniz kent i\u00e7inde b\u0131rakabilir ve oradan teslim al\u0131nmas\u0131n\u0131 sa\u011flayabilirsiniz.<\/span><\/p>\t\t\t\t\t\t\t\t<\/div>\n\t\t\t\t<\/div>\n\t\t\t\t\t<\/div>\n\t\t\t\t<\/div>\n\t\t\t\t<\/div>","protected":false},"excerpt":{"rendered":"<p>We offer comfortable and secure airport transfer services by a wide selection of cars for any taste, any capacity in any time with the best rates in the market starting from 180\u20ac from Bodrum Airport. To make an inquiry; simply email us your flight details and special requirement requests if there is any. Your driver [&hellip;]<\/p>","protected":false},"author":2,"featured_media":20584,"parent":19903,"menu_order":0,"comment_status":"closed","ping_status":"closed","template":"template\/template-homepage.php","meta":{"footnotes":""},"class_list":["post-20582","page","type-page","status-publish","has-post-thumbnail","hentry"],"aioseo_notices":[],"_links":{"self":[{"href":"https:\/\/gocekrentals.com\/tr\/wp-json\/wp\/v2\/pages\/20582","targetHints":{"allow":["GET"]}}],"collection":[{"href":"https:\/\/gocekrentals.com\/tr\/wp-json\/wp\/v2\/pages"}],"about":[{"href":"https:\/\/gocekrentals.com\/tr\/wp-json\/wp\/v2\/types\/page"}],"author":[{"embeddable":true,"href":"https:\/\/gocekrentals.com\/tr\/wp-json\/wp\/v2\/users\/2"}],"replies":[{"embeddable":true,"href":"https:\/\/gocekrentals.com\/tr\/wp-json\/wp\/v2\/comments?post=20582"}],"version-history":[{"count":0,"href":"https:\/\/gocekrentals.com\/tr\/wp-json\/wp\/v2\/pages\/20582\/revisions"}],"up":[{"embeddable":true,"href":"https:\/\/gocekrentals.com\/tr\/wp-json\/wp\/v2\/pages\/19903"}],"wp:featuredmedia":[{"embeddable":true,"href":"https:\/\/gocekrentals.com\/tr\/wp-json\/wp\/v2\/media\/20584"}],"wp:attachment":[{"href":"https:\/\/gocekrentals.com\/tr\/wp-json\/wp\/v2\/media?parent=20582"}],"curies":[{"name":"wp","href":"https:\/\/api.w.org\/{rel}","templated":true}]}}