{"id":20573,"date":"2022-11-27T19:55:35","date_gmt":"2022-11-27T19:55:35","guid":{"rendered":"https:\/\/demo.gocekrentals.com\/?page_id=20573"},"modified":"2023-06-15T17:55:39","modified_gmt":"2023-06-15T14:55:39","slug":"dalaman-airport-transfer","status":"publish","type":"page","link":"https:\/\/gocekrentals.com\/tr\/konsiyerj-hizmetleri\/dalaman-havalimani-transferi\/","title":{"rendered":"Dalaman Havaliman\u0131 Transferi"},"content":{"rendered":"<div data-elementor-type=\"wp-page\" data-elementor-id=\"20573\" class=\"elementor elementor-20573\">\n\t\t\t\t\t\t<section class=\"elementor-section elementor-top-section elementor-element elementor-element-9418b10 elementor-section-boxed elementor-section-height-default elementor-section-height-default\" data-id=\"9418b10\" data-element_type=\"section\">\n\t\t\t\t\t\t<div class=\"elementor-container elementor-column-gap-default\">\n\t\t\t\t\t<div class=\"elementor-column elementor-col-100 elementor-top-column elementor-element elementor-element-a1d4621\" data-id=\"a1d4621\" data-element_type=\"column\">\n\t\t\t<div class=\"elementor-widget-wrap elementor-element-populated\">\n\t\t\t\t\t\t<div class=\"elementor-element elementor-element-eb83db3 elementor-widget elementor-widget-image\" data-id=\"eb83db3\" data-element_type=\"widget\" data-widget_type=\"image.default\">\n\t\t\t\t<div class=\"elementor-widget-container\">\n\t\t\t\t\t\t\t\t\t\t\t\t\t\t\t<img fetchpriority=\"high\" decoding=\"async\" width=\"1434\" height=\"957\" src=\"https:\/\/gocekrentals.com\/wp-content\/uploads\/2022\/11\/dalama-bodrum-antalya-airport-transfers-e1668560938213.webp\" class=\"attachment-full size-full wp-image-19913\" alt=\"dalama bodrum antalya airport transfers e1668560938213\" srcset=\"https:\/\/gocekrentals.com\/wp-content\/uploads\/2022\/11\/dalama-bodrum-antalya-airport-transfers-e1668560938213.webp 1434w, https:\/\/gocekrentals.com\/wp-content\/uploads\/2022\/11\/dalama-bodrum-antalya-airport-transfers-e1668560938213-300x200.webp 300w, https:\/\/gocekrentals.com\/wp-content\/uploads\/2022\/11\/dalama-bodrum-antalya-airport-transfers-e1668560938213-1024x683.webp 1024w, https:\/\/gocekrentals.com\/wp-content\/uploads\/2022\/11\/dalama-bodrum-antalya-airport-transfers-e1668560938213-768x513.webp 768w, https:\/\/gocekrentals.com\/wp-content\/uploads\/2022\/11\/dalama-bodrum-antalya-airport-transfers-e1668560938213-18x12.webp 18w, https:\/\/gocekrentals.com\/wp-content\/uploads\/2022\/11\/dalama-bodrum-antalya-airport-transfers-e1668560938213-899x600.webp 899w, https:\/\/gocekrentals.com\/wp-content\/uploads\/2022\/11\/dalama-bodrum-antalya-airport-transfers-e1668560938213-496x331.webp 496w\" sizes=\"(max-width: 1434px) 100vw, 1434px\" \/>\t\t\t\t\t\t\t\t\t\t\t\t\t\t\t<\/div>\n\t\t\t\t<\/div>\n\t\t\t\t<div class=\"elementor-element elementor-element-dda0cf5 elementor-widget elementor-widget-houzez-property-breadcrumb\" data-id=\"dda0cf5\" data-element_type=\"widget\" data-widget_type=\"houzez-property-breadcrumb.default\">\n\t\t\t\t<div class=\"elementor-widget-container\">\n\t\t\t\t\t<div class=\"breadcrumb-wrap\"><ol class=\"breadcrumb\"><li class=\"breadcrumb-item breadcrumb-item-home\"><i class=\"houzez-icon icon-house\"><\/i><a href=\"https:\/\/gocekrentals.com\/tr\/\">Ev<\/a><\/li><li class=\"breadcrumb-item active\">Sayfalar<\/li><\/ol><\/div>\t\t\t\t<\/div>\n\t\t\t\t<\/div>\n\t\t\t\t\t<\/div>\n\t\t<\/div>\n\t\t\t\t\t<\/div>\n\t\t<\/section>\n\t\t\t\t<section class=\"elementor-section elementor-top-section elementor-element elementor-element-324d0d4d elementor-section-boxed elementor-section-height-default elementor-section-height-default\" data-id=\"324d0d4d\" data-element_type=\"section\">\n\t\t\t\t\t\t<div class=\"elementor-container elementor-column-gap-default\">\n\t\t\t\t\t<div class=\"elementor-column elementor-col-100 elementor-top-column elementor-element elementor-element-66cac9b8\" data-id=\"66cac9b8\" data-element_type=\"column\">\n\t\t\t<div class=\"elementor-widget-wrap elementor-element-populated\">\n\t\t\t\t\t\t<div class=\"elementor-element elementor-element-42fb15e8 elementor-widget elementor-widget-text-editor\" data-id=\"42fb15e8\" data-element_type=\"widget\" data-widget_type=\"text-editor.default\">\n\t\t\t\t<div class=\"elementor-widget-container\">\n\t\t\t\t\t\t\t\t\t\n<p>Dalaman Havaliman\u0131ndan geni\u015f ara\u00e7 se\u00e7eneklerimiz ile diledi\u011finiz zamanda, diledi\u011finiz s\u0131n\u0131fta, diledi\u011finiz kapasitede konforlu ve g\u00fcvenli havaalan\u0131 transferi hizmetlerini \u20ac60\u2019dan ba\u015flayan avantajl\u0131 fiyatlarla sunuyoruz.\nYapman\u0131z gereken tek \u015fey u\u00e7u\u015f detaylar\u0131n\u0131z\u0131 ve varsa \u00f6zel taleplerinizi bizlere eposta kanal\u0131yla g\u00f6ndermeniz. \u015e\u00f6f\u00f6r\u00fcn\u00fcz geli\u015f saatinizde havaalan\u0131n\u0131n \u00e7\u0131k\u0131\u015f kap\u0131s\u0131nda sizi bekliyor olacak. Araban\u0131za binip, kemerlerinizi ba\u011flay\u0131n ve g\u00f6zlerinizi ay\u0131ramayaca\u011f\u0131n\u0131z muhte\u015fem manzaralar e\u015fli\u011finde g\u00fcvenli yolculu\u011funuzun tad\u0131n\u0131 \u00e7\u0131kar\u0131n.<\/p>\n\n<p>Fiyatlara KDV dahil de\u011fildir (ayr\u0131ca tahsil edilecektir).<\/p>\n\n<h2 class=\"wp-block-heading\">Fiyat:<\/h2>\n\n<p>\u20ac60\/ Bir Kez \/ Konaklama Ba\u015f\u0131na<\/p>\n\t\t\t\t\t\t\t\t<\/div>\n\t\t\t\t<\/div>\n\t\t\t\t\t<\/div>\n\t\t<\/div>\n\t\t\t\t\t<\/div>\n\t\t<\/section>\n\t\t\t\t<section class=\"elementor-section elementor-top-section elementor-element elementor-element-3ad4539 elementor-section-boxed elementor-section-height-default elementor-section-height-default\" data-id=\"3ad4539\" data-element_type=\"section\">\n\t\t\t\t\t\t<div class=\"elementor-container elementor-column-gap-default\">\n\t\t\t\t\t<div class=\"elementor-column elementor-col-100 elementor-top-column elementor-element elementor-element-36c8a19\" data-id=\"36c8a19\" data-element_type=\"column\">\n\t\t\t<div class=\"elementor-widget-wrap elementor-element-populated\">\n\t\t\t\t\t\t<div class=\"elementor-element elementor-element-5d2478c elementor-widget elementor-widget-image\" data-id=\"5d2478c\" data-element_type=\"widget\" data-widget_type=\"image.default\">\n\t\t\t\t<div class=\"elementor-widget-container\">\n\t\t\t\t\t\t\t\t\t\t\t\t\t\t\t<img decoding=\"async\" width=\"2000\" height=\"908\" src=\"https:\/\/gocekrentals.com\/wp-content\/uploads\/2022\/11\/dalaman-airport-transfer-gocekrentals.jpg\" class=\"attachment-full size-full wp-image-20576\" alt=\"dalaman airport transfer gocekrentals\" srcset=\"https:\/\/gocekrentals.com\/wp-content\/uploads\/2022\/11\/dalaman-airport-transfer-gocekrentals.jpg 2000w, https:\/\/gocekrentals.com\/wp-content\/uploads\/2022\/11\/dalaman-airport-transfer-gocekrentals-300x136.jpg.webp 300w, https:\/\/gocekrentals.com\/wp-content\/uploads\/2022\/11\/dalaman-airport-transfer-gocekrentals-1024x465.jpg.webp 1024w, https:\/\/gocekrentals.com\/wp-content\/uploads\/2022\/11\/dalaman-airport-transfer-gocekrentals-768x349.jpg.webp 768w, https:\/\/gocekrentals.com\/wp-content\/uploads\/2022\/11\/dalaman-airport-transfer-gocekrentals-1536x697.jpg.webp 1536w, https:\/\/gocekrentals.com\/wp-content\/uploads\/2022\/11\/dalaman-airport-transfer-gocekrentals-18x8.jpg.webp 18w, https:\/\/gocekrentals.com\/wp-content\/uploads\/2022\/11\/dalaman-airport-transfer-gocekrentals-1322x600.jpg.webp 1322w, https:\/\/gocekrentals.com\/wp-content\/uploads\/2022\/11\/dalaman-airport-transfer-gocekrentals-496x225.jpg.webp 496w\" sizes=\"(max-width: 2000px) 100vw, 2000px\" \/>\t\t\t\t\t\t\t\t\t\t\t\t\t\t\t<\/div>\n\t\t\t\t<\/div>\n\t\t\t\t\t<\/div>\n\t\t<\/div>\n\t\t\t\t\t<\/div>\n\t\t<\/section>\n\t\t<div class=\"elementor-element elementor-element-b621d82 e-flex e-con-boxed e-con e-parent\" data-id=\"b621d82\" data-element_type=\"container\">\n\t\t\t\t\t<div class=\"e-con-inner\">\n\t\t\t\t<div class=\"elementor-element elementor-element-8941a2d elementor-widget elementor-widget-text-editor\" data-id=\"8941a2d\" data-element_type=\"widget\" data-widget_type=\"text-editor.default\">\n\t\t\t\t<div class=\"elementor-widget-container\">\n\t\t\t\t\t\t\t\t\t<h1 dir=\"ltr\" style=\"line-height:1.295;margin-top:12pt;margin-bottom:0pt;\"><span style=\"font-size:16pt;font-family:Calibri,sans-serif;color:#2e75b5;background-color:transparent;font-weight:400;font-style:normal;font-variant:normal;text-decoration:none;vertical-align:baseline;white-space:pre;white-space:pre-wrap;\">Dalaman Havaliman\u0131 Transferi<\/span><\/h1>\n<p dir=\"ltr\" style=\"line-height:1.295;margin-top:0pt;margin-bottom:8pt;\"><span style=\"font-size:11pt;font-family:Calibri,sans-serif;color:#000000;background-color:transparent;font-weight:400;font-style:normal;font-variant:normal;text-decoration:none;vertical-align:baseline;white-space:pre;white-space:pre-wrap;\">Mu\u011fla\u2019n\u0131n il\u00e7eleri aras\u0131nda yer alan Dalaman pek \u00e7ok turizm kentine yak\u0131n. \u00c7evresinde Fethiye, G\u00f6cek, Bodrum gibi d\u00fcnyaca \u00fcnl\u00fc unutulmaz tatillerin yap\u0131ld\u0131\u011f\u0131 destinasyonlara havayolu ile ula\u015f\u0131m Dalaman Havaliman\u0131 ile sa\u011flan\u0131r. Masmavi denizi, ye\u015filin her tonunun oldu\u011fu do\u011fal g\u00fczellikleri ve tarihi eserleri g\u00f6rmek i\u00e7in de her y\u0131l milyonlarca insan bu kentleri ziyaret eder. <\/span><span style=\"font-size:11pt;font-family:Calibri,sans-serif;color:#000000;background-color:transparent;font-weight:700;font-style:normal;font-variant:normal;text-decoration:none;vertical-align:baseline;white-space:pre;white-space:pre-wrap;\">Dalaman havaliman\u0131 transfer<\/span><span style=\"font-size:11pt;font-family:Calibri,sans-serif;color:#000000;background-color:transparent;font-weight:400;font-style:normal;font-variant:normal;text-decoration:none;vertical-align:baseline;white-space:pre;white-space:pre-wrap;\"> hizmeti ile bu kentlere ula\u015f\u0131m sorunsuz yap\u0131l\u0131r. <a href=\"https:\/\/gocekrentals.com\/tr\/kiralik-tatil-yerleri\/\">Kiral\u0131k evler'e<\/a>, \u00f6zel ara\u00e7la <\/span><span style=\"font-size: 11pt; font-family: Calibri, sans-serif; color: rgb(0, 0, 0); background-color: transparent; font-style: normal; font-variant: normal; text-decoration: none; vertical-align: baseline; white-space: pre-wrap;\">Bu \u015fekilde u\u00e7a\u011fa ge\u00e7 kalma gibi sorunlar ya\u015faman\u0131z\u0131n \u00f6n\u00fcne ge\u00e7ilebilir.<\/span><span style=\"font-size:11pt;font-family:Calibri,sans-serif;color:#000000;background-color:transparent;font-weight:400;font-style:normal;font-variant:normal;text-decoration:none;vertical-align:baseline;white-space:pre;white-space:pre-wrap;\"> ger\u00e7ekle\u015ftirilir.<\/span><\/p>\n<p dir=\"ltr\" style=\"line-height:1.295;margin-top:0pt;margin-bottom:8pt;\"><span style=\"font-size: 11pt; font-family: Calibri, sans-serif; color: rgb(0, 0, 0); background-color: transparent; font-style: normal; font-variant: normal; text-decoration: none; vertical-align: baseline; white-space: pre-wrap;\">U\u00e7aktan indi\u011finizde sizi bekleyen \u015fof\u00f6rl\u00fc ara\u00e7 ile istedi\u011finiz noktaya g\u00fcvenli ve konforu \u015fekilde ula\u015fabilirsiniz. U\u00e7aktan indi\u011finizde ara\u00e7 bulmak i\u00e7in zaman kayb\u0131 ya\u015faman\u0131za gerek kalmaz. Ara\u00e7 siz gelmeden havaliman\u0131nda yerini al\u0131r. Havaliman\u0131n \u00e7\u0131k\u0131\u015f kap\u0131s\u0131nda sizi elinde ad\u0131n\u0131z\u0131n yaz\u0131l\u0131 oldu\u011fu kartonla \u015fof\u00f6r bekler. Onunla birlikte arac\u0131n\u0131za giderek konaklayaca\u011f\u0131n\u0131z otele ula\u015f\u0131m\u0131n\u0131z sa\u011flan\u0131r. <\/span><span style=\"font-size: 11pt; font-family: Calibri, sans-serif; color: rgb(0, 0, 0); background-color: transparent; font-style: normal; font-variant: normal; text-decoration: none; vertical-align: baseline; white-space: pre-wrap;\">Havaliman\u0131 transfer hizmetini almak i\u00e7in G\u00f6cek Rentals sitesinden rezervasyon yapt\u0131rabilirsiniz. Rezervasyonu yapt\u0131r\u0131rken ka\u00e7 ki\u015fi oldu\u011funuzu belirtmeniz yararl\u0131. Ka\u00e7 ki\u015fi oldu\u011funuza g\u00f6re uygun ara\u00e7 se\u00e7enekleri bulman\u0131z sa\u011flan\u0131yor. G\u00f6cek Rentals\u2019\u0131n b\u00fct\u00fcn ara\u00e7lar\u0131 yeni modeldir ve hepsinin d\u00fczenli bak\u0131mlar\u0131 yap\u0131l\u0131yor. Sa\u011fl\u0131\u011f\u0131n\u0131za da \u00f6nem veren ekip, ara\u00e7lar\u0131n transfer \u00f6ncesi detayl\u0131 temizli\u011fini yapt\u0131r\u0131r. Kendinizi ayr\u0131cal\u0131kl\u0131 hissedece\u011finiz vip hizmetle yorulmadan ve zaman kaybetmeden otelinize gidebilirsiniz.<\/span><span style=\"font-size: 11pt; font-family: Calibri, sans-serif; color: rgb(0, 0, 0); background-color: transparent; font-style: normal; font-variant: normal; text-decoration: none; vertical-align: baseline; white-space: pre-wrap;\">Dalaman havaliman\u0131 G\u00f6cek transfer<\/span><span style=\"font-size: 11pt; font-family: Calibri, sans-serif; color: rgb(0, 0, 0); background-color: transparent; font-style: normal; font-variant: normal; text-decoration: none; vertical-align: baseline; white-space: pre-wrap;\"> hizmeti ile k\u0131sa zamanda G\u00f6cek\u2019te konaklayaca\u011f\u0131n\u0131z noktaya ula\u015fabilirsiniz.<\/span><span style=\"font-size: 11pt; font-family: Calibri, sans-serif; color: rgb(0, 0, 0); background-color: transparent; font-style: normal; font-variant: normal; text-decoration: none; vertical-align: baseline; white-space: pre-wrap;\">Tatiliniz son erdi\u011finde havaliman\u0131na gitmek i\u00e7in de ayn\u0131 hizmetten yararlanma imk\u00e2n\u0131n\u0131z bulunur. Tatilin ba\u015flama ve biti\u015f s\u00fcresi belli oldu\u011funda havaliman\u0131na ula\u015f\u0131m i\u00e7in \u00f6nceden rezervasyon yapt\u0131rabilirsiniz. <\/span><span style=\"font-size: 11pt; font-family: Calibri, sans-serif; color: rgb(0, 0, 0); background-color: transparent; font-style: normal; font-variant: normal; text-decoration: none; vertical-align: baseline; white-space: pre-wrap;\">Bu \u015fekilde u\u00e7a\u011fa ge\u00e7 kalma gibi sorunlar ya\u015faman\u0131z\u0131n \u00f6n\u00fcne ge\u00e7ilebilir.<\/span><span style=\"font-size: 11pt; font-family: Calibri, sans-serif; color: rgb(0, 0, 0); background-color: transparent; font-style: normal; font-variant: normal; text-decoration: none; vertical-align: baseline; white-space: pre-wrap;\"> Dalaman havaliman\u0131 transfer \u00fccretleri ara\u00e7 ba\u015f\u0131na al\u0131n\u0131r. Kalabal\u0131k ailelerde ve gruplarda ki\u015fi ba\u015f\u0131na \u00fccret \u00f6denmez. Bu sayede ula\u015f\u0131m daha konforlu ayn\u0131 zamanda daha uygun olabilir.&nbsp;<\/span><\/p>\n<h2 dir=\"ltr\" style=\"line-height:1.295;margin-top:2pt;margin-bottom:0pt;\"><span style=\"font-size:13pt;font-family:Calibri,sans-serif;color:#2e75b5;background-color:transparent;font-weight:400;font-style:normal;font-variant:normal;text-decoration:none;vertical-align:baseline;white-space:pre;white-space:pre-wrap;\">Dalaman Havaliman\u0131 Ara\u00e7 Kiralama<\/span><\/h2>\n<p dir=\"ltr\" style=\"line-height:1.295;margin-top:0pt;margin-bottom:8pt;\"><span style=\"font-size:11pt;font-family:Calibri,sans-serif;color:#000000;background-color:transparent;font-weight:400;font-style:normal;font-variant:normal;text-decoration:none;vertical-align:baseline;white-space:pre;white-space:pre-wrap;\">Dalaman y\u0131l\u0131n her g\u00fcn\u00fc \u00e7ok say\u0131da yolcu taraf\u0131ndan kullan\u0131l\u0131r. Y\u0131l\u0131n her g\u00fcn\u00fc Fethiye, G\u00f6cek ve Bodrum gibi do\u011fa harikas\u0131 olarak kabul edilen kentler turistleri a\u011f\u0131rlar. \u00d6zellikle yaz sezonunda bu kentler kalabal\u0131k olur. Bu durumda da son anda ara\u00e7 kiralama iste\u011finin kar\u015f\u0131lanmas\u0131nda zorluk ya\u015fan\u0131r. G\u00f6cek Rentals bu zorlu\u011fun ya\u015fanmamas\u0131 amac\u0131yla online rezervasyon yapma olana\u011f\u0131n\u0131 sunar. Firman\u0131n sitesine girerek buradan rezervasyon birka\u00e7 dakika i\u00e7inde yap\u0131labilir. <\/span><span style=\"font-size:11pt;font-family:Calibri,sans-serif;color:#000000;background-color:transparent;font-weight:700;font-style:normal;font-variant:normal;text-decoration:none;vertical-align:baseline;white-space:pre;white-space:pre-wrap;\">Dalaman havaliman\u0131 ara\u00e7 kiralama<\/span><span style=\"font-size:11pt;font-family:Calibri,sans-serif;color:#000000;background-color:transparent;font-weight:400;font-style:normal;font-variant:normal;text-decoration:none;vertical-align:baseline;white-space:pre;white-space:pre-wrap;\"> rezervasyonu yap\u0131ld\u0131\u011f\u0131nda kente geldi\u011finizde arac\u0131n <\/span><span style=\"font-size: 11pt; font-family: Calibri, sans-serif; color: rgb(0, 0, 0); background-color: transparent; font-style: normal; font-variant: normal; text-decoration: none; vertical-align: baseline; white-space: pre-wrap;\">transfer fr<\/span><span style=\"font-size: 11pt; font-family: Calibri, sans-serif; color: rgb(0, 0, 0); background-color: transparent; font-style: normal; font-variant: normal; text-decoration: none; vertical-align: baseline; white-space: pre-wrap;\">o<\/span><span style=\"font-size: 11pt; font-family: Calibri, sans-serif; color: rgb(0, 0, 0); background-color: transparent; font-style: normal; font-variant: normal; text-decoration: none; vertical-align: baseline; white-space: pre-wrap;\">m Dalaman Airport<\/span><span style=\"font-size:11pt;font-family:Calibri,sans-serif;color:#000000;background-color:transparent;font-weight:400;font-style:normal;font-variant:normal;text-decoration:none;vertical-align:baseline;white-space:pre;white-space:pre-wrap;\"> haz\u0131r olmas\u0131n\u0131 sa\u011flayabilirsiniz.&nbsp;<\/span><\/p>\n<p dir=\"ltr\" style=\"line-height:1.295;margin-top:0pt;margin-bottom:8pt;\"><span style=\"font-size:11pt;font-family:Calibri,sans-serif;color:#000000;background-color:transparent;font-weight:400;font-style:normal;font-variant:normal;text-decoration:none;vertical-align:baseline;white-space:pre;white-space:pre-wrap;\">Tatilde ara\u00e7 kiralaman\u0131n pek \u00e7ok avantaj\u0131 bulunuyor. \u00d6ncelikle ara\u00e7 kiralayan ki\u015filer kendi rotalar\u0131n\u0131 \u00f6zg\u00fcrce olu\u015fturabilir. <\/span><span style=\"font-size: 11pt; font-family: Calibri, sans-serif; color: rgb(0, 0, 0); background-color: transparent; font-style: normal; font-variant: normal; text-decoration: none; vertical-align: baseline; white-space: pre-wrap;\">Dalaman havaliman\u0131 ara\u00e7 kiralama<\/span><span style=\"font-size:11pt;font-family:Calibri,sans-serif;color:#000000;background-color:transparent;font-weight:400;font-style:normal;font-variant:normal;text-decoration:none;vertical-align:baseline;white-space:pre;white-space:pre-wrap;\"> Hijyen konusunda da endi\u015felenmeye gerek kalmadan arac\u0131n\u0131z\u0131 sadece siz kullanarak sa\u011fl\u0131\u011f\u0131n\u0131z\u0131 da koruyarak tatil yapabilirsiniz. <\/span><span style=\"font-size: 11pt; font-family: Calibri, sans-serif; color: rgb(0, 0, 0); background-color: transparent; font-style: normal; font-variant: normal; text-decoration: none; vertical-align: baseline; white-space: pre-wrap;\">Ailecek \u00e7\u0131k\u0131lacak tatillerde ise aile arabalar\u0131 kiralanabilir.<\/span><span style=\"font-size:11pt;font-family:Calibri,sans-serif;color:#000000;background-color:transparent;font-weight:400;font-style:normal;font-variant:normal;text-decoration:none;vertical-align:baseline;white-space:pre;white-space:pre-wrap;\"> Bu \u015fekilde t\u00fcm aile ayn\u0131 arac\u0131n i\u00e7inde yolculuk yaparak ula\u015f\u0131m maliyeti minimuma indirilebilir.&nbsp;<\/span><\/p>\n<p dir=\"ltr\" style=\"line-height:1.295;margin-top:0pt;margin-bottom:8pt;\"><span style=\"font-size:11pt;font-family:Calibri,sans-serif;color:#000000;background-color:transparent;font-weight:400;font-style:normal;font-variant:normal;text-decoration:none;vertical-align:baseline;white-space:pre;white-space:pre-wrap;\">G\u00f6cek Rentals kaskolu yeni model ara\u00e7lar\u0131 m\u00fc\u015fterilerine sunuyor. <\/span><span style=\"font-size: 11pt; font-family: Calibri, sans-serif; color: rgb(0, 0, 0); background-color: transparent; font-style: normal; font-variant: normal; text-decoration: none; vertical-align: baseline; white-space: pre-wrap;\">Dalaman havaliman\u0131 ara\u00e7 kiralama<\/span><span style=\"font-size:11pt;font-family:Calibri,sans-serif;color:#000000;background-color:transparent;font-weight:400;font-style:normal;font-variant:normal;text-decoration:none;vertical-align:baseline;white-space:pre;white-space:pre-wrap;\"> Rezervasyon yap\u0131ld\u0131ktan sonra tatil planlar\u0131nda de\u011fi\u015fiklik oldu\u011fu takdirde ise iptali pratik \u015fekilde yap\u0131labilir. \u0130stenirse de rezervasyonu ileri tarihe almak m\u00fcmk\u00fcn.<\/span><\/p>\n<p><span><\/span><\/p>\n<p dir=\"ltr\" style=\"line-height:1.295;margin-top:0pt;margin-bottom:8pt;\"><span style=\"font-size:11pt;font-family:Calibri,sans-serif;color:#000000;background-color:transparent;font-weight:400;font-style:normal;font-variant:normal;text-decoration:none;vertical-align:baseline;white-space:pre;white-space:pre-wrap;\">G\u00f6cek Rentals <\/span><span style=\"font-size:11pt;font-family:Calibri,sans-serif;color:#000000;background-color:transparent;font-weight:700;font-style:normal;font-variant:normal;text-decoration:none;vertical-align:baseline;white-space:pre;white-space:pre-wrap;\">Dalaman havaliman\u0131 ara\u00e7 kiralama<\/span><span style=\"font-size:11pt;font-family:Calibri,sans-serif;color:#000000;background-color:transparent;font-weight:400;font-style:normal;font-variant:normal;text-decoration:none;vertical-align:baseline;white-space:pre;white-space:pre-wrap;\"> ile teslim ald\u0131\u011f\u0131n\u0131z arac\u0131 dilerseniz yine havaliman\u0131nda b\u0131rakabilirsiniz. Dilerseniz de kent i\u00e7inde b\u0131rakarak konumu hakk\u0131nda bilgi verebilirsiniz. G\u00f6cek Rentals\u2019\u0131n bu konuda m\u00fc\u015fterilerine kolayl\u0131klar sundu\u011fu g\u00f6r\u00fclebilir. Ara\u00e7 kiralama \u015fof\u00f6rs\u00fcz olarak yap\u0131l\u0131r. Bunun yan\u0131nda ara\u00e7 kullanmaktan ho\u015flanmayan ki\u015filer i\u00e7in \u015fof\u00f6rl\u00fc ara\u00e7 kiralama imk\u00e2n\u0131 da bulunur. \u015eof\u00f6rl\u00fc olarak ara\u00e7 kiralayarak yol tarifi almadan ve yorulmadan kent i\u00e7inde de ula\u015f\u0131m\u0131n\u0131z konforlu \u015fekilde ger\u00e7ekle\u015febilir.<\/span><\/p>\t\t\t\t\t\t\t\t<\/div>\n\t\t\t\t<\/div>\n\t\t\t\t\t<\/div>\n\t\t\t\t<\/div>\n\t\t\t\t<\/div>","protected":false},"excerpt":{"rendered":"<p>We offer comfortable and secure airport transfer services by a wide selection of cars for any taste, any capacity in any time with the best rates in the market starting from 60\u20ac from Dalaman Airport. To make an inquiry; simply email us your flight details and special requirement requests if there is any. Your driver [&hellip;]<\/p>","protected":false},"author":2,"featured_media":19913,"parent":19903,"menu_order":0,"comment_status":"closed","ping_status":"closed","template":"template\/template-homepage.php","meta":{"footnotes":""},"class_list":["post-20573","page","type-page","status-publish","has-post-thumbnail","hentry"],"aioseo_notices":[],"_links":{"self":[{"href":"https:\/\/gocekrentals.com\/tr\/wp-json\/wp\/v2\/pages\/20573","targetHints":{"allow":["GET"]}}],"collection":[{"href":"https:\/\/gocekrentals.com\/tr\/wp-json\/wp\/v2\/pages"}],"about":[{"href":"https:\/\/gocekrentals.com\/tr\/wp-json\/wp\/v2\/types\/page"}],"author":[{"embeddable":true,"href":"https:\/\/gocekrentals.com\/tr\/wp-json\/wp\/v2\/users\/2"}],"replies":[{"embeddable":true,"href":"https:\/\/gocekrentals.com\/tr\/wp-json\/wp\/v2\/comments?post=20573"}],"version-history":[{"count":0,"href":"https:\/\/gocekrentals.com\/tr\/wp-json\/wp\/v2\/pages\/20573\/revisions"}],"up":[{"embeddable":true,"href":"https:\/\/gocekrentals.com\/tr\/wp-json\/wp\/v2\/pages\/19903"}],"wp:featuredmedia":[{"embeddable":true,"href":"https:\/\/gocekrentals.com\/tr\/wp-json\/wp\/v2\/media\/19913"}],"wp:attachment":[{"href":"https:\/\/gocekrentals.com\/tr\/wp-json\/wp\/v2\/media?parent=20573"}],"curies":[{"name":"wp","href":"https:\/\/api.w.org\/{rel}","templated":true}]}}