{"id":17906,"date":"2022-10-19T23:33:03","date_gmt":"2022-10-19T23:33:03","guid":{"rendered":"https:\/\/demo.gocekrentals.com\/?page_id=17906"},"modified":"2024-05-15T14:16:54","modified_gmt":"2024-05-15T11:16:54","slug":"portville-rentals","status":"publish","type":"page","link":"https:\/\/gocekrentals.com\/tr\/portville-kiraliklar\/","title":{"rendered":"Portville Holiday Rentals &#038; Vacation Rentals"},"content":{"rendered":"<div data-elementor-type=\"wp-page\" data-elementor-id=\"17906\" class=\"elementor elementor-17906\">\n\t\t\t\t<div class=\"elementor-element elementor-element-e296f9f e-flex e-con-boxed e-con e-parent\" data-id=\"e296f9f\" data-element_type=\"container\">\n\t\t\t\t\t<div class=\"e-con-inner\">\n\t\t\t\t<div class=\"elementor-element elementor-element-7849123 elementor-widget elementor-widget-spacer\" data-id=\"7849123\" data-element_type=\"widget\" data-widget_type=\"spacer.default\">\n\t\t\t\t<div class=\"elementor-widget-container\">\n\t\t\t\t\t\t\t<div class=\"elementor-spacer\">\n\t\t\t<div class=\"elementor-spacer-inner\"><\/div>\n\t\t<\/div>\n\t\t\t\t\t\t<\/div>\n\t\t\t\t<\/div>\n\t\t\t\t\t<\/div>\n\t\t\t\t<\/div>\n\t\t\t\t<section class=\"elementor-section elementor-top-section elementor-element elementor-element-459a00b elementor-section-content-middle elementor-section-boxed elementor-section-height-default elementor-section-height-default\" data-id=\"459a00b\" data-element_type=\"section\">\n\t\t\t\t\t\t<div class=\"elementor-container elementor-column-gap-no\">\n\t\t\t\t\t<div class=\"elementor-column elementor-col-100 elementor-top-column elementor-element elementor-element-3949648\" data-id=\"3949648\" data-element_type=\"column\">\n\t\t\t<div class=\"elementor-widget-wrap elementor-element-populated\">\n\t\t\t\t\t\t<div class=\"elementor-element elementor-element-d5306bc elementor-widget elementor-widget-heading\" data-id=\"d5306bc\" data-element_type=\"widget\" data-widget_type=\"heading.default\">\n\t\t\t\t<div class=\"elementor-widget-container\">\n\t\t\t\t\t<h1 class=\"elementor-heading-title elementor-size-default\">Portville G\u00f6cek Kiral\u0131k Villa Fiyatlar\u0131<\/h1>\t\t\t\t<\/div>\n\t\t\t\t<\/div>\n\t\t\t\t<div class=\"elementor-element elementor-element-b3d36ed elementor-widget elementor-widget-image\" data-id=\"b3d36ed\" data-element_type=\"widget\" data-widget_type=\"image.default\">\n\t\t\t\t<div class=\"elementor-widget-container\">\n\t\t\t\t\t\t\t\t\t\t\t\t\t\t\t<img fetchpriority=\"high\" decoding=\"async\" width=\"1024\" height=\"512\" src=\"https:\/\/gocekrentals.com\/wp-content\/uploads\/2024\/05\/Portville-gocekrentals-plan-top-view-1024x512.webp\" class=\"attachment-large size-large wp-image-23669\" alt=\"Portville gocekrentals plan top view\" srcset=\"https:\/\/gocekrentals.com\/wp-content\/uploads\/2024\/05\/Portville-gocekrentals-plan-top-view-1024x512.webp 1024w, https:\/\/gocekrentals.com\/wp-content\/uploads\/2024\/05\/Portville-gocekrentals-plan-top-view-300x150.webp 300w, https:\/\/gocekrentals.com\/wp-content\/uploads\/2024\/05\/Portville-gocekrentals-plan-top-view-768x384.webp 768w, https:\/\/gocekrentals.com\/wp-content\/uploads\/2024\/05\/Portville-gocekrentals-plan-top-view-18x9.webp 18w, https:\/\/gocekrentals.com\/wp-content\/uploads\/2024\/05\/Portville-gocekrentals-plan-top-view-1199x600.webp 1199w, https:\/\/gocekrentals.com\/wp-content\/uploads\/2024\/05\/Portville-gocekrentals-plan-top-view-496x248.webp 496w, https:\/\/gocekrentals.com\/wp-content\/uploads\/2024\/05\/Portville-gocekrentals-plan-top-view.jpg 1275w\" sizes=\"(max-width: 1024px) 100vw, 1024px\" \/>\t\t\t\t\t\t\t\t\t\t\t\t\t\t\t<\/div>\n\t\t\t\t<\/div>\n\t\t\t\t<section class=\"elementor-section elementor-inner-section elementor-element elementor-element-370cfc0 elementor-section-boxed elementor-section-height-default elementor-section-height-default\" data-id=\"370cfc0\" data-element_type=\"section\">\n\t\t\t\t\t\t<div class=\"elementor-container elementor-column-gap-default\">\n\t\t\t\t\t<div class=\"elementor-column elementor-col-50 elementor-inner-column elementor-element elementor-element-95208b4\" data-id=\"95208b4\" data-element_type=\"column\">\n\t\t\t<div class=\"elementor-widget-wrap\">\n\t\t\t\t\t\t\t<\/div>\n\t\t<\/div>\n\t\t\t\t<div class=\"elementor-column elementor-col-50 elementor-inner-column elementor-element elementor-element-5d96959\" data-id=\"5d96959\" data-element_type=\"column\">\n\t\t\t<div class=\"elementor-widget-wrap elementor-element-populated\">\n\t\t\t\t\t\t<div class=\"elementor-element elementor-element-539a0d5 elementor-widget elementor-widget-houzez_elementor_sort_by\" data-id=\"539a0d5\" data-element_type=\"widget\" data-widget_type=\"houzez_elementor_sort_by.default\">\n\t\t\t\t<div class=\"elementor-widget-container\">\n\t\t\t\t\t        <div class=\"sort-by\">\n            <div class=\"d-flex align-items-center\">\n                <div class=\"sort-by-title\">\n                    S\u0131ralama:                <\/div><!-- sort-by-title -->  \n                <select id=\"sort_properties\" class=\"selectpicker form-control bs-select-hidden\" title=\"Varsay\u0131lan\" data-live-search=\"false\" data-dropdown-align-right=\"auto\">\n                    <option value=\"\">Varsay\u0131lan<\/option>\n                    <option  value=\"a_price\">Fiyat - D\u00fc\u015f\u00fckten Y\u00fckse\u011fe<\/option>\n                    <option  value=\"d_price\">Fiyat - Y\u00fcksekten D\u00fc\u015f\u00fc\u011fe<\/option>\n                    \n                    <option  value=\"featured_first\">F\u0131rsatlar \u00d6nce<\/option>\n                    \n                    <option  value=\"a_date\">Tarih - Eskiden Yeniye<\/option>\n                    <option  value=\"d_date\">Tarih - Yeniden Eskiye<\/option>\n                <\/select><!-- selectpicker -->\n            <\/div><!-- d-flex -->\n        <\/div><!-- sort-by -->\n        \t\t\t\t<\/div>\n\t\t\t\t<\/div>\n\t\t\t\t\t<\/div>\n\t\t<\/div>\n\t\t\t\t\t<\/div>\n\t\t<\/section>\n\t\t\t\t<div class=\"elementor-element elementor-element-780de36 elementor-widget elementor-widget-houzez_elementor_property-card-v6\" data-id=\"780de36\" data-element_type=\"widget\" data-widget_type=\"houzez_elementor_property-card-v6.default\">\n\t\t\t\t<div class=\"elementor-widget-container\">\n\t\t\t\t\t\t\t\r\n\t\t<div id=\"properties_module_section\" class=\"property-cards-module property-cards-module-v1 property-cards-module-3-cols\">\r\n\t\t\t<div id=\"module_properties\" class=\"listing-view grid-view card-deck grid-view-3-cols\">\r\n\t\t\t\t<div class=\"item-listing-wrap hz-item-gallery-js item-listing-wrap-v6 card\" data-hz-id=\"hz-18017\" >\n\t<div class=\"item-wrap item-wrap-v6 h-100\">\n\t\t<div class=\"d-flex align-items-center h-100\">\n\t\t\t<div class=\"item-header\">\n\t\t\t\t\n\t\t\t\t<div class=\"labels-wrap labels-right\"> \n\n\t<a href=\"https:\/\/gocekrentals.com\/tr\/status\/annually-rental\/\" class=\"label-status label status-color-164\">\n\t\t\t\t\tY\u0131ll\u0131k Kiral\u0131klar\n\t\t\t\t<\/a><a href=\"https:\/\/gocekrentals.com\/tr\/status\/for-rent\/\" class=\"label-status label status-color-28\">\n\t\t\t\t\tSezonluk Kiral\u0131k\n\t\t\t\t<\/a>       \n\n<\/div>\n\n\t\t\t\t<div class=\"listing-image-wrap\">\n\t\t\t\t\t<div class=\"listing-thumb\">\n\t\t\t\t\t\t<a class=\"listing-featured-thumb\" target=\"_self\" href=\"https:\/\/gocekrentals.com\/tr\/property\/portville-gocekte-kiralik-villa-koi\/\">\n\t\t\t\t\t\t<img decoding=\"async\" width=\"584\" height=\"438\" src=\"https:\/\/gocekrentals.com\/wp-content\/uploads\/2022\/10\/Portville-Holiday-Villas-No-10-Stella-33-584x438.jpg\" class=\"img-fluid wp-post-image\" alt=\"Portville Holiday Villas No 9-10\" srcset=\"https:\/\/gocekrentals.com\/wp-content\/uploads\/2022\/10\/Portville-Holiday-Villas-No-10-Stella-33-584x438.jpg 584w, https:\/\/gocekrentals.com\/wp-content\/uploads\/2022\/10\/Portville-Holiday-Villas-No-10-Stella-33-592x444.jpg 592w, https:\/\/gocekrentals.com\/wp-content\/uploads\/2022\/10\/Portville-Holiday-Villas-No-10-Stella-33-120x90.jpg 120w\" sizes=\"(max-width: 584px) 100vw, 584px\" \/>\t\t\t\t\t\t<\/a>\n\t\t\t\t\t<\/div>\n\t\t\t\t<\/div>\n\n\t\t\t\t<ul class=\"item-tools\">\n\n        <li class=\"item-tool item-preview\">\n        <span class=\"hz-show-lightbox-js\" data-listid=\"18017\" data-toggle=\"tooltip\" data-placement=\"top\" title=\"Preview\">\n                <i class=\"houzez-icon icon-expand-3\"><\/i>   \n        <\/span><!-- item-tool-favorite -->\n    <\/li><!-- item-tool -->\n        \n        <li class=\"item-tool item-favorite\">\n        <span class=\"add-favorite-js item-tool-favorite\" data-toggle=\"tooltip\" data-placement=\"top\" title=\"Favourite\" data-listid=\"18017\">\n            <i class=\"houzez-icon icon-love-it\"><\/i> \n        <\/span><!-- item-tool-favorite -->\n    <\/li><!-- item-tool -->\n    \n        <li class=\"item-tool item-compare\">\n        <span class=\"houzez_compare compare-18017 item-tool-compare show-compare-panel\" data-toggle=\"tooltip\" data-placement=\"top\" title=\"Add to Compare\" data-listing_id=\"18017\" data-listing_image=\"https:\/\/gocekrentals.com\/wp-content\/uploads\/2022\/10\/Portville-Holiday-Villas-No-10-Stella-33-592x444.jpg\">\n            <i class=\"houzez-icon icon-add-circle\"><\/i>\n        <\/span><!-- item-tool-compare -->\n    <\/li><!-- item-tool -->\n    <\/ul><!-- item-tools -->\n\t\t\t\t<div class=\"preview_loader\"><\/div>\n\t\t\t<\/div><!-- item-header -->\t\n\t\t\t<div class=\"item-body flex-grow-1\">\n\t\t\t\t<h2 class=\"item-title\">\n\t<a target=\"_self\" href=\"https:\/\/gocekrentals.com\/tr\/property\/portville-gocekte-kiralik-villa-koi\/\">Portville Tatil Villalar\u0131 | 9<\/a>\n<\/h2><!-- item-title -->\n\t\t\t\t<div class=\"d-flex justify-content-between align-items-center amenities-price-wrap\">\n\t\t\t\t\t<ul class=\"item-price-wrap\">\n\t\t\t\t\t\t<li class=\"item-price\"><span class=\"item-price-text\">Fiyatlar i\u00e7in aray\u0131n<\/span><\/li>\n\t\t\t\t\t<\/ul>\n\t\t\t\t\t<ul class=\"item-amenities item-amenities-with-icons\">\n\t<li class=\"h-beds\"><i class=\"houzez-icon icon-hotel-double-bed-1 mr-1\"><\/i><span class=\"item-amenities-text\">Beds:<\/span> <span class=\"hz-figure\">3<\/span><\/li><li class=\"h-baths\"><i class=\"houzez-icon icon-bathroom-shower-1 mr-1\"><\/i><span class=\"item-amenities-text\">Baths:<\/span> <span class=\"hz-figure\">3<\/span><\/li><li class=\"h-area\"><i class=\"houzez-icon icon-ruler-triangle mr-1\"><\/i><span class=\"hz-figure\">130<\/span> <span class=\"hz-figure area_postfix\"><\/span><\/li><\/ul>\t\t\t\t<\/div><!-- d-flex -->\n\t\t\t<\/div><!-- item-body -->\n\t\t<\/div><!-- d-flex -->\n\t<\/div><!-- item-wrap -->\n<\/div><!-- item-listing-wrap --><div class=\"item-listing-wrap hz-item-gallery-js item-listing-wrap-v6 card\" data-hz-id=\"hz-18165\" >\n\t<div class=\"item-wrap item-wrap-v6 h-100\">\n\t\t<div class=\"d-flex align-items-center h-100\">\n\t\t\t<div class=\"item-header\">\n\t\t\t\t\n\t\t\t\t<div class=\"labels-wrap labels-right\"> \n\n\t<a href=\"https:\/\/gocekrentals.com\/tr\/status\/annually-rental\/\" class=\"label-status label status-color-164\">\n\t\t\t\t\tY\u0131ll\u0131k Kiral\u0131klar\n\t\t\t\t<\/a><a href=\"https:\/\/gocekrentals.com\/tr\/status\/for-rent\/\" class=\"label-status label status-color-28\">\n\t\t\t\t\tSezonluk Kiral\u0131k\n\t\t\t\t<\/a>       \n\n<\/div>\n\n\t\t\t\t<div class=\"listing-image-wrap\">\n\t\t\t\t\t<div class=\"listing-thumb\">\n\t\t\t\t\t\t<a class=\"listing-featured-thumb\" target=\"_self\" href=\"https:\/\/gocekrentals.com\/tr\/property\/portville-tatil-villalari-no-10-stella\/\">\n\t\t\t\t\t\t<img decoding=\"async\" width=\"584\" height=\"438\" src=\"https:\/\/gocekrentals.com\/wp-content\/uploads\/2022\/10\/Portville-Holiday-Villas-No-10-Stella-43-584x438.jpg\" class=\"img-fluid wp-post-image\" alt=\"Portville Holiday Villas No 10 Stella 43\" srcset=\"https:\/\/gocekrentals.com\/wp-content\/uploads\/2022\/10\/Portville-Holiday-Villas-No-10-Stella-43-584x438.jpg 584w, https:\/\/gocekrentals.com\/wp-content\/uploads\/2022\/10\/Portville-Holiday-Villas-No-10-Stella-43-592x444.jpg 592w, https:\/\/gocekrentals.com\/wp-content\/uploads\/2022\/10\/Portville-Holiday-Villas-No-10-Stella-43-120x90.jpg 120w\" sizes=\"(max-width: 584px) 100vw, 584px\" \/>\t\t\t\t\t\t<\/a>\n\t\t\t\t\t<\/div>\n\t\t\t\t<\/div>\n\n\t\t\t\t<ul class=\"item-tools\">\n\n        <li class=\"item-tool item-preview\">\n        <span class=\"hz-show-lightbox-js\" data-listid=\"18165\" data-toggle=\"tooltip\" data-placement=\"top\" title=\"Preview\">\n                <i class=\"houzez-icon icon-expand-3\"><\/i>   \n        <\/span><!-- item-tool-favorite -->\n    <\/li><!-- item-tool -->\n        \n        <li class=\"item-tool item-favorite\">\n        <span class=\"add-favorite-js item-tool-favorite\" data-toggle=\"tooltip\" data-placement=\"top\" title=\"Favourite\" data-listid=\"18165\">\n            <i class=\"houzez-icon icon-love-it\"><\/i> \n        <\/span><!-- item-tool-favorite -->\n    <\/li><!-- item-tool -->\n    \n        <li class=\"item-tool item-compare\">\n        <span class=\"houzez_compare compare-18165 item-tool-compare show-compare-panel\" data-toggle=\"tooltip\" data-placement=\"top\" title=\"Add to Compare\" data-listing_id=\"18165\" data-listing_image=\"https:\/\/gocekrentals.com\/wp-content\/uploads\/2022\/10\/Portville-Holiday-Villas-No-10-Stella-43-592x444.jpg\">\n            <i class=\"houzez-icon icon-add-circle\"><\/i>\n        <\/span><!-- item-tool-compare -->\n    <\/li><!-- item-tool -->\n    <\/ul><!-- item-tools -->\n\t\t\t\t<div class=\"preview_loader\"><\/div>\n\t\t\t<\/div><!-- item-header -->\t\n\t\t\t<div class=\"item-body flex-grow-1\">\n\t\t\t\t<h2 class=\"item-title\">\n\t<a target=\"_self\" href=\"https:\/\/gocekrentals.com\/tr\/property\/portville-tatil-villalari-no-10-stella\/\">Portville Tatil Villalar\u0131 | 10<\/a>\n<\/h2><!-- item-title -->\n\t\t\t\t<div class=\"d-flex justify-content-between align-items-center amenities-price-wrap\">\n\t\t\t\t\t<ul class=\"item-price-wrap\">\n\t\t\t\t\t\t<li class=\"item-price\"><span class=\"item-price-text\">Fiyatlar i\u00e7in aray\u0131n<\/span><\/li>\n\t\t\t\t\t<\/ul>\n\t\t\t\t\t<ul class=\"item-amenities item-amenities-with-icons\">\n\t<li class=\"h-beds\"><i class=\"houzez-icon icon-hotel-double-bed-1 mr-1\"><\/i><span class=\"item-amenities-text\">Beds:<\/span> <span class=\"hz-figure\">2<\/span><\/li><li class=\"h-baths\"><i class=\"houzez-icon icon-bathroom-shower-1 mr-1\"><\/i><span class=\"item-amenities-text\">Baths:<\/span> <span class=\"hz-figure\">3<\/span><\/li><li class=\"h-area\"><i class=\"houzez-icon icon-ruler-triangle mr-1\"><\/i><span class=\"hz-figure\">130<\/span> <span class=\"hz-figure area_postfix\"><\/span><\/li><\/ul>\t\t\t\t<\/div><!-- d-flex -->\n\t\t\t<\/div><!-- item-body -->\n\t\t<\/div><!-- d-flex -->\n\t<\/div><!-- item-wrap -->\n<\/div><!-- item-listing-wrap -->\r\n\t\t\t<\/div><!-- listing-view -->\r\n\r\n\t\t\t\t\t<\/div><!-- property-grid-module -->\r\n\r\n\t\t\t\t\t\t<\/div>\n\t\t\t\t<\/div>\n\t\t\t\t\t<\/div>\n\t\t<\/div>\n\t\t\t\t\t<\/div>\n\t\t<\/section>\n\t\t\t\t<section class=\"elementor-section elementor-top-section elementor-element elementor-element-769eb34 elementor-section-boxed elementor-section-height-default elementor-section-height-default\" data-id=\"769eb34\" data-element_type=\"section\">\n\t\t\t\t\t\t<div class=\"elementor-container elementor-column-gap-default\">\n\t\t\t\t\t<div class=\"elementor-column elementor-col-100 elementor-top-column elementor-element elementor-element-ed763c0\" data-id=\"ed763c0\" data-element_type=\"column\">\n\t\t\t<div class=\"elementor-widget-wrap elementor-element-populated\">\n\t\t\t\t\t\t<div class=\"elementor-element elementor-element-f002c4f elementor-widget elementor-widget-text-editor\" data-id=\"f002c4f\" data-element_type=\"widget\" data-widget_type=\"text-editor.default\">\n\t\t\t\t<div class=\"elementor-widget-container\">\n\t\t\t\t\t\t\t\t\t<p>Merkeze be\u015f dakika mesafede bulunan <strong>G\u00f6cek portville villalar\u0131 <\/strong>zarif mimarisi ve bol bah\u00e7elerinin g\u00fczelli\u011fine dalman\u0131z\u0131 sa\u011flar. Sitede bulunan villalar ayn\u0131 zamanda Venedik evleri olarak da an\u0131l\u0131r. Bu \u015fekilde an\u0131lmalar\u0131n\u0131 sa\u011flayan nokta ise sitenin i\u00e7inde her villan\u0131n \u00f6n\u00fcne kadar gelen kanallar\u0131n yer almas\u0131. <br>\n<br>\nG\u00f6cek merkeze y\u00fcr\u00fcyerek birka\u00e7 dakika i\u00e7inde ula\u015fman\u0131n m\u00fcmk\u00fcn oldu\u011fu sitede havaliman\u0131na ise sadece 20 kilometre mesafe bulunuyor. Ula\u015f\u0131m\u0131n son derece pratik oldu\u011fu sitede l\u00fcks ve unutulmaz tatiller yap\u0131lmas\u0131 m\u00fcmk\u00fcn.<br>\n<br> <strong>Portville<\/strong> \u2019de t\u00fcm villalar birbirlerine sokaklar ile oldu\u011fu gibi kanallarla da ba\u011flan\u0131yor. Bu kanallar\u0131n denize a\u00e7\u0131lmas\u0131 da en \u00f6nemli \u00f6zellikleri aras\u0131nda yer al\u0131r. Hatta <a href=\"https:\/\/gocekrentals.com\/tr\/portville-kiraliklar\/\"><strong>G\u00f6cek Portville Tatil Villalar\u0131<\/strong><\/a> villa sahipleri, teknelerini evlerinin \u00f6n\u00fcnde bulunan iskeleye ba\u011flayabilir.<\/p><p>Merkeze be\u015f dakika mesafede bulunan <em>G\u00f6cek portville villalar\u0131<\/em> site ayn\u0131 zamanda restoranlara, marinaya ve al\u0131\u015fveri\u015f merkezlerine de son derece yak\u0131n. Bu lokasyonlara ve plaja golf arabalar\u0131 ile de \u00fccretsiz ula\u015f\u0131m sa\u011flan\u0131yor. Villalar \u00e7iftlerin romantik tatillerinde ya da \u00e7ocuklu ailelerin g\u00fcvenli\u011fi ve rahat\u0131 \u00f6n planda tuttuklar\u0131 tatillerde beklentilerin \u00fczerine \u00e7\u0131k\u0131yor. Yat ve tekne tutkunlar\u0131na villalar\u0131n aras\u0131nda bulunan kanallar ile cevap veriyor.<\/p><h2>G\u00f6cek Portville Kiral\u0131k Villa Fiyatlar\u0131<\/h2><p><strong>G\u00f6cek portville kiral\u0131k villa<\/strong> se\u00e7enekleri ile bu sitede ev sahibi olmadan da sundu\u011fu m\u00fckemmel tatil f\u0131rsatlar\u0131 de\u011ferlendirilebilir. Sitede birbirinden farkl\u0131 11 tip villa bulunur. \u0130ki, \u00fc\u00e7 veya d\u00f6rt odal\u0131 olarak farkl\u0131 b\u00fcy\u00fckl\u00fckte ailelere hitap eden villalar bulunur. Portville villalar\u0131 aras\u0131ndan kiralamak i\u00e7in se\u00e7im yaparken oda say\u0131s\u0131n\u0131n ihtiyac\u0131n\u0131z\u0131 kar\u015f\u0131l\u0131yor olmas\u0131na dikkat edilir. Her villan\u0131n bah\u00e7esinden site havuzuna eri\u015fim imk\u00e2n\u0131 var. Bunun yan\u0131nda 51 adet villa havuzu \u00e7evreler.<\/p><p><strong>Portville G\u00f6cek fiyatlar\u0131 <\/strong>avantajl\u0131 ve her b\u00fct\u00e7eye uygun se\u00e7enekleriyle \u00f6ne \u00e7\u0131k\u0131yor. Bu ayr\u0131cal\u0131kl\u0131 hizmetlerden faydalanmak olduk\u00e7a uygun fiyatlara m\u00fcmk\u00fcn!<\/p><p><strong>G\u00f6cek Portville <\/strong>tatil se\u00e7enekleri, muhte\u015fem bir tatil plan\u0131 yapan ve hayali kuranlar i\u00e7in G\u00f6cek Rentals ile olduk\u00e7a kolay bir hale geliyor. Do\u011fan\u0131n i\u00e7inde ama ayn\u0131 zamanda son derece modern ya\u015fam\u0131 da villalar da bulabilirsiniz. Fiyat\u0131 sundu\u011fu ayr\u0131cal\u0131klar ile olduk\u00e7a uygun olan bu sitede yap\u0131lan villa kiralama ile evinizin konforunda hissederek tatil yapman\u0131z m\u00fcmk\u00fcn.<\/p><p><strong>G\u00fcvenilir Portville Villalar\u0131 <\/strong>ile g\u00fcvenlik \u00f6nlemlerinin \u00fcst d\u00fczeyde oldu\u011fu sitede aileniz ile kendinizi g\u00fcvende hissederek tatilinizi yapabilirsiniz. Fiyatlar\u0131n uygun olmas\u0131 ile tatil plan\u0131n\u0131z\u0131 istedi\u011finiz gibi uzun s\u00fcreli yapman\u0131z da cabas\u0131.<\/p><p><strong>Portville G\u00f6cek kiral\u0131k <\/strong>villa tercihinizi g\u00fcnl\u00fck, haftal\u0131k veya ayl\u0131k olarak yapman\u0131z m\u00fcmk\u00fcn. Yo\u011fun ilgi g\u00f6ren bu villalarda tatil yapmak istedi\u011finizde rezervasyonu \u00f6nceden yapt\u0131rman\u0131z yararl\u0131 olacakt\u0131r. <em>Portville kiralama<\/em> tatil villalar\u0131nda sezon boyunca rezervasyonlar\u0131n dolu oldu\u011fu g\u00f6r\u00fcl\u00fcr. Son dakika rezervasyonlar\u0131n kar\u015f\u0131l\u0131k bulmas\u0131 zor oldu\u011fundan \u00f6nceden yap\u0131larak istenen m\u00fckemmel tatil yapabilirsiniz.<\/p><h2>Mu\u011fla\/Fethiye G\u00f6cek Portville Villalar\u0131 ile L\u00fcks Bir Tatil<\/h2><p><strong>Mu\u011fla G\u00f6cek Portville tatil villalar\u0131<\/strong> G\u00f6cek, denizi ve denizcilikle ilgili her \u015feyi sevenler i\u00e7in huzurlu bir liman sa\u011flar. <strong>Portville Tatil Villalar\u0131<\/strong> 46.000 metrekarelik geni\u015f bir alan \u00fczerine kuruludur. Karay\u0131 ve denizi zahmetsizce birle\u015ftirerek, l\u00fcksle d\u00f6\u015fenmi\u015f konforlu villalar sunuyor. L\u00fcks tatilin ayn\u0131 zamanda do\u011fa ile i\u00e7 i\u00e7e olmas\u0131 ile farkl\u0131l\u0131k yarat\u0131yor. \u00d6zellikle romantik balay\u0131 tatillerinde de bu villalar tercih edilen yerlerden biri. Evlili\u011finizin en g\u00fczel g\u00fcnlerini romantik bir ortamda yapmak istedi\u011finizde bu zarif portville evlerinden kiralama yapabilirsiniz.<\/p><p>B\u00fct\u00e7enize uygun ayn\u0131 zamanda istedi\u011finiz tarihlerde villa kiralayabilmek i\u00e7in G\u00f6cek Rentals\u2019\u0131n temsilcileri ile g\u00f6r\u00fc\u015febilirsiniz. Ka\u00e7 ki\u015fi oldu\u011funuzu belirtmeniz ile size uygun olan <strong>portville villa<\/strong> temsilciler taraf\u0131ndan tavsiye edilir. <strong>Portville kiralama<\/strong> i\u00e7in rezervasyon yapt\u0131ktan sonra planlar\u0131n\u0131zda de\u011fi\u015fiklik oldu\u011funda rezervasyonu iptal etti\u011finizde \u00f6deme yapman\u0131za gerek kalmaz. Portville villalar\u0131n\u0131 kiralayarak tatil yapt\u0131\u011f\u0131n\u0131zda G\u00f6cek\u2019in en se\u00e7kin \u00f6zel plaj\u0131na da y\u00fczde yetmi\u015f be\u015f indirimli olarak girebilirsiniz. Kiralama \u00fccreti villa ba\u015f\u0131na ve g\u00fcnl\u00fck olarak hesaplan\u0131r. Villada ka\u00e7 ki\u015fi kald\u0131\u011f\u0131n\u0131z fiyat\u0131 etkilemez.<\/p><p>Portville kiralaman\u0131n yan\u0131 s\u0131ra, <strong><a href=\"https:\/\/gocekrentals.com\/tr\/satilik-gayrimenkul\/portville-satilik-villalar\/\" title=\"\" target=\"_self\">portville sat\u0131n alma<\/a><\/strong>n\u0131n m\u00fcmk\u00fcn oldu\u011funu biliyor muydunuz? <em>G\u00f6cek Portville Tatil Villalar\u0131<\/em> aras\u0131ndan sat\u0131n alaca\u011f\u0131n\u0131z villa ile her istedi\u011finizde G\u00f6cek\u2019te tatil yapabilirsiniz. Ayn\u0131 zamanda sat\u0131n ald\u0131\u011f\u0131n\u0131z villay\u0131 kiralayarak da her sezon i\u00e7in \u00f6nemli d\u00fczeyde gelir sahibi olabilirsiniz. Portville projesinden villa sat\u0131n almak ya da kiralamak istedi\u011finizde en do\u011fru adres G\u00f6cek Rentals\u2019d\u0131r. Firma b\u00fct\u00e7enize uygun fiyatlar ile beklentilerinizi kar\u015f\u0131layan villay\u0131 sat\u0131n alman\u0131z\u0131 ya da kiralaman\u0131z\u0131 sa\u011flar.<br>\n<br>\nVillan\u0131n \u00f6n\u00fcnden havuza girerek ya da evinizin \u00f6n\u00fcndeki kanaldan tekneye binerek denize a\u00e7\u0131larak serinleme imk\u00e2n\u0131 bulabilirsiniz. Ayr\u0131ca villalar\u0131n i\u00e7inde kendinizi evinizin konforunda hissedece\u011finiz t\u00fcm detaylar bulunur. Bu sayede sat\u0131n ald\u0131\u011f\u0131n\u0131zda ya da kiralad\u0131\u011f\u0131n\u0131zda tatil i\u00e7in sadece valizinizi alarak gelmeniz yeterli olur. Villalar\u0131n temizli\u011fi ve hijyeni i\u00e7in site y\u00f6netimi hizmet verir. G\u00fcvenlik g\u00f6revlilerinin yan\u0131nda kameralar ile g\u00f6zlenen sitede emniyetli hissedilir. G\u00fcvenli, e\u011flenceli, deniz ve do\u011fa ile i\u00e7 i\u00e7e tatil i\u00e7in G\u00f6cek ve Portville en do\u011fru se\u00e7enek olur.<\/p>\t\t\t\t\t\t\t\t<\/div>\n\t\t\t\t<\/div>\n\t\t\t\t<div class=\"elementor-element elementor-element-3089e50 elementor-fixed elementor-widget elementor-widget-html\" data-id=\"3089e50\" data-element_type=\"widget\" data-settings=\"{&quot;_position&quot;:&quot;fixed&quot;}\" data-widget_type=\"html.default\">\n\t\t\t\t<div class=\"elementor-widget-container\">\n\t\t\t\t\t<div class=\"switcher-wrap currency-switcher-wrap\">\n<button class=\"btn dropdown-toggle\" type=\"button\" data-toggle=\"dropdown\" aria-haspopup=\"true\" aria-expanded=\"true\"><span>TRY<\/span>\n<\/button>\n<ul id=\"hz-currency-switcher-list\" class=\"dropdown-menu\" aria-labelledby=\"dropdown\">\n<li data-currency-code=\"EUR\">EUR<\/li><li data-currency-code=\"TRY\">TRY<\/li> <\/ul>\n<input type=\"hidden\" id=\"hz-switch-to-currency\" value=\"TRY\">\n<\/div>\t\t\t\t<\/div>\n\t\t\t\t<\/div>\n\t\t\t\t\t<\/div>\n\t\t<\/div>\n\t\t\t\t\t<\/div>\n\t\t<\/section>\n\t\t<div class=\"elementor-element elementor-element-f8118a5 e-flex e-con-boxed e-con e-parent\" data-id=\"f8118a5\" data-element_type=\"container\">\n\t\t\t\t\t<div class=\"e-con-inner\">\n\t\t\t\t<div class=\"elementor-element elementor-element-41328ae elementor-widget elementor-widget-video\" data-id=\"41328ae\" data-element_type=\"widget\" data-settings=\"{&quot;youtube_url&quot;:&quot;https:\\\/\\\/www.youtube.com\\\/watch?v=E7LIVKQCRjk&quot;,&quot;lazy_load&quot;:&quot;yes&quot;,&quot;video_type&quot;:&quot;youtube&quot;,&quot;controls&quot;:&quot;yes&quot;}\" data-widget_type=\"video.default\">\n\t\t\t\t<div class=\"elementor-widget-container\">\n\t\t\t\t\t\t\t<div class=\"elementor-wrapper elementor-open-inline\">\n\t\t\t<div class=\"elementor-video\"><\/div>\t\t<\/div>\n\t\t\t\t\t\t<\/div>\n\t\t\t\t<\/div>\n\t\t\t\t\t<\/div>\n\t\t\t\t<\/div>\n\t\t\t\t<\/div>","protected":false},"excerpt":{"rendered":"<p>Portville Holiday Villas in Gocek Sort By: Default OrderPrice &#8211; Low to HighPrice &#8211; High to LowFeatured Listings FirstDate &#8211; Old to NewDate &#8211; New to Old Annually Rental Seasonal Rental Portville Holiday Villas | 9 Call us for pricing Beds: 3 Baths: 3 130 Annually Rental Seasonal Rental Portville Holiday Villas | 10 Call [&hellip;]<\/p>","protected":false},"author":2,"featured_media":0,"parent":0,"menu_order":0,"comment_status":"closed","ping_status":"closed","template":"template\/template-homepage.php","meta":{"footnotes":""},"class_list":["post-17906","page","type-page","status-publish","hentry"],"aioseo_notices":[],"_links":{"self":[{"href":"https:\/\/gocekrentals.com\/tr\/wp-json\/wp\/v2\/pages\/17906","targetHints":{"allow":["GET"]}}],"collection":[{"href":"https:\/\/gocekrentals.com\/tr\/wp-json\/wp\/v2\/pages"}],"about":[{"href":"https:\/\/gocekrentals.com\/tr\/wp-json\/wp\/v2\/types\/page"}],"author":[{"embeddable":true,"href":"https:\/\/gocekrentals.com\/tr\/wp-json\/wp\/v2\/users\/2"}],"replies":[{"embeddable":true,"href":"https:\/\/gocekrentals.com\/tr\/wp-json\/wp\/v2\/comments?post=17906"}],"version-history":[{"count":0,"href":"https:\/\/gocekrentals.com\/tr\/wp-json\/wp\/v2\/pages\/17906\/revisions"}],"wp:attachment":[{"href":"https:\/\/gocekrentals.com\/tr\/wp-json\/wp\/v2\/media?parent=17906"}],"curies":[{"name":"wp","href":"https:\/\/api.w.org\/{rel}","templated":true}]}}