{"id":16650,"date":"2020-02-24T22:15:15","date_gmt":"2020-02-24T22:15:15","guid":{"rendered":"https:\/\/demo02.houzez.co\/?page_id=16650"},"modified":"2024-01-31T13:47:47","modified_gmt":"2024-01-31T10:47:47","slug":"about","status":"publish","type":"page","link":"https:\/\/gocekrentals.com\/tr\/hakkimizda\/","title":{"rendered":"About"},"content":{"rendered":"<div data-elementor-type=\"wp-page\" data-elementor-id=\"16650\" class=\"elementor elementor-16650\">\n\t\t\t\t\t\t<section class=\"elementor-section elementor-top-section elementor-element elementor-element-5b81e21 elementor-section-height-min-height animated-slow elementor-section-boxed elementor-section-height-default elementor-section-items-middle elementor-invisible\" data-id=\"5b81e21\" data-element_type=\"section\" data-settings=\"{&quot;background_background&quot;:&quot;classic&quot;,&quot;animation&quot;:&quot;fadeIn&quot;}\">\n\t\t\t\t\t\t\t<div class=\"elementor-background-overlay\"><\/div>\n\t\t\t\t\t\t\t<div class=\"elementor-container elementor-column-gap-default\">\n\t\t\t\t\t<div class=\"elementor-column elementor-col-100 elementor-top-column elementor-element elementor-element-ad367f8\" data-id=\"ad367f8\" data-element_type=\"column\">\n\t\t\t<div class=\"elementor-widget-wrap elementor-element-populated\">\n\t\t\t\t\t\t<div class=\"elementor-element elementor-element-0e7939f elementor-widget elementor-widget-heading\" data-id=\"0e7939f\" data-element_type=\"widget\" data-widget_type=\"heading.default\">\n\t\t\t\t<div class=\"elementor-widget-container\">\n\t\t\t\t\t<h1 class=\"elementor-heading-title elementor-size-default\">Hakk\u0131m\u0131zda<\/h1>\t\t\t\t<\/div>\n\t\t\t\t<\/div>\n\t\t\t\t\t<\/div>\n\t\t<\/div>\n\t\t\t\t\t<\/div>\n\t\t<\/section>\n\t\t\t\t<section class=\"elementor-section elementor-top-section elementor-element elementor-element-09038dc elementor-section-boxed elementor-section-height-default elementor-section-height-default\" data-id=\"09038dc\" data-element_type=\"section\" data-settings=\"{&quot;background_background&quot;:&quot;classic&quot;}\">\n\t\t\t\t\t\t<div class=\"elementor-container elementor-column-gap-default\">\n\t\t\t\t\t<div class=\"elementor-column elementor-col-100 elementor-top-column elementor-element elementor-element-c8278ac\" data-id=\"c8278ac\" data-element_type=\"column\">\n\t\t\t<div class=\"elementor-widget-wrap elementor-element-populated\">\n\t\t\t\t\t\t<div class=\"elementor-element elementor-element-3271868 elementor-widget elementor-widget-spacer\" data-id=\"3271868\" data-element_type=\"widget\" data-widget_type=\"spacer.default\">\n\t\t\t\t<div class=\"elementor-widget-container\">\n\t\t\t\t\t\t\t<div class=\"elementor-spacer\">\n\t\t\t<div class=\"elementor-spacer-inner\"><\/div>\n\t\t<\/div>\n\t\t\t\t\t\t<\/div>\n\t\t\t\t<\/div>\n\t\t\t\t<div class=\"elementor-element elementor-element-69fe9b8 elementor-widget elementor-widget-text-editor\" data-id=\"69fe9b8\" data-element_type=\"widget\" data-widget_type=\"text-editor.default\">\n\t\t\t\t<div class=\"elementor-widget-container\">\n\t\t\t\t\t\t\t\t\t<p class=\" translation-block\">Akdeniz\u2019in en g\u00fczel koyu G\u00f6cek\u2019te gayrimenkul ve tekne kiralama, konsiyerj, sermaye ve yat\u0131r\u0131m dan\u0131\u015fmanl\u0131\u011f\u0131 hizmetleri sunan G\u00f6cek Rentals, y\u00fcksek hizmet kalitesi ile m\u00fc\u015fteri memnuniyeti odakl\u0131 faaliyet g\u00f6steren bir firmad\u0131r.<\/p><p>G\u00f6cek Rentals, uzman ekibi ile misafirlerinin tatilleri boyunca G\u00f6cek\u2019te muhte\u015fem anlar ya\u015famas\u0131n\u0131 sa\u011flamay\u0131 vaat etmektedir. Sahip oldu\u011fu m\u00fc\u015fteri odakl\u0131 anlay\u0131\u015f\u0131 sayesinde misafirlerine d\u00fcnya standartlar\u0131nda hizmet sunabilmektedir.<\/p><p>G\u00f6cek Rentals'da, m\u00fc\u015fterilerimize istisnai hizmet sunma konusunda sars\u0131lmaz ve benzersiz bir taahh\u00fcd\u00fcm\u00fcz var. Misafirimizin mahremiyeti en b\u00fcy\u00fck \u00f6nceli\u011fimizdir. K\u0131sa ge\u00e7mi\u015fimizden bu yana ola\u011fan\u00fcst\u00fc m\u00fc\u015fteri memnuniyeti ve sadakati yakalamam\u0131z\u0131n nedenlerinden biri de budur.<\/p>\t\t\t\t\t\t\t\t<\/div>\n\t\t\t\t<\/div>\n\t\t\t\t\t<\/div>\n\t\t<\/div>\n\t\t\t\t\t<\/div>\n\t\t<\/section>\n\t\t\t\t<section class=\"elementor-section elementor-top-section elementor-element elementor-element-7de1bca elementor-section-boxed elementor-section-height-default elementor-section-height-default\" data-id=\"7de1bca\" data-element_type=\"section\">\n\t\t\t\t\t\t<div class=\"elementor-container elementor-column-gap-default\">\n\t\t\t\t\t<div class=\"elementor-column elementor-col-100 elementor-top-column elementor-element elementor-element-b896568\" data-id=\"b896568\" data-element_type=\"column\">\n\t\t\t<div class=\"elementor-widget-wrap elementor-element-populated\">\n\t\t\t\t\t\t<div class=\"elementor-element elementor-element-d1842fc elementor-widget elementor-widget-spacer\" data-id=\"d1842fc\" data-element_type=\"widget\" data-widget_type=\"spacer.default\">\n\t\t\t\t<div class=\"elementor-widget-container\">\n\t\t\t\t\t\t\t<div class=\"elementor-spacer\">\n\t\t\t<div class=\"elementor-spacer-inner\"><\/div>\n\t\t<\/div>\n\t\t\t\t\t\t<\/div>\n\t\t\t\t<\/div>\n\t\t\t\t<div class=\"elementor-element elementor-element-d8431e2 animated-slow elementor-invisible elementor-widget elementor-widget-houzez_elementor_section_title\" data-id=\"d8431e2\" data-element_type=\"widget\" data-settings=\"{&quot;_animation&quot;:&quot;fadeIn&quot;}\" data-widget_type=\"houzez_elementor_section_title.default\">\n\t\t\t\t<div class=\"elementor-widget-container\">\n\t\t\t\t\t            <div class=\"houzez_section_title_wrap section-title-module\">\n                                    <h2 class=\"houzez_section_title\">Misyonumuz<\/h2>\n                \n                                    <p class=\"houzez_section_subtitle\">Akdeniz\u2019in en g\u00fczel koyunda bulunan G\u00f6cek\u2019in en \u00f6nemli duraklar\u0131ndan biri olarak, misafirlerimiz i\u00e7in e\u015fsiz de\u011ferler yaratmay\u0131 ama\u00e7l\u0131yoruz. Bu amac\u0131 yerine getirirken y\u00fcksek kalitede hizmet sunuyoruz.<\/p>\n                            <\/div>\n            \t\t\t\t<\/div>\n\t\t\t\t<\/div>\n\t\t\t\t<div class=\"elementor-element elementor-element-cb1c47a animated-slow elementor-invisible elementor-widget elementor-widget-houzez_elementor_section_title\" data-id=\"cb1c47a\" data-element_type=\"widget\" data-settings=\"{&quot;_animation&quot;:&quot;fadeIn&quot;}\" data-widget_type=\"houzez_elementor_section_title.default\">\n\t\t\t\t<div class=\"elementor-widget-container\">\n\t\t\t\t\t            <div class=\"houzez_section_title_wrap section-title-module\">\n                                    <h2 class=\"houzez_section_title\">Vizyonumuz<\/h2>\n                \n                                    <p class=\"houzez_section_subtitle\">M\u00fc\u015fteri odakl\u0131 hizmet anlay\u0131\u015f\u0131m\u0131zla t\u00fcm m\u00fc\u015fterilerimize e\u015fsiz ve ki\u015fiye \u00f6zel bir tatil deneyimi vaat ediyoruz.<\/p>\n                            <\/div>\n            \t\t\t\t<\/div>\n\t\t\t\t<\/div>\n\t\t\t\t<div class=\"elementor-element elementor-element-165332d animated-slow elementor-invisible elementor-widget elementor-widget-houzez_elementor_section_title\" data-id=\"165332d\" data-element_type=\"widget\" data-settings=\"{&quot;_animation&quot;:&quot;fadeIn&quot;}\" data-widget_type=\"houzez_elementor_section_title.default\">\n\t\t\t\t<div class=\"elementor-widget-container\">\n\t\t\t\t\t            <div class=\"houzez_section_title_wrap section-title-module\">\n                                    <h2 class=\"houzez_section_title\">Neden bizi se\u00e7melisiniz?<\/h2>\n                \n                                    <p class=\"houzez_section_subtitle\">G\u00f6cek\u2019teki yat\u0131r\u0131mc\u0131larla, gayr\u0131menkul ve tekne sahipleriyle kurdu\u011fumuz g\u00fcvenilir ve sayg\u0131n ba\u011flant\u0131lar\u0131m\u0131z sayesinde \u00e7e\u015fitli villa, daire, da\u011f evi, yat, gulet sat\u0131\u015f ve kiralama hizmeti vermekteyiz. Bu hizmeti verirken de her b\u00fct\u00e7eye ve tarza uygun kiralama ve sat\u0131\u015f \u00e7\u00f6z\u00fcmleri geli\u015ftirmekteyiz.<\/p>\n                            <\/div>\n            \t\t\t\t<\/div>\n\t\t\t\t<\/div>\n\t\t\t\t<div class=\"elementor-element elementor-element-b9b49cd animated-slow elementor-invisible elementor-widget elementor-widget-houzez_elementor_section_title\" data-id=\"b9b49cd\" data-element_type=\"widget\" data-settings=\"{&quot;_animation&quot;:&quot;fadeIn&quot;}\" data-widget_type=\"houzez_elementor_section_title.default\">\n\t\t\t\t<div class=\"elementor-widget-container\">\n\t\t\t\t\t            <div class=\"houzez_section_title_wrap section-title-module\">\n                                    <h2 class=\"houzez_section_title\">\u00d6nceli\u011fimiz Uygun Fiyat<\/h2>\n                \n                                    <p class=\"houzez_section_subtitle\">Uzman kadromuz sayesinde rekabetin \u00e7ok b\u00fcy\u00fck oldu\u011fu bir pazarda uygun fiyat ve kar marj\u0131na sahip \u00e7\u00f6z\u00fcmler sunmaktay\u0131z. Fiyatlar\u0131m\u0131za konaklama, elektrik ve su faturalar\u0131, havuz, bah\u00e7e bak\u0131m\u0131 ve benzeri pek \u00e7ok gider d\u00e2hildir. Bu sayede beklenmeyen \u00fccret ve faturalar\u0131n \u00e7\u0131kmayaca\u011f\u0131n\u0131n garantisini vermekteyiz.<\/p>\n                            <\/div>\n            \t\t\t\t<\/div>\n\t\t\t\t<\/div>\n\t\t\t\t<div class=\"elementor-element elementor-element-7a70137 animated-slow elementor-invisible elementor-widget elementor-widget-houzez_elementor_section_title\" data-id=\"7a70137\" data-element_type=\"widget\" data-settings=\"{&quot;_animation&quot;:&quot;fadeIn&quot;}\" data-widget_type=\"houzez_elementor_section_title.default\">\n\t\t\t\t<div class=\"elementor-widget-container\">\n\t\t\t\t\t            <div class=\"houzez_section_title_wrap section-title-module\">\n                                    <h2 class=\"houzez_section_title\">Y\u00fcksek Standartlarda Hizmet\n\n<\/h2>\n                \n                                    <p class=\"houzez_section_subtitle\">Deneyimli ve yetenekli ekibimiz, her misafirimiz ile birebir ilgilenmekte ve m\u00fc\u015fterilerimizin talebine g\u00f6re G\u00f6cek\u2019te villa ve daire kiralama, yat\u0131r\u0131m dan\u0131\u015fmanl\u0131\u011f\u0131 ya da konsiyerj hizmetleri alan\u0131nda en uygun se\u00e7ene\u011fi sunmaktad\u0131r. Gayrimenkul ve tekne kiralama-sat\u0131\u015f konular\u0131nda \u015feffafl\u0131k ve etik unsurlar\u0131 \u00f6n planda tutan firmam\u0131z, hizmet oda\u011f\u0131na m\u00fc\u015fterilerinin taleplerini en do\u011fru \u015fekilde kar\u015f\u0131lamay\u0131 koymu\u015ftur. Bu sayede de m\u00fc\u015fterilerine en kaliteli hizmeti sunmaktad\u0131r.\n\nY\u00fcksek motivasyona sahip uzmanlardan kurulu ekibimiz; sizlere y\u00fcksek konforlu hizmet sunarken yat\u0131r\u0131m kararlar\u0131n\u0131z\u0131 en do\u011fru \u015fekilde alman\u0131za katk\u0131 sa\u011flamaktad\u0131r.<\/p>\n                            <\/div>\n            \t\t\t\t<\/div>\n\t\t\t\t<\/div>\n\t\t\t\t<div class=\"elementor-element elementor-element-b59559d elementor-widget elementor-widget-spacer\" data-id=\"b59559d\" data-element_type=\"widget\" data-widget_type=\"spacer.default\">\n\t\t\t\t<div class=\"elementor-widget-container\">\n\t\t\t\t\t\t\t<div class=\"elementor-spacer\">\n\t\t\t<div class=\"elementor-spacer-inner\"><\/div>\n\t\t<\/div>\n\t\t\t\t\t\t<\/div>\n\t\t\t\t<\/div>\n\t\t\t\t\t<\/div>\n\t\t<\/div>\n\t\t\t\t\t<\/div>\n\t\t<\/section>\n\t\t\t\t<section class=\"elementor-section elementor-top-section elementor-element elementor-element-37e5de8 elementor-section-boxed elementor-section-height-default elementor-section-height-default\" data-id=\"37e5de8\" data-element_type=\"section\">\n\t\t\t\t\t\t<div class=\"elementor-container elementor-column-gap-default\">\n\t\t\t\t\t<div class=\"elementor-column elementor-col-100 elementor-top-column elementor-element elementor-element-b3c212c\" data-id=\"b3c212c\" data-element_type=\"column\">\n\t\t\t<div class=\"elementor-widget-wrap elementor-element-populated\">\n\t\t\t\t\t\t<div class=\"elementor-element elementor-element-04da9bb animated-slow elementor-invisible elementor-widget elementor-widget-houzez_elementor_section_title\" data-id=\"04da9bb\" data-element_type=\"widget\" data-settings=\"{&quot;_animation&quot;:&quot;fadeIn&quot;}\" data-widget_type=\"houzez_elementor_section_title.default\">\n\t\t\t\t<div class=\"elementor-widget-container\">\n\t\t\t\t\t            <div class=\"houzez_section_title_wrap section-title-module\">\n                                    <h2 class=\"houzez_section_title\">Blog<\/h2>\n                \n                            <\/div>\n            \t\t\t\t<\/div>\n\t\t\t\t<\/div>\n\t\t\t\t<section class=\"elementor-section elementor-inner-section elementor-element elementor-element-1ee1e99 elementor-section-boxed elementor-section-height-default elementor-section-height-default\" data-id=\"1ee1e99\" data-element_type=\"section\">\n\t\t\t\t\t\t<div class=\"elementor-container elementor-column-gap-default\">\n\t\t\t\t\t<div class=\"elementor-column elementor-col-100 elementor-inner-column elementor-element elementor-element-2d41ad6\" data-id=\"2d41ad6\" data-element_type=\"column\">\n\t\t\t<div class=\"elementor-widget-wrap elementor-element-populated\">\n\t\t\t\t\t\t<div class=\"elementor-element elementor-element-b10f709 elementor-widget elementor-widget-houzez_elementor_blog_posts\" data-id=\"b10f709\" data-element_type=\"widget\" data-widget_type=\"houzez_elementor_blog_posts.default\">\n\t\t\t\t<div class=\"elementor-widget-container\">\n\t\t\t\t\t\n        <div class=\"blog-posts-module blog-posts-module-v1\">\n            <div class=\"row module-row\">\n                                    <div class=\"col-lg-3 col-md-6\">\n                        <div id=\"post-24347\" class=\"blog-post-item blog-post-item-v1 post-24347 post type-post status-publish format-standard has-post-thumbnail hentry category-pin-up category-things-to-do category-travel\">\n\t\n\t\t<div class=\"blog-post-thumb\">\n\t\t<a href=\"https:\/\/gocekrentals.com\/tr\/gocek-portville-rehberi\/\" class=\"hover-effect\">\n\t\t\t<img fetchpriority=\"high\" decoding=\"async\" width=\"592\" height=\"444\" src=\"https:\/\/gocekrentals.com\/wp-content\/uploads\/2026\/03\/DisGorunum-4-Custom-592x444.jpg\" class=\"img-fluid wp-post-image\" alt=\"Portville G\u00f6cek Kiral\u0131k Villa\" srcset=\"https:\/\/gocekrentals.com\/wp-content\/uploads\/2026\/03\/DisGorunum-4-Custom-592x444.jpg 592w, https:\/\/gocekrentals.com\/wp-content\/uploads\/2026\/03\/DisGorunum-4-Custom-584x438.jpg 584w, https:\/\/gocekrentals.com\/wp-content\/uploads\/2026\/03\/DisGorunum-4-Custom-120x90.jpg 120w\" sizes=\"(max-width: 592px) 100vw, 592px\" \/>\t\t<\/a>\n\t<\/div><!-- blog-post-thumb -->\n\t\n\t<div class=\"blog-post-content-wrap\">\n\t\t<div class=\"blog-post-meta\">\n\t\t\t<ul class=\"list-inline\">\n\t\t\t\t\n\t\t\t\t\n\t\t\t<\/ul>\n\t\t<\/div><!-- blog-post-meta -->\n\t\t<div class=\"blog-post-title\">\n\t\t\t<h3><a href=\"https:\/\/gocekrentals.com\/tr\/gocek-portville-rehberi\/\">G\u00f6cek Portville Rehberi<\/a><\/h3>\n\t\t<\/div><!-- blog-post-title -->\n\t\t<div class=\"blog-post-body\">\n\t\t\tG\u00f6cek Portville'i ke\u015ffedin: T\u00fcrkiye'nin Turkuaz K\u0131y\u0131s\u0131'nda l\u00fcks havuz kenar\u0131 ve kanal kenar\u0131 villalar\u0131. \u00d6zel iskeleler, dev havuzlar ve Akdeniz huzuru sizi bekliyor.\t\t<\/div><!-- blog-post-body -->\n\t\t<div class=\"blog-post-link\">\n\t\t\t<a href=\"https:\/\/gocekrentals.com\/tr\/gocek-portville-rehberi\/\">okumaya devam et<\/a>\n\t\t<\/div><!-- blog-post-link -->\n\t<\/div><!-- blog-post-content-wrap -->\n\t<\/div><!-- blog-post-item -->                    <\/div>\n                                    <div class=\"col-lg-3 col-md-6\">\n                        <div id=\"post-24306\" class=\"blog-post-item blog-post-item-v1 post-24306 post type-post status-publish format-standard has-post-thumbnail hentry category-travel\">\n\t\n\t\t<div class=\"blog-post-thumb\">\n\t\t<a href=\"https:\/\/gocekrentals.com\/tr\/3-gunluk-tatil-icin-nereye-gidilir\/\" class=\"hover-effect\">\n\t\t\t<img decoding=\"async\" width=\"592\" height=\"444\" src=\"https:\/\/gocekrentals.com\/wp-content\/uploads\/2025\/10\/shutterstock_2152219681-1-592x444.jpg\" class=\"img-fluid wp-post-image\" alt=\"3-Day Vacation\" srcset=\"https:\/\/gocekrentals.com\/wp-content\/uploads\/2025\/10\/shutterstock_2152219681-1-592x444.jpg 592w, https:\/\/gocekrentals.com\/wp-content\/uploads\/2025\/10\/shutterstock_2152219681-1-584x438.jpg 584w, https:\/\/gocekrentals.com\/wp-content\/uploads\/2025\/10\/shutterstock_2152219681-1-120x90.jpg 120w\" sizes=\"(max-width: 592px) 100vw, 592px\" \/>\t\t<\/a>\n\t<\/div><!-- blog-post-thumb -->\n\t\n\t<div class=\"blog-post-content-wrap\">\n\t\t<div class=\"blog-post-meta\">\n\t\t\t<ul class=\"list-inline\">\n\t\t\t\t\n\t\t\t\t\n\t\t\t<\/ul>\n\t\t<\/div><!-- blog-post-meta -->\n\t\t<div class=\"blog-post-title\">\n\t\t\t<h3><a href=\"https:\/\/gocekrentals.com\/tr\/3-gunluk-tatil-icin-nereye-gidilir\/\">3 G\u00fcnl\u00fck Tatil i\u00e7in Nereye Gidilir? H\u0131zl\u0131 Tatil \u00d6nerisi<\/a><\/h3>\n\t\t<\/div><!-- blog-post-title -->\n\t\t<div class=\"blog-post-body\">\n\t\t\tEver felt burnt out and in need of a mental reset? A 3-day vacation is just the thing to get you...\t\t<\/div><!-- blog-post-body -->\n\t\t<div class=\"blog-post-link\">\n\t\t\t<a href=\"https:\/\/gocekrentals.com\/tr\/3-gunluk-tatil-icin-nereye-gidilir\/\">okumaya devam et<\/a>\n\t\t<\/div><!-- blog-post-link -->\n\t<\/div><!-- blog-post-content-wrap -->\n\t<\/div><!-- blog-post-item -->                    <\/div>\n                                    <div class=\"col-lg-3 col-md-6\">\n                        <div id=\"post-24301\" class=\"blog-post-item blog-post-item-v1 post-24301 post type-post status-publish format-standard has-post-thumbnail hentry category-construction\">\n\t\n\t\t<div class=\"blog-post-thumb\">\n\t\t<a href=\"https:\/\/gocekrentals.com\/tr\/imarli-imarsiz-arsa-arasindaki-farklar\/\" class=\"hover-effect\">\n\t\t\t<img decoding=\"async\" width=\"592\" height=\"444\" src=\"https:\/\/gocekrentals.com\/wp-content\/uploads\/2025\/10\/shutterstock_724077532-1-592x444.jpg\" class=\"img-fluid wp-post-image\" alt=\"Zoned and Unzoned Land\" srcset=\"https:\/\/gocekrentals.com\/wp-content\/uploads\/2025\/10\/shutterstock_724077532-1-592x444.jpg 592w, https:\/\/gocekrentals.com\/wp-content\/uploads\/2025\/10\/shutterstock_724077532-1-584x438.jpg 584w, https:\/\/gocekrentals.com\/wp-content\/uploads\/2025\/10\/shutterstock_724077532-1-120x90.jpg 120w\" sizes=\"(max-width: 592px) 100vw, 592px\" \/>\t\t<\/a>\n\t<\/div><!-- blog-post-thumb -->\n\t\n\t<div class=\"blog-post-content-wrap\">\n\t\t<div class=\"blog-post-meta\">\n\t\t\t<ul class=\"list-inline\">\n\t\t\t\t\n\t\t\t\t\n\t\t\t<\/ul>\n\t\t<\/div><!-- blog-post-meta -->\n\t\t<div class=\"blog-post-title\">\n\t\t\t<h3><a href=\"https:\/\/gocekrentals.com\/tr\/imarli-imarsiz-arsa-arasindaki-farklar\/\">\u0130marl\u0131 Arsa Nedir? \u0130marl\u0131 ve \u0130mars\u0131z Arsa Aras\u0131ndaki Farklar<\/a><\/h3>\n\t\t<\/div><!-- blog-post-title -->\n\t\t<div class=\"blog-post-body\">\n\t\t\tBuying property in T\u00fcrkiye is popular among expats and individuals seeking to apply for Turkish...\t\t<\/div><!-- blog-post-body -->\n\t\t<div class=\"blog-post-link\">\n\t\t\t<a href=\"https:\/\/gocekrentals.com\/tr\/imarli-imarsiz-arsa-arasindaki-farklar\/\">okumaya devam et<\/a>\n\t\t<\/div><!-- blog-post-link -->\n\t<\/div><!-- blog-post-content-wrap -->\n\t<\/div><!-- blog-post-item -->                    <\/div>\n                                    <div class=\"col-lg-3 col-md-6\">\n                        <div id=\"post-24239\" class=\"blog-post-item blog-post-item-v1 post-24239 post type-post status-publish format-standard has-post-thumbnail hentry category-travel\">\n\t\n\t\t<div class=\"blog-post-thumb\">\n\t\t<a href=\"https:\/\/gocekrentals.com\/tr\/en-guzel-karavan-kamp-alanlari\/\" class=\"hover-effect\">\n\t\t\t<img loading=\"lazy\" decoding=\"async\" width=\"592\" height=\"444\" src=\"https:\/\/gocekrentals.com\/wp-content\/uploads\/2025\/09\/Caravan-Camping-1_1280x720-592x444.webp\" class=\"img-fluid wp-post-image\" alt=\"Caravan Camping\" srcset=\"https:\/\/gocekrentals.com\/wp-content\/uploads\/2025\/09\/Caravan-Camping-1_1280x720-592x444.webp 592w, https:\/\/gocekrentals.com\/wp-content\/uploads\/2025\/09\/Caravan-Camping-1_1280x720-584x438.webp 584w, https:\/\/gocekrentals.com\/wp-content\/uploads\/2025\/09\/Caravan-Camping-1_1280x720-120x90.webp 120w\" sizes=\"(max-width: 592px) 100vw, 592px\" \/>\t\t<\/a>\n\t<\/div><!-- blog-post-thumb -->\n\t\n\t<div class=\"blog-post-content-wrap\">\n\t\t<div class=\"blog-post-meta\">\n\t\t\t<ul class=\"list-inline\">\n\t\t\t\t\n\t\t\t\t\n\t\t\t<\/ul>\n\t\t<\/div><!-- blog-post-meta -->\n\t\t<div class=\"blog-post-title\">\n\t\t\t<h3><a href=\"https:\/\/gocekrentals.com\/tr\/en-guzel-karavan-kamp-alanlari\/\">En G\u00fczel Karavan Kamp Alanlar\u0131<\/a><\/h3>\n\t\t<\/div><!-- blog-post-title -->\n\t\t<div class=\"blog-post-body\">\n\t\t\tCaravan camping is the sweet spot between rugged outdoor living and modern convenience without...\t\t<\/div><!-- blog-post-body -->\n\t\t<div class=\"blog-post-link\">\n\t\t\t<a href=\"https:\/\/gocekrentals.com\/tr\/en-guzel-karavan-kamp-alanlari\/\">okumaya devam et<\/a>\n\t\t<\/div><!-- blog-post-link -->\n\t<\/div><!-- blog-post-content-wrap -->\n\t<\/div><!-- blog-post-item -->                    <\/div>\n                            <\/div>\n        <\/div>\n\n        \t\t\t\t<\/div>\n\t\t\t\t<\/div>\n\t\t\t\t\t<\/div>\n\t\t<\/div>\n\t\t\t\t\t<\/div>\n\t\t<\/section>\n\t\t\t\t<div class=\"elementor-element elementor-element-6649fbc elementor-widget elementor-widget-spacer\" data-id=\"6649fbc\" data-element_type=\"widget\" data-widget_type=\"spacer.default\">\n\t\t\t\t<div class=\"elementor-widget-container\">\n\t\t\t\t\t\t\t<div class=\"elementor-spacer\">\n\t\t\t<div class=\"elementor-spacer-inner\"><\/div>\n\t\t<\/div>\n\t\t\t\t\t\t<\/div>\n\t\t\t\t<\/div>\n\t\t\t\t\t<\/div>\n\t\t<\/div>\n\t\t\t\t\t<\/div>\n\t\t<\/section>\n\t\t\t\t<\/div>","protected":false},"excerpt":{"rendered":"<p>About Us Gocek Rentals is a leader vacation rentals company in Gocek, Turkey. As a full-service on-demand service fulfillment company, we provide world-class property, yachting, luxury concierge, capital management, investment and unique lifestyle management services. \u200bWith our dedicated team of specialists, we indulge our guests\u2019 demands right from the beginning to the very end of [&hellip;]<\/p>","protected":false},"author":2,"featured_media":0,"parent":0,"menu_order":0,"comment_status":"closed","ping_status":"closed","template":"template\/template-homepage.php","meta":{"footnotes":""},"class_list":["post-16650","page","type-page","status-publish","hentry"],"aioseo_notices":[],"_links":{"self":[{"href":"https:\/\/gocekrentals.com\/tr\/wp-json\/wp\/v2\/pages\/16650","targetHints":{"allow":["GET"]}}],"collection":[{"href":"https:\/\/gocekrentals.com\/tr\/wp-json\/wp\/v2\/pages"}],"about":[{"href":"https:\/\/gocekrentals.com\/tr\/wp-json\/wp\/v2\/types\/page"}],"author":[{"embeddable":true,"href":"https:\/\/gocekrentals.com\/tr\/wp-json\/wp\/v2\/users\/2"}],"replies":[{"embeddable":true,"href":"https:\/\/gocekrentals.com\/tr\/wp-json\/wp\/v2\/comments?post=16650"}],"version-history":[{"count":0,"href":"https:\/\/gocekrentals.com\/tr\/wp-json\/wp\/v2\/pages\/16650\/revisions"}],"wp:attachment":[{"href":"https:\/\/gocekrentals.com\/tr\/wp-json\/wp\/v2\/media?parent=16650"}],"curies":[{"name":"wp","href":"https:\/\/api.w.org\/{rel}","templated":true}]}}